{"id":135,"date":"2020-11-10T15:01:00","date_gmt":"2020-11-10T18:01:00","guid":{"rendered":"https:\/\/wprt.radatilly.gob.ar\/radatillycultura\/?page_id=135"},"modified":"2020-11-13T16:37:06","modified_gmt":"2020-11-13T19:37:06","slug":"museo-regional-archivo-historico","status":"publish","type":"page","link":"https:\/\/radatilly.gob.ar\/radatillycultura\/museo-regional-archivo-historico\/","title":{"rendered":"MUSEO REGIONAL \/ ARCHIVO HIST\u00d3RICO"},"content":{"rendered":"\t\t<div data-elementor-type=\"wp-page\" data-elementor-id=\"135\" class=\"elementor elementor-135\" data-elementor-settings=\"{&quot;ha_cmc_init_switcher&quot;:&quot;no&quot;}\" data-elementor-post-type=\"page\">\n\t\t\t\t\t\t<section class=\"elementor-section elementor-top-section elementor-element elementor-element-d43bb8a elementor-section-boxed elementor-section-height-default elementor-section-height-default wpr-particle-no wpr-jarallax-no wpr-parallax-no wpr-sticky-section-no\" data-id=\"d43bb8a\" data-element_type=\"section\" data-e-type=\"section\" data-settings=\"{&quot;_ha_eqh_enable&quot;:false}\">\n\t\t\t\t\t\t<div class=\"elementor-container elementor-column-gap-default\">\n\t\t\t\t\t<div class=\"elementor-column elementor-col-100 elementor-top-column elementor-element elementor-element-ac78d25\" data-id=\"ac78d25\" data-element_type=\"column\" data-e-type=\"column\" data-settings=\"{&quot;background_background&quot;:&quot;slideshow&quot;,&quot;background_slideshow_gallery&quot;:[{&quot;id&quot;:756,&quot;url&quot;:&quot;https:\\\/\\\/radatilly.gob.ar\\\/radatillycultura\\\/wp-content\\\/uploads\\\/sites\\\/8\\\/2020\\\/11\\\/human-2944064_1280.jpg&quot;},{&quot;id&quot;:755,&quot;url&quot;:&quot;https:\\\/\\\/radatilly.gob.ar\\\/radatillycultura\\\/wp-content\\\/uploads\\\/sites\\\/8\\\/2020\\\/11\\\/exhibition-362163_1280.jpg&quot;},{&quot;id&quot;:754,&quot;url&quot;:&quot;https:\\\/\\\/radatilly.gob.ar\\\/radatillycultura\\\/wp-content\\\/uploads\\\/sites\\\/8\\\/2020\\\/11\\\/art-2571027_1280.jpg&quot;},{&quot;id&quot;:757,&quot;url&quot;:&quot;https:\\\/\\\/radatilly.gob.ar\\\/radatillycultura\\\/wp-content\\\/uploads\\\/sites\\\/8\\\/2020\\\/11\\\/sculpture-1225487_1280.jpg&quot;}],&quot;background_slideshow_transition_duration&quot;:600,&quot;background_slideshow_ken_burns&quot;:&quot;yes&quot;,&quot;background_slideshow_loop&quot;:&quot;yes&quot;,&quot;background_slideshow_slide_duration&quot;:5000,&quot;background_slideshow_slide_transition&quot;:&quot;fade&quot;,&quot;background_slideshow_ken_burns_zoom_direction&quot;:&quot;in&quot;}\">\n\t\t\t<div class=\"elementor-widget-wrap elementor-element-populated\">\n\t\t\t\t\t<div class=\"elementor-background-overlay\"><\/div>\n\t\t\t\t\t\t<div class=\"elementor-element elementor-element-9aaa884 elementor-widget elementor-widget-heading\" data-id=\"9aaa884\" data-element_type=\"widget\" data-e-type=\"widget\" data-widget_type=\"heading.default\">\n\t\t\t\t<div class=\"elementor-widget-container\">\n\t\t\t\t\t<h2 class=\"elementor-heading-title elementor-size-default\">MUSEO REGIONAL \/ ARCHIVO HIST\u00d3RICO<\/h2>\t\t\t\t<\/div>\n\t\t\t\t<\/div>\n\t\t\t\t\t<\/div>\n\t\t<\/div>\n\t\t\t\t\t<\/div>\n\t\t<\/section>\n\t\t\t\t<section class=\"elementor-section elementor-top-section elementor-element elementor-element-1f8d289 elementor-section-boxed elementor-section-height-default elementor-section-height-default wpr-particle-no wpr-jarallax-no wpr-parallax-no wpr-sticky-section-no\" data-id=\"1f8d289\" data-element_type=\"section\" data-e-type=\"section\" data-settings=\"{&quot;_ha_eqh_enable&quot;:false}\">\n\t\t\t\t\t\t<div class=\"elementor-container elementor-column-gap-default\">\n\t\t\t\t\t<div class=\"elementor-column elementor-col-50 elementor-top-column elementor-element elementor-element-c0dd8a1\" data-id=\"c0dd8a1\" data-element_type=\"column\" data-e-type=\"column\">\n\t\t\t<div class=\"elementor-widget-wrap elementor-element-populated\">\n\t\t\t\t\t\t<div class=\"elementor-element elementor-element-df9725f elementor-widget elementor-widget-image\" data-id=\"df9725f\" data-element_type=\"widget\" data-e-type=\"widget\" data-widget_type=\"image.default\">\n\t\t\t\t<div class=\"elementor-widget-container\">\n\t\t\t\t\t\t\t\t\t\t\t\t\t\t\t<img fetchpriority=\"high\" decoding=\"async\" width=\"580\" height=\"751\" src=\"https:\/\/radatilly.gob.ar\/radatillycultura\/wp-content\/uploads\/sites\/8\/2020\/11\/bird-681865_1280.jpg\" class=\"attachment-large size-large wp-image-815\" alt=\"\" srcset=\"https:\/\/radatilly.gob.ar\/radatillycultura\/wp-content\/uploads\/sites\/8\/2020\/11\/bird-681865_1280.jpg 600w, https:\/\/radatilly.gob.ar\/radatillycultura\/wp-content\/uploads\/sites\/8\/2020\/11\/bird-681865_1280-232x300.jpg 232w\" sizes=\"(max-width: 580px) 100vw, 580px\" \/>\t\t\t\t\t\t\t\t\t\t\t\t\t\t\t<\/div>\n\t\t\t\t<\/div>\n\t\t\t\t\t<\/div>\n\t\t<\/div>\n\t\t\t\t<div class=\"elementor-column elementor-col-50 elementor-top-column elementor-element elementor-element-64ce217\" data-id=\"64ce217\" data-element_type=\"column\" data-e-type=\"column\">\n\t\t\t<div class=\"elementor-widget-wrap elementor-element-populated\">\n\t\t\t\t\t\t<div class=\"elementor-element elementor-element-80585d9 elementor-widget elementor-widget-text-editor\" data-id=\"80585d9\" data-element_type=\"widget\" data-e-type=\"widget\" data-widget_type=\"text-editor.default\">\n\t\t\t\t<div class=\"elementor-widget-container\">\n\t\t\t\t\t\t\t\t\t<p>El Museo Regional Rada Tilly recibe visitantes de todas las edades durante los fines de semana m\u00e1s vecinos y viajeros y en d\u00edas de semana grupos de alumnos de todos los niveles de ense\u00f1anza, siendo tambi\u00e9n un foco de atenci\u00f3n en la formaci\u00f3n de estudiantes de las carreras de turismo universitarios. Desde su fundaci\u00f3n en el a\u00f1o 1987, resguarda el patrimonio regional y la historia de los primeros moradores de esta inh\u00f3spita regi\u00f3n, como as\u00ed tambi\u00e9n la representaci\u00f3n de la flora y fauna aut\u00f3ctona de la estepa patag\u00f3nica, a trav\u00e9s de un peque\u00f1o recorrido que invita a transportarse en el tiempo<\/p><p>Entre sus principales atractivos el Museo Regional Rada Tilly cuenta con informaci\u00f3n de Paleontolog\u00eda, Arqueolog\u00eda y Etnohistoria y cuenta con un sector\u00a0 que recrea los ecosistemas marino y terrestre en la actualidad, con el ambiente natural de la costa y la meseta austral.<\/p><p>Siguiendo un recorrido auto-guiado, el visitante inicia su viaje al pasado a trav\u00e9s de una colecci\u00f3n de f\u00f3siles pertenecientes a distintas eras geol\u00f3gicas y contin\u00faa en la sala arqueol\u00f3gica con piezas de m\u00e1s de 13.000 a\u00f1os de antig\u00fcedad, que fueron encontradas en la zona y pertenecen a grupos de cazadores-recolectores que poblaron el suelo patag\u00f3nico.<\/p>\t\t\t\t\t\t\t\t<\/div>\n\t\t\t\t<\/div>\n\t\t\t\t<div class=\"elementor-element elementor-element-59f7371 elementor-hidden-desktop elementor-widget elementor-widget-text-editor\" data-id=\"59f7371\" data-element_type=\"widget\" data-e-type=\"widget\" data-widget_type=\"text-editor.default\">\n\t\t\t\t<div class=\"elementor-widget-container\">\n\t\t\t\t\t\t\t\t\t<p>En el mismo predio, funciona el <strong>Archivo Hist\u00f3rico,<\/strong> en el que se clasifican y conservan fotograf\u00edas y documentos vinculados con la historia de la comunidad con material recopilado y registrado por el personal del archivo o donado por las familias\u00a0 cuando constituyen inter\u00e9s\u00a0 para la ciudad. Cuenta con fotograf\u00edas de la ciudad y su evoluci\u00f3n desde las d\u00e9cadas del 50 en adelante, diversos festejos de la comunidad a trav\u00e9s de los a\u00f1os, entre los que se destaca la informaci\u00f3n pormenorizada de los carnavales de la d\u00e9cada del setenta, documentaci\u00f3n institucional, entrevistas a pobladores entre otros datos de inter\u00e9s. El Archivo, en constante formaci\u00f3n, se ha dado a conocer como base de muestras tem\u00e1ticas y en diferentes formatos, videos, muestras fotogr\u00e1ficas \u00a0y tambi\u00e9n como base de documentaci\u00f3n para diversas tesis de investigaci\u00f3n.<\/p>\t\t\t\t\t\t\t\t<\/div>\n\t\t\t\t<\/div>\n\t\t\t\t<div class=\"elementor-element elementor-element-f945098 elementor-hidden-tablet elementor-hidden-phone elementor-widget elementor-widget-toggle\" data-id=\"f945098\" data-element_type=\"widget\" data-e-type=\"widget\" data-widget_type=\"toggle.default\">\n\t\t\t\t<div class=\"elementor-widget-container\">\n\t\t\t\t\t\t\t<div class=\"elementor-toggle\">\n\t\t\t\t\t\t\t<div class=\"elementor-toggle-item\">\n\t\t\t\t\t<div id=\"elementor-tab-title-2611\" class=\"elementor-tab-title\" data-tab=\"1\" role=\"button\" aria-controls=\"elementor-tab-content-2611\" aria-expanded=\"false\">\n\t\t\t\t\t\t\t\t\t\t\t\t<span class=\"elementor-toggle-icon elementor-toggle-icon-left\" aria-hidden=\"true\">\n\t\t\t\t\t\t\t\t\t\t\t\t\t\t\t<span class=\"elementor-toggle-icon-closed\"><i class=\"fas fa-caret-right\"><\/i><\/span>\n\t\t\t\t\t\t\t\t<span class=\"elementor-toggle-icon-opened\"><i class=\"elementor-toggle-icon-opened fas fa-caret-up\"><\/i><\/span>\n\t\t\t\t\t\t\t\t\t\t\t\t\t<\/span>\n\t\t\t\t\t\t\t\t\t\t\t\t<a class=\"elementor-toggle-title\" tabindex=\"0\">Leer M\u00e1s<\/a>\n\t\t\t\t\t<\/div>\n\n\t\t\t\t\t<div id=\"elementor-tab-content-2611\" class=\"elementor-tab-content elementor-clearfix\" data-tab=\"1\" role=\"region\" aria-labelledby=\"elementor-tab-title-2611\"><p>En el mismo predio, funciona el <strong>Archivo Hist\u00f3rico,<\/strong> en el que se clasifican y conservan fotograf\u00edas y documentos vinculados con la historia de la comunidad con material recopilado y registrado por el personal del archivo o donado por las familias\u00a0 cuando constituyen inter\u00e9s\u00a0 para la ciudad. Cuenta con fotograf\u00edas de la ciudad y su evoluci\u00f3n desde las d\u00e9cadas del 50 en adelante, diversos festejos de la comunidad a trav\u00e9s de los a\u00f1os, entre los que se destaca la informaci\u00f3n pormenorizada de los carnavales de la d\u00e9cada del setenta, documentaci\u00f3n institucional, entrevistas a pobladores entre otros datos de inter\u00e9s. El Archivo, en constante formaci\u00f3n, se ha dado a conocer como base de muestras tem\u00e1ticas y en diferentes formatos, videos, muestras fotogr\u00e1ficas \u00a0y tambi\u00e9n como base de documentaci\u00f3n para diversas tesis de investigaci\u00f3n.<\/p><\/div>\n\t\t\t\t<\/div>\n\t\t\t\t\t\t\t\t<\/div>\n\t\t\t\t\t\t<\/div>\n\t\t\t\t<\/div>\n\t\t\t\t\t<\/div>\n\t\t<\/div>\n\t\t\t\t\t<\/div>\n\t\t<\/section>\n\t\t\t\t<section class=\"elementor-section elementor-top-section elementor-element elementor-element-3b3bb0d elementor-section-boxed elementor-section-height-default elementor-section-height-default wpr-particle-no wpr-jarallax-no wpr-parallax-no wpr-sticky-section-no\" data-id=\"3b3bb0d\" data-element_type=\"section\" data-e-type=\"section\" data-settings=\"{&quot;_ha_eqh_enable&quot;:false}\">\n\t\t\t\t\t\t<div class=\"elementor-container elementor-column-gap-default\">\n\t\t\t\t\t<div class=\"elementor-column elementor-col-100 elementor-top-column elementor-element elementor-element-084db46\" data-id=\"084db46\" data-element_type=\"column\" data-e-type=\"column\">\n\t\t\t<div class=\"elementor-widget-wrap elementor-element-populated\">\n\t\t\t\t\t\t<div class=\"elementor-element elementor-element-62b4db6 elementor-widget elementor-widget-heading\" data-id=\"62b4db6\" data-element_type=\"widget\" data-e-type=\"widget\" data-widget_type=\"heading.default\">\n\t\t\t\t<div class=\"elementor-widget-container\">\n\t\t\t\t\t<h2 class=\"elementor-heading-title elementor-size-default\">informaci\u00f3n \u00fatil<\/h2>\t\t\t\t<\/div>\n\t\t\t\t<\/div>\n\t\t\t\t\t<\/div>\n\t\t<\/div>\n\t\t\t\t\t<\/div>\n\t\t<\/section>\n\t\t\t\t<section class=\"elementor-section elementor-top-section elementor-element elementor-element-f6f5a7e elementor-section-boxed elementor-section-height-default elementor-section-height-default wpr-particle-no wpr-jarallax-no wpr-parallax-no wpr-sticky-section-no\" data-id=\"f6f5a7e\" data-element_type=\"section\" data-e-type=\"section\" data-settings=\"{&quot;_ha_eqh_enable&quot;:false}\">\n\t\t\t\t\t\t<div class=\"elementor-container elementor-column-gap-default\">\n\t\t\t\t\t<div class=\"elementor-column elementor-col-100 elementor-top-column elementor-element elementor-element-a4f1569\" data-id=\"a4f1569\" data-element_type=\"column\" data-e-type=\"column\">\n\t\t\t<div class=\"elementor-widget-wrap elementor-element-populated\">\n\t\t\t\t\t\t<div class=\"elementor-element elementor-element-896233b elementor-widget elementor-widget-text-editor\" data-id=\"896233b\" data-element_type=\"widget\" data-e-type=\"widget\" data-widget_type=\"text-editor.default\">\n\t\t\t\t<div class=\"elementor-widget-container\">\n\t\t\t\t\t\t\t\t\t<p>Las visitas escolares y de colonias se realizan \u00fanicamente con solicitud previa por nota escrita. El valor de la entrada es de 36 pesos por persona, exceptuando las visitas de Instituciones Educativas, Colonias, Menores, Jubilados y residentes de Rada Tilly.<\/p>\t\t\t\t\t\t\t\t<\/div>\n\t\t\t\t<\/div>\n\t\t\t\t<div class=\"elementor-element elementor-element-44fe9e1 elementor-widget elementor-widget-heading\" data-id=\"44fe9e1\" data-element_type=\"widget\" data-e-type=\"widget\" data-widget_type=\"heading.default\">\n\t\t\t\t<div class=\"elementor-widget-container\">\n\t\t\t\t\t<h2 class=\"elementor-heading-title elementor-size-default\">\u00bfC\u00f3mo llegar?<\/h2>\t\t\t\t<\/div>\n\t\t\t\t<\/div>\n\t\t\t\t<div class=\"elementor-element elementor-element-83cb2f2 elementor-widget elementor-widget-text-editor\" data-id=\"83cb2f2\" data-element_type=\"widget\" data-e-type=\"widget\" data-widget_type=\"text-editor.default\">\n\t\t\t\t<div class=\"elementor-widget-container\">\n\t\t\t\t\t\t\t\t\t<p>El Museo Regional Rada Tilly y el Archivo HIst\u00f3rico se encuentran en la calle Combate Naval de Mart\u00edn Garc\u00eda N\u00ba 176, entre las Avdas. Capit\u00e1n Fragata Moyano y Tte. Cnel. Piedra Buena.<br \/>Tel\u00e9fono: <a href=\"tel:02974451598\">445-1598<\/a><\/p>\t\t\t\t\t\t\t\t<\/div>\n\t\t\t\t<\/div>\n\t\t\t\t\t<\/div>\n\t\t<\/div>\n\t\t\t\t\t<\/div>\n\t\t<\/section>\n\t\t\t\t<\/div>\n\t\t","protected":false},"excerpt":{"rendered":"<p>MUSEO REGIONAL \/ ARCHIVO HIST\u00d3RICO El Museo Regional Rada Tilly recibe visitantes de todas las edades durante los fines de semana m\u00e1s vecinos y viajeros y en d\u00edas de semana grupos de alumnos de todos los niveles de ense\u00f1anza, siendo tambi\u00e9n un foco de atenci\u00f3n en la formaci\u00f3n de estudiantes de las carreras de turismo universitarios. Desde su fundaci\u00f3n en el a\u00f1o 1987, resguarda el patrimonio regional y la historia de los primeros moradores de esta inh\u00f3spita regi\u00f3n, como as\u00ed tambi\u00e9n la representaci\u00f3n de la flora y fauna aut\u00f3ctona de la estepa patag\u00f3nica, a trav\u00e9s de un peque\u00f1o recorrido que invita a transportarse en el tiempo Entre sus principales atractivos el Museo Regional Rada Tilly cuenta con informaci\u00f3n de Paleontolog\u00eda, Arqueolog\u00eda y Etnohistoria y cuenta con un sector\u00a0 que recrea los ecosistemas marino y terrestre en la actualidad, con el ambiente natural de la costa y la meseta austral. Siguiendo un recorrido auto-guiado, el visitante inicia su viaje al pasado a trav\u00e9s de una colecci\u00f3n de f\u00f3siles pertenecientes a distintas eras geol\u00f3gicas y contin\u00faa en la sala arqueol\u00f3gica con piezas de m\u00e1s de 13.000 a\u00f1os de antig\u00fcedad, que fueron encontradas en la zona y pertenecen a grupos de cazadores-recolectores que poblaron el suelo patag\u00f3nico. En el mismo predio, funciona el Archivo Hist\u00f3rico, en el que se clasifican y conservan fotograf\u00edas y documentos vinculados con la historia de la comunidad con material recopilado y registrado por el personal del archivo o donado por las familias\u00a0 cuando constituyen inter\u00e9s\u00a0 para la ciudad. Cuenta con fotograf\u00edas de la ciudad y su evoluci\u00f3n desde las d\u00e9cadas del 50 en adelante, diversos festejos de la comunidad a trav\u00e9s de los a\u00f1os, entre los que se destaca la informaci\u00f3n pormenorizada de los carnavales de la d\u00e9cada del setenta, documentaci\u00f3n institucional, entrevistas a pobladores entre otros datos de inter\u00e9s. El Archivo, en constante formaci\u00f3n, se ha dado a conocer como base de muestras tem\u00e1ticas y en diferentes formatos, videos, muestras fotogr\u00e1ficas \u00a0y tambi\u00e9n como base de documentaci\u00f3n para diversas tesis de investigaci\u00f3n. Leer M\u00e1s En el mismo predio, funciona el Archivo Hist\u00f3rico, en el que se clasifican y conservan fotograf\u00edas y documentos vinculados con la historia de la comunidad con material recopilado y registrado por el personal del archivo o donado por las familias\u00a0 cuando constituyen inter\u00e9s\u00a0 para la ciudad. Cuenta con fotograf\u00edas de la ciudad y su evoluci\u00f3n desde las d\u00e9cadas del 50 en adelante, diversos festejos de la comunidad a trav\u00e9s de los a\u00f1os, entre los que se destaca la informaci\u00f3n pormenorizada de los carnavales de la d\u00e9cada del setenta, documentaci\u00f3n institucional, entrevistas a pobladores entre otros datos de inter\u00e9s. El Archivo, en constante formaci\u00f3n, se ha dado a conocer como base de muestras tem\u00e1ticas y en diferentes formatos, videos, muestras fotogr\u00e1ficas \u00a0y tambi\u00e9n como base de documentaci\u00f3n para diversas tesis de investigaci\u00f3n. informaci\u00f3n \u00fatil Las visitas escolares y de colonias se realizan \u00fanicamente con solicitud previa por nota escrita. El valor de la entrada es de 36 pesos por persona, exceptuando las visitas de Instituciones Educativas, Colonias, Menores, Jubilados y residentes de Rada Tilly. \u00bfC\u00f3mo llegar? El Museo Regional Rada Tilly y el Archivo HIst\u00f3rico se encuentran en la calle Combate Naval de Mart\u00edn Garc\u00eda N\u00ba 176, entre las Avdas. Capit\u00e1n Fragata Moyano y Tte. Cnel. Piedra Buena.Tel\u00e9fono: 445-1598<\/p>\n","protected":false},"author":1,"featured_media":0,"parent":0,"menu_order":0,"comment_status":"closed","ping_status":"closed","template":"elementor_header_footer","meta":{"footnotes":""},"class_list":["post-135","page","type-page","status-publish","hentry"],"_links":{"self":[{"href":"https:\/\/radatilly.gob.ar\/radatillycultura\/wp-json\/wp\/v2\/pages\/135","targetHints":{"allow":["GET"]}}],"collection":[{"href":"https:\/\/radatilly.gob.ar\/radatillycultura\/wp-json\/wp\/v2\/pages"}],"about":[{"href":"https:\/\/radatilly.gob.ar\/radatillycultura\/wp-json\/wp\/v2\/types\/page"}],"author":[{"embeddable":true,"href":"https:\/\/radatilly.gob.ar\/radatillycultura\/wp-json\/wp\/v2\/users\/1"}],"replies":[{"embeddable":true,"href":"https:\/\/radatilly.gob.ar\/radatillycultura\/wp-json\/wp\/v2\/comments?post=135"}],"version-history":[{"count":5,"href":"https:\/\/radatilly.gob.ar\/radatillycultura\/wp-json\/wp\/v2\/pages\/135\/revisions"}],"predecessor-version":[{"id":938,"href":"https:\/\/radatilly.gob.ar\/radatillycultura\/wp-json\/wp\/v2\/pages\/135\/revisions\/938"}],"wp:attachment":[{"href":"https:\/\/radatilly.gob.ar\/radatillycultura\/wp-json\/wp\/v2\/media?parent=135"}],"curies":[{"name":"wp","href":"https:\/\/api.w.org\/{rel}","templated":true}]}}