{"id":2,"date":"2020-11-02T09:20:03","date_gmt":"2020-11-02T12:20:03","guid":{"rendered":"https:\/\/wprt.radatilly.gob.ar\/medioambiente\/?page_id=2"},"modified":"2020-11-30T09:22:11","modified_gmt":"2020-11-30T12:22:11","slug":"compostaje","status":"publish","type":"page","link":"https:\/\/radatilly.gob.ar\/medioambiente\/compostaje\/","title":{"rendered":"COMPOSTAJE"},"content":{"rendered":"\t\t<div data-elementor-type=\"wp-page\" data-elementor-id=\"2\" class=\"elementor elementor-2\" data-elementor-settings=\"{&quot;ha_cmc_init_switcher&quot;:&quot;no&quot;}\" data-elementor-post-type=\"page\">\n\t\t\t\t\t\t<section class=\"elementor-section elementor-top-section elementor-element elementor-element-314d9e6 elementor-section-boxed elementor-section-height-default elementor-section-height-default wpr-particle-no wpr-jarallax-no wpr-parallax-no wpr-sticky-section-no\" data-id=\"314d9e6\" data-element_type=\"section\" data-e-type=\"section\" data-settings=\"{&quot;_ha_eqh_enable&quot;:false}\">\n\t\t\t\t\t\t\t<div class=\"elementor-background-overlay\"><\/div>\n\t\t\t\t\t\t\t<div class=\"elementor-container elementor-column-gap-default\">\n\t\t\t\t\t<div class=\"elementor-column elementor-col-50 elementor-top-column elementor-element elementor-element-4dc321a elementor-hidden-phone\" data-id=\"4dc321a\" data-element_type=\"column\" data-e-type=\"column\">\n\t\t\t<div class=\"elementor-widget-wrap elementor-element-populated\">\n\t\t\t\t\t\t<div class=\"elementor-element elementor-element-ef6fd6f elementor-widget elementor-widget-text-editor\" data-id=\"ef6fd6f\" data-element_type=\"widget\" data-e-type=\"widget\" data-widget_type=\"text-editor.default\">\n\t\t\t\t<div class=\"elementor-widget-container\">\n\t\t\t\t\t\t\t\t\t<p>Compostar tus residuos org\u00e1nicos es contribuir a la salud de la biosfera.<\/p>\n<p>Cuando sac\u00e1s la bolsa de residuos con material potencialmente compostable, est\u00e1s confinando un recurso muy valioso y transform\u00e1ndolo en un contribuyente al efecto invernadero, ya que los rellenos sanitarios generan gases de efecto invernadero, e impiden aprovechar los pl\u00e1sticos, metales y vidrios, cuando estas fracciones no se separan.<\/p>\n<p>En Rada Tilly muchos vecinos compostan sus residuos org\u00e1nicos y utilizan este valioso recurso para abonar y fertilizar sus plantas y cultivos. Anualmente coordinamos capacitaciones con INTA para sumar m\u00e1s interesados.<\/p>\n<p>Entre los proyectos especiales de la DIRECCION DE AMBIENTE MUNICIPAL trabajamos en la concreci\u00f3n de la COMPOSTERA MUNICIPAL, la cual permitir\u00e1 compostar los residuos org\u00e1nicos generados en la ciudad y aprovechar este recurso para el mantenimiento de los espacios verdes, forestaci\u00f3n y un programa de compostaje comunitario<\/p>\n<p>Sumate al compostaje domiciliario, es muy simple y muy valioso.<\/p>\t\t\t\t\t\t\t\t<\/div>\n\t\t\t\t<\/div>\n\t\t\t\t\t<\/div>\n\t\t<\/div>\n\t\t\t\t<div class=\"elementor-column elementor-col-50 elementor-top-column elementor-element elementor-element-2613051 elementor-hidden-phone\" data-id=\"2613051\" data-element_type=\"column\" data-e-type=\"column\">\n\t\t\t<div class=\"elementor-widget-wrap elementor-element-populated\">\n\t\t\t\t\t\t<div class=\"elementor-element elementor-element-b4d20e3 elementor-widget elementor-widget-heading\" data-id=\"b4d20e3\" data-element_type=\"widget\" data-e-type=\"widget\" data-widget_type=\"heading.default\">\n\t\t\t\t<div class=\"elementor-widget-container\">\n\t\t\t\t\t<h2 class=\"elementor-heading-title elementor-size-default\">RADA<\/h2>\t\t\t\t<\/div>\n\t\t\t\t<\/div>\n\t\t\t\t<div class=\"elementor-element elementor-element-e70af65 elementor-widget elementor-widget-heading\" data-id=\"e70af65\" data-element_type=\"widget\" data-e-type=\"widget\" data-widget_type=\"heading.default\">\n\t\t\t\t<div class=\"elementor-widget-container\">\n\t\t\t\t\t<h2 class=\"elementor-heading-title elementor-size-default\">TILLY<\/h2>\t\t\t\t<\/div>\n\t\t\t\t<\/div>\n\t\t\t\t<div class=\"elementor-element elementor-element-f210c64 elementor-widget elementor-widget-heading\" data-id=\"f210c64\" data-element_type=\"widget\" data-e-type=\"widget\" data-widget_type=\"heading.default\">\n\t\t\t\t<div class=\"elementor-widget-container\">\n\t\t\t\t\t<h2 class=\"elementor-heading-title elementor-size-default\">COMPOSTA<\/h2>\t\t\t\t<\/div>\n\t\t\t\t<\/div>\n\t\t\t\t\t<\/div>\n\t\t<\/div>\n\t\t\t\t\t<\/div>\n\t\t<\/section>\n\t\t\t\t<section class=\"elementor-section elementor-top-section elementor-element elementor-element-8040e1e elementor-hidden-desktop elementor-hidden-tablet elementor-section-boxed elementor-section-height-default elementor-section-height-default wpr-particle-no wpr-jarallax-no wpr-parallax-no wpr-sticky-section-no\" data-id=\"8040e1e\" data-element_type=\"section\" data-e-type=\"section\" data-settings=\"{&quot;_ha_eqh_enable&quot;:false}\">\n\t\t\t\t\t\t\t<div class=\"elementor-background-overlay\"><\/div>\n\t\t\t\t\t\t\t<div class=\"elementor-container elementor-column-gap-default\">\n\t\t\t\t\t<div class=\"elementor-column elementor-col-100 elementor-top-column elementor-element elementor-element-c14e2fb\" data-id=\"c14e2fb\" data-element_type=\"column\" data-e-type=\"column\">\n\t\t\t<div class=\"elementor-widget-wrap elementor-element-populated\">\n\t\t\t\t\t\t<div class=\"elementor-element elementor-element-b4a94fa elementor-widget elementor-widget-heading\" data-id=\"b4a94fa\" data-element_type=\"widget\" data-e-type=\"widget\" data-widget_type=\"heading.default\">\n\t\t\t\t<div class=\"elementor-widget-container\">\n\t\t\t\t\t<h2 class=\"elementor-heading-title elementor-size-default\">Rada Tilly Composta<\/h2>\t\t\t\t<\/div>\n\t\t\t\t<\/div>\n\t\t\t\t\t<\/div>\n\t\t<\/div>\n\t\t\t\t\t<\/div>\n\t\t<\/section>\n\t\t\t\t<section class=\"elementor-section elementor-top-section elementor-element elementor-element-d9d5c16 elementor-hidden-desktop elementor-hidden-tablet elementor-section-boxed elementor-section-height-default elementor-section-height-default wpr-particle-no wpr-jarallax-no wpr-parallax-no wpr-sticky-section-no\" data-id=\"d9d5c16\" data-element_type=\"section\" data-e-type=\"section\" data-settings=\"{&quot;background_motion_fx_translateY_effect&quot;:&quot;yes&quot;,&quot;background_motion_fx_translateY_speed&quot;:{&quot;unit&quot;:&quot;px&quot;,&quot;size&quot;:6,&quot;sizes&quot;:[]},&quot;background_motion_fx_translateY_affectedRange&quot;:{&quot;unit&quot;:&quot;%&quot;,&quot;size&quot;:&quot;&quot;,&quot;sizes&quot;:{&quot;start&quot;:56,&quot;end&quot;:100}},&quot;background_motion_fx_devices&quot;:[&quot;desktop&quot;,&quot;tablet&quot;,&quot;mobile&quot;],&quot;_ha_eqh_enable&quot;:false}\">\n\t\t\t\t\t\t<div class=\"elementor-container elementor-column-gap-default\">\n\t\t\t\t\t<div class=\"elementor-column elementor-col-100 elementor-top-column elementor-element elementor-element-2abbe3b\" data-id=\"2abbe3b\" data-element_type=\"column\" data-e-type=\"column\">\n\t\t\t<div class=\"elementor-widget-wrap elementor-element-populated\">\n\t\t\t\t\t\t<div class=\"elementor-element elementor-element-fb3ea41 elementor-widget elementor-widget-text-editor\" data-id=\"fb3ea41\" data-element_type=\"widget\" data-e-type=\"widget\" data-widget_type=\"text-editor.default\">\n\t\t\t\t<div class=\"elementor-widget-container\">\n\t\t\t\t\t\t\t\t\t<p>Rada TIlly composta: compostar tus residuos org\u00e1nicos es contribuir a la salud de la biosfera.<\/p>\n<p>Cuando sac\u00e1s la bolsa de residuos con material potencialmente compostable, est\u00e1s confinando un recurso muy valioso y transform\u00e1ndolo en un contribuyente al efecto invernadero, ya que los rellenos sanitarios generan gases de efecto invernadero, e impiden aprovechar los pl\u00e1sticos, metales y vidrios, cuando estas fracciones no se separan.<\/p>\n<p>En Rada Tilly muchos vecinos compostan sus residuos org\u00e1nicos y utilizan este valioso recurso para abonar y fertilizar sus plantas y cultivos. Anualmente coordinamos capacitaciones con INTA para sumar m\u00e1s interesados.<\/p>\n<p>Entre los proyectos especiales de la DIRECCION DE AMBIENTE MUNICIPAL trabajamos en la concreci\u00f3n de la COMPOSTERA MUNICIPAL, la cual permitir\u00e1 compostar los residuos org\u00e1nicos generados en la ciudad y aprovechar este recurso para el mantenimiento de los espacios verdes, forestaci\u00f3n y un programa de compostaje comunitario<\/p>\n<p>Sumate al compostaje domiciliario, es muy simple y muy valioso.<\/p>\t\t\t\t\t\t\t\t<\/div>\n\t\t\t\t<\/div>\n\t\t\t\t\t<\/div>\n\t\t<\/div>\n\t\t\t\t\t<\/div>\n\t\t<\/section>\n\t\t\t\t<section class=\"elementor-section elementor-top-section elementor-element elementor-element-f2a0c0f elementor-section-boxed elementor-section-height-default elementor-section-height-default wpr-particle-no wpr-jarallax-no wpr-parallax-no wpr-sticky-section-no\" data-id=\"f2a0c0f\" data-element_type=\"section\" data-e-type=\"section\" data-settings=\"{&quot;_ha_eqh_enable&quot;:false}\">\n\t\t\t\t\t\t<div class=\"elementor-container elementor-column-gap-default\">\n\t\t\t\t\t<div class=\"elementor-column elementor-col-100 elementor-top-column elementor-element elementor-element-02f8647\" data-id=\"02f8647\" data-element_type=\"column\" data-e-type=\"column\">\n\t\t\t<div class=\"elementor-widget-wrap elementor-element-populated\">\n\t\t\t\t\t\t<div class=\"elementor-element elementor-element-a2d88aa elementor-widget elementor-widget-testimonial\" data-id=\"a2d88aa\" data-element_type=\"widget\" data-e-type=\"widget\" data-widget_type=\"testimonial.default\">\n\t\t\t\t<div class=\"elementor-widget-container\">\n\t\t\t\t\t\t\t<div class=\"elementor-testimonial-wrapper\">\n\t\t\t\t\t\t\t<div class=\"elementor-testimonial-content\">Red de compostaje, la mayor comunidad de compostaje de Argentina, donde encontrar\u00e1s todos los recursos para sumarte a este movimiento.\n\n<\/div>\n\t\t\t\n\t\t\t\t\t\t<div class=\"elementor-testimonial-meta elementor-has-image elementor-testimonial-image-position-aside\">\n\t\t\t\t<div class=\"elementor-testimonial-meta-inner\">\n\t\t\t\t\t\t\t\t\t\t\t<div class=\"elementor-testimonial-image\">\n\t\t\t\t\t\t\t<img decoding=\"async\" width=\"119\" height=\"115\" src=\"https:\/\/radatilly.gob.ar\/wp-content\/uploads\/sites\/9\/2020\/11\/image05-e1604410175191.png\" class=\"attachment-full size-full wp-image-227\" alt=\"\" \/>\t\t\t\t\t\t<\/div>\n\t\t\t\t\t\n\t\t\t\t\t\t\t\t\t\t<div class=\"elementor-testimonial-details\">\n\t\t\t\t\t\t\t\t\t\t\t\t\t\t<div class=\"elementor-testimonial-name\"><a href=\"https:\/\/redcompostaje.org.ar\" target=\"_blank\">https:\/\/redcompostaje.org.ar<\/a><\/div>\n\t\t\t\t\t\t\t\t\t\t\t\t\t\t\t\t\t\t\t<\/div>\n\t\t\t\t\t\t\t\t\t<\/div>\n\t\t\t<\/div>\n\t\t\t\t\t<\/div>\n\t\t\t\t\t\t<\/div>\n\t\t\t\t<\/div>\n\t\t\t\t\t<\/div>\n\t\t<\/div>\n\t\t\t\t\t<\/div>\n\t\t<\/section>\n\t\t\t\t<section class=\"elementor-section elementor-top-section elementor-element elementor-element-f734d32 elementor-section-boxed elementor-section-height-default elementor-section-height-default wpr-particle-no wpr-jarallax-no wpr-parallax-no wpr-sticky-section-no\" data-id=\"f734d32\" data-element_type=\"section\" data-e-type=\"section\" data-settings=\"{&quot;_ha_eqh_enable&quot;:false}\">\n\t\t\t\t\t\t<div class=\"elementor-container elementor-column-gap-default\">\n\t\t\t\t\t<div class=\"elementor-column elementor-col-100 elementor-top-column elementor-element elementor-element-a1bebcf\" data-id=\"a1bebcf\" data-element_type=\"column\" data-e-type=\"column\">\n\t\t\t<div class=\"elementor-widget-wrap elementor-element-populated\">\n\t\t\t\t\t\t<div class=\"elementor-element elementor-element-4618527 elementor-widget elementor-widget-video\" data-id=\"4618527\" data-element_type=\"widget\" data-e-type=\"widget\" data-settings=\"{&quot;video_type&quot;:&quot;hosted&quot;,&quot;controls&quot;:&quot;yes&quot;}\" data-widget_type=\"video.default\">\n\t\t\t\t<div class=\"elementor-widget-container\">\n\t\t\t\t\t\t\t<div class=\"e-hosted-video elementor-wrapper elementor-open-inline\">\n\t\t\t\t\t<video class=\"elementor-video\" src=\"https:\/\/radatilly.gob.ar\/wp-content\/uploads\/sites\/9\/2020\/11\/Compostaje_video.mp4\" controls=\"\" preload=\"metadata\" controlsList=\"nodownload\"><\/video>\n\t\t\t\t<\/div>\n\t\t\t\t\t\t<\/div>\n\t\t\t\t<\/div>\n\t\t\t\t\t<\/div>\n\t\t<\/div>\n\t\t\t\t\t<\/div>\n\t\t<\/section>\n\t\t\t\t<section class=\"elementor-section elementor-top-section elementor-element elementor-element-a9089f4 elementor-section-boxed elementor-section-height-default elementor-section-height-default wpr-particle-no wpr-jarallax-no wpr-parallax-no wpr-sticky-section-no\" data-id=\"a9089f4\" data-element_type=\"section\" data-e-type=\"section\" data-settings=\"{&quot;_ha_eqh_enable&quot;:false}\">\n\t\t\t\t\t\t<div class=\"elementor-container elementor-column-gap-default\">\n\t\t\t\t\t<div class=\"elementor-column elementor-col-100 elementor-top-column elementor-element elementor-element-7ef7489\" data-id=\"7ef7489\" data-element_type=\"column\" data-e-type=\"column\">\n\t\t\t<div class=\"elementor-widget-wrap elementor-element-populated\">\n\t\t\t\t\t\t<div class=\"elementor-element elementor-element-9c73f29 elementor-skin-carousel elementor-arrows-yes elementor-pagination-type-bullets elementor-pagination-position-outside elementor-widget elementor-widget-media-carousel\" data-id=\"9c73f29\" data-element_type=\"widget\" data-e-type=\"widget\" data-settings=\"{&quot;skin&quot;:&quot;carousel&quot;,&quot;effect&quot;:&quot;slide&quot;,&quot;show_arrows&quot;:&quot;yes&quot;,&quot;pagination&quot;:&quot;bullets&quot;,&quot;speed&quot;:500,&quot;autoplay&quot;:&quot;yes&quot;,&quot;autoplay_speed&quot;:5000,&quot;loop&quot;:&quot;yes&quot;,&quot;pause_on_hover&quot;:&quot;yes&quot;,&quot;pause_on_interaction&quot;:&quot;yes&quot;,&quot;space_between&quot;:{&quot;unit&quot;:&quot;px&quot;,&quot;size&quot;:10,&quot;sizes&quot;:[]},&quot;space_between_tablet&quot;:{&quot;unit&quot;:&quot;px&quot;,&quot;size&quot;:10,&quot;sizes&quot;:[]},&quot;space_between_mobile&quot;:{&quot;unit&quot;:&quot;px&quot;,&quot;size&quot;:10,&quot;sizes&quot;:[]}}\" data-widget_type=\"media-carousel.default\">\n\t\t\t\t<div class=\"elementor-widget-container\">\n\t\t\t\t\t\t\t\t\t<div class=\"elementor-swiper\">\n\t\t\t\t\t<div class=\"elementor-main-swiper swiper\" role=\"region\" aria-roledescription=\"carousel\" aria-label=\"Slides\">\n\t\t\t\t<div class=\"swiper-wrapper\">\n\t\t\t\t\t\t\t\t\t\t\t<div class=\"swiper-slide\" role=\"group\" aria-roledescription=\"slide\">\n\t\t\t\t\t\t\t<a href=\"https:\/\/radatilly.gob.ar\/medioambiente\/wp-content\/uploads\/sites\/9\/2020\/11\/compostaje22.jpeg\" data-elementor-open-lightbox=\"yes\" data-elementor-lightbox-slideshow=\"9c73f29\" data-e-action-hash=\"#elementor-action%3Aaction%3Dlightbox%26settings%3DeyJpZCI6MzQwLCJ1cmwiOiJodHRwczpcL1wvcmFkYXRpbGx5LmdvYi5hclwvd3AtY29udGVudFwvdXBsb2Fkc1wvc2l0ZXNcLzlcLzIwMjBcLzExXC9jb21wb3N0YWplMjIuanBlZyIsInNsaWRlc2hvdyI6IjljNzNmMjkifQ%3D%3D\">\t\t<div class=\"elementor-carousel-image\" role=\"img\" aria-label=\"\" style=\"background-image: url(&#039;https:\/\/radatilly.gob.ar\/wp-content\/uploads\/sites\/9\/2020\/11\/compostaje22.jpeg&#039;)\">\n\n\t\t\t\n\t\t\t\t\t<\/div>\n\t\t<\/a>\t\t\t\t\t\t<\/div>\n\t\t\t\t\t\t\t\t\t\t\t<div class=\"swiper-slide\" role=\"group\" aria-roledescription=\"slide\">\n\t\t\t\t\t\t\t<a href=\"https:\/\/radatilly.gob.ar\/medioambiente\/wp-content\/uploads\/sites\/9\/2020\/11\/compostaje5.jpeg\" data-elementor-open-lightbox=\"yes\" data-elementor-lightbox-slideshow=\"9c73f29\" data-e-action-hash=\"#elementor-action%3Aaction%3Dlightbox%26settings%3DeyJpZCI6MzM5LCJ1cmwiOiJodHRwczpcL1wvcmFkYXRpbGx5LmdvYi5hclwvd3AtY29udGVudFwvdXBsb2Fkc1wvc2l0ZXNcLzlcLzIwMjBcLzExXC9jb21wb3N0YWplNS5qcGVnIiwic2xpZGVzaG93IjoiOWM3M2YyOSJ9\">\t\t<div class=\"elementor-carousel-image\" role=\"img\" aria-label=\"\" style=\"background-image: url(&#039;https:\/\/radatilly.gob.ar\/wp-content\/uploads\/sites\/9\/2020\/11\/compostaje5.jpeg&#039;)\">\n\n\t\t\t\n\t\t\t\t\t<\/div>\n\t\t<\/a>\t\t\t\t\t\t<\/div>\n\t\t\t\t\t\t\t\t\t\t\t<div class=\"swiper-slide\" role=\"group\" aria-roledescription=\"slide\">\n\t\t\t\t\t\t\t<a href=\"https:\/\/radatilly.gob.ar\/medioambiente\/wp-content\/uploads\/sites\/9\/2020\/11\/Comp5.jpeg\" data-elementor-open-lightbox=\"yes\" data-elementor-lightbox-slideshow=\"9c73f29\" data-e-action-hash=\"#elementor-action%3Aaction%3Dlightbox%26settings%3DeyJpZCI6MzM4LCJ1cmwiOiJodHRwczpcL1wvcmFkYXRpbGx5LmdvYi5hclwvd3AtY29udGVudFwvdXBsb2Fkc1wvc2l0ZXNcLzlcLzIwMjBcLzExXC9Db21wNS5qcGVnIiwic2xpZGVzaG93IjoiOWM3M2YyOSJ9\">\t\t<div class=\"elementor-carousel-image\" role=\"img\" aria-label=\"\" style=\"background-image: url(&#039;https:\/\/radatilly.gob.ar\/wp-content\/uploads\/sites\/9\/2020\/11\/Comp5.jpeg&#039;)\">\n\n\t\t\t\n\t\t\t\t\t<\/div>\n\t\t<\/a>\t\t\t\t\t\t<\/div>\n\t\t\t\t\t\t\t\t\t\t\t<div class=\"swiper-slide\" role=\"group\" aria-roledescription=\"slide\">\n\t\t\t\t\t\t\t<a href=\"https:\/\/radatilly.gob.ar\/medioambiente\/wp-content\/uploads\/sites\/9\/2020\/11\/Comp4.jpeg\" data-elementor-open-lightbox=\"yes\" data-elementor-lightbox-slideshow=\"9c73f29\" data-e-action-hash=\"#elementor-action%3Aaction%3Dlightbox%26settings%3DeyJpZCI6MzM3LCJ1cmwiOiJodHRwczpcL1wvcmFkYXRpbGx5LmdvYi5hclwvd3AtY29udGVudFwvdXBsb2Fkc1wvc2l0ZXNcLzlcLzIwMjBcLzExXC9Db21wNC5qcGVnIiwic2xpZGVzaG93IjoiOWM3M2YyOSJ9\">\t\t<div class=\"elementor-carousel-image\" role=\"img\" aria-label=\"\" style=\"background-image: url(&#039;https:\/\/radatilly.gob.ar\/wp-content\/uploads\/sites\/9\/2020\/11\/Comp4.jpeg&#039;)\">\n\n\t\t\t\n\t\t\t\t\t<\/div>\n\t\t<\/a>\t\t\t\t\t\t<\/div>\n\t\t\t\t\t\t\t\t\t\t\t<div class=\"swiper-slide\" role=\"group\" aria-roledescription=\"slide\">\n\t\t\t\t\t\t\t<a href=\"https:\/\/radatilly.gob.ar\/medioambiente\/wp-content\/uploads\/sites\/9\/2020\/11\/Comp1.jpeg\" data-elementor-open-lightbox=\"yes\" data-elementor-lightbox-slideshow=\"9c73f29\" data-e-action-hash=\"#elementor-action%3Aaction%3Dlightbox%26settings%3DeyJpZCI6MzM2LCJ1cmwiOiJodHRwczpcL1wvcmFkYXRpbGx5LmdvYi5hclwvd3AtY29udGVudFwvdXBsb2Fkc1wvc2l0ZXNcLzlcLzIwMjBcLzExXC9Db21wMS5qcGVnIiwic2xpZGVzaG93IjoiOWM3M2YyOSJ9\">\t\t<div class=\"elementor-carousel-image\" role=\"img\" aria-label=\"\" style=\"background-image: url(&#039;https:\/\/radatilly.gob.ar\/wp-content\/uploads\/sites\/9\/2020\/11\/Comp1.jpeg&#039;)\">\n\n\t\t\t\n\t\t\t\t\t<\/div>\n\t\t<\/a>\t\t\t\t\t\t<\/div>\n\t\t\t\t\t\t\t\t\t<\/div>\n\t\t\t\t\t\t\t\t\t\t\t\t\t\t\t<div class=\"elementor-swiper-button elementor-swiper-button-prev\" role=\"button\" tabindex=\"0\" aria-label=\"Previous\">\n\t\t\t\t\t\t\t<i aria-hidden=\"true\" class=\"eicon-chevron-left\"><\/i>\t\t\t\t\t\t<\/div>\n\t\t\t\t\t\t<div class=\"elementor-swiper-button elementor-swiper-button-next\" role=\"button\" tabindex=\"0\" aria-label=\"Next\">\n\t\t\t\t\t\t\t<i aria-hidden=\"true\" class=\"eicon-chevron-right\"><\/i>\t\t\t\t\t\t<\/div>\n\t\t\t\t\t\t\t\t\t\t\t\t\t\t\t\t<div class=\"swiper-pagination\"><\/div>\n\t\t\t\t\t\t\t\t\t\t\t\t<\/div>\n\t\t\t\t<\/div>\n\t\t\t\t\t\t\t\t<\/div>\n\t\t\t\t<\/div>\n\t\t\t\t\t<\/div>\n\t\t<\/div>\n\t\t\t\t\t<\/div>\n\t\t<\/section>\n\t\t\t\t<\/div>\n\t\t","protected":false},"excerpt":{"rendered":"<p>Compostar tus residuos org\u00e1nicos es contribuir a la salud de la biosfera. Cuando sac\u00e1s la bolsa de residuos con material potencialmente compostable, est\u00e1s confinando un recurso muy valioso y transform\u00e1ndolo en un contribuyente al efecto invernadero, ya que los rellenos sanitarios generan gases de efecto invernadero, e impiden aprovechar los pl\u00e1sticos, metales y vidrios, cuando estas fracciones no se separan. En Rada Tilly muchos vecinos compostan sus residuos org\u00e1nicos y utilizan este valioso recurso para abonar y fertilizar sus plantas y cultivos. Anualmente coordinamos capacitaciones con INTA para sumar m\u00e1s interesados. Entre los proyectos especiales de la DIRECCION DE AMBIENTE MUNICIPAL trabajamos en la concreci\u00f3n de la COMPOSTERA MUNICIPAL, la cual permitir\u00e1 compostar los residuos org\u00e1nicos generados en la ciudad y aprovechar este recurso para el mantenimiento de los espacios verdes, forestaci\u00f3n y un programa de compostaje comunitario Sumate al compostaje domiciliario, es muy simple y muy valioso. RADA TILLY COMPOSTA Rada Tilly Composta Rada TIlly composta: compostar tus residuos org\u00e1nicos es contribuir a la salud de la biosfera. Cuando sac\u00e1s la bolsa de residuos con material potencialmente compostable, est\u00e1s confinando un recurso muy valioso y transform\u00e1ndolo en un contribuyente al efecto invernadero, ya que los rellenos sanitarios generan gases de efecto invernadero, e impiden aprovechar los pl\u00e1sticos, metales y vidrios, cuando estas fracciones no se separan. En Rada Tilly muchos vecinos compostan sus residuos org\u00e1nicos y utilizan este valioso recurso para abonar y fertilizar sus plantas y cultivos. Anualmente coordinamos capacitaciones con INTA para sumar m\u00e1s interesados. Entre los proyectos especiales de la DIRECCION DE AMBIENTE MUNICIPAL trabajamos en la concreci\u00f3n de la COMPOSTERA MUNICIPAL, la cual permitir\u00e1 compostar los residuos org\u00e1nicos generados en la ciudad y aprovechar este recurso para el mantenimiento de los espacios verdes, forestaci\u00f3n y un programa de compostaje comunitario Sumate al compostaje domiciliario, es muy simple y muy valioso. Red de compostaje, la mayor comunidad de compostaje de Argentina, donde encontrar\u00e1s todos los recursos para sumarte a este movimiento. https:\/\/redcompostaje.org.ar https:\/\/radatilly.gob.ar\/wp-content\/uploads\/sites\/9\/2020\/11\/Compostaje_video.mp4 Previous Next<\/p>\n","protected":false},"author":1,"featured_media":0,"parent":0,"menu_order":0,"comment_status":"closed","ping_status":"closed","template":"elementor_header_footer","meta":{"footnotes":""},"class_list":["post-2","page","type-page","status-publish","hentry"],"_links":{"self":[{"href":"https:\/\/radatilly.gob.ar\/medioambiente\/wp-json\/wp\/v2\/pages\/2","targetHints":{"allow":["GET"]}}],"collection":[{"href":"https:\/\/radatilly.gob.ar\/medioambiente\/wp-json\/wp\/v2\/pages"}],"about":[{"href":"https:\/\/radatilly.gob.ar\/medioambiente\/wp-json\/wp\/v2\/types\/page"}],"author":[{"embeddable":true,"href":"https:\/\/radatilly.gob.ar\/medioambiente\/wp-json\/wp\/v2\/users\/1"}],"replies":[{"embeddable":true,"href":"https:\/\/radatilly.gob.ar\/medioambiente\/wp-json\/wp\/v2\/comments?post=2"}],"version-history":[{"count":5,"href":"https:\/\/radatilly.gob.ar\/medioambiente\/wp-json\/wp\/v2\/pages\/2\/revisions"}],"predecessor-version":[{"id":1187,"href":"https:\/\/radatilly.gob.ar\/medioambiente\/wp-json\/wp\/v2\/pages\/2\/revisions\/1187"}],"wp:attachment":[{"href":"https:\/\/radatilly.gob.ar\/medioambiente\/wp-json\/wp\/v2\/media?parent=2"}],"curies":[{"name":"wp","href":"https:\/\/api.w.org\/{rel}","templated":true}]}}