{"id":1968,"date":"2022-06-03T10:39:06","date_gmt":"2022-06-03T13:39:06","guid":{"rendered":"https:\/\/radatilly.gob.ar\/medioambiente\/?page_id=1968"},"modified":"2023-10-25T14:24:23","modified_gmt":"2023-10-25T17:24:23","slug":"planta-de-tratamiento-de-efluentes-cloacales","status":"publish","type":"page","link":"https:\/\/radatilly.gob.ar\/medioambiente\/planta-de-tratamiento-de-efluentes-cloacales\/","title":{"rendered":"PLANTA DE TRATAMIENTO DE EFLUENTES CLOACALES"},"content":{"rendered":"\t\t<div data-elementor-type=\"wp-page\" data-elementor-id=\"1968\" class=\"elementor elementor-1968\" data-elementor-settings=\"{&quot;ha_cmc_init_switcher&quot;:&quot;no&quot;}\" data-elementor-post-type=\"page\">\n\t\t\t\t\t\t<section class=\"elementor-section elementor-top-section elementor-element elementor-element-4075ed9b elementor-section-content-middle elementor-section-boxed elementor-section-height-default elementor-section-height-default wpr-particle-no wpr-jarallax-no wpr-parallax-no wpr-sticky-section-no\" data-id=\"4075ed9b\" data-element_type=\"section\" data-e-type=\"section\" data-settings=\"{&quot;_ha_eqh_enable&quot;:false}\">\n\t\t\t\t\t\t\t<div class=\"elementor-background-overlay\"><\/div>\n\t\t\t\t\t\t\t<div class=\"elementor-container elementor-column-gap-no\">\n\t\t\t\t\t<div class=\"elementor-column elementor-col-100 elementor-top-column elementor-element elementor-element-2e4d2509\" data-id=\"2e4d2509\" data-element_type=\"column\" data-e-type=\"column\" data-settings=\"{&quot;background_background&quot;:&quot;slideshow&quot;,&quot;background_slideshow_gallery&quot;:[{&quot;id&quot;:&quot;121&quot;,&quot;url&quot;:&quot;https:\\\/\\\/radatilly.gob.ar\\\/medioambiente\\\/wp-content\\\/uploads\\\/sites\\\/9\\\/2020\\\/11\\\/Foto-Rada-Tilly-1-1.jpg&quot;},{&quot;id&quot;:&quot;831&quot;,&quot;url&quot;:&quot;https:\\\/\\\/radatilly.gob.ar\\\/medioambiente\\\/wp-content\\\/uploads\\\/sites\\\/9\\\/2020\\\/11\\\/rada-tilly-1.jpg&quot;},{&quot;id&quot;:&quot;733&quot;,&quot;url&quot;:&quot;https:\\\/\\\/radatilly.gob.ar\\\/medioambiente\\\/wp-content\\\/uploads\\\/sites\\\/9\\\/2020\\\/11\\\/planta.jpeg&quot;}],&quot;background_slideshow_transition_duration&quot;:&quot;1000&quot;,&quot;background_slideshow_ken_burns&quot;:&quot;yes&quot;,&quot;background_slideshow_slide_duration&quot;:&quot;2500&quot;,&quot;background_slideshow_loop&quot;:&quot;yes&quot;,&quot;background_slideshow_slide_transition&quot;:&quot;fade&quot;,&quot;background_slideshow_ken_burns_zoom_direction&quot;:&quot;in&quot;}\">\n\t\t\t<div class=\"elementor-widget-wrap elementor-element-populated\">\n\t\t\t\t\t\t\t<\/div>\n\t\t<\/div>\n\t\t\t\t\t<\/div>\n\t\t<\/section>\n\t\t\t\t<section class=\"elementor-section elementor-top-section elementor-element elementor-element-6b3518eb elementor-section-boxed elementor-section-height-default elementor-section-height-default wpr-particle-no wpr-jarallax-no wpr-parallax-no wpr-sticky-section-no\" data-id=\"6b3518eb\" data-element_type=\"section\" data-e-type=\"section\" data-settings=\"{&quot;_ha_eqh_enable&quot;:false}\">\n\t\t\t\t\t\t<div class=\"elementor-container elementor-column-gap-default\">\n\t\t\t\t\t<div class=\"elementor-column elementor-col-100 elementor-top-column elementor-element elementor-element-20a79229\" data-id=\"20a79229\" data-element_type=\"column\" data-e-type=\"column\">\n\t\t\t<div class=\"elementor-widget-wrap elementor-element-populated\">\n\t\t\t\t\t\t<div class=\"elementor-element elementor-element-2cc49917 elementor-author-box--layout-image-above elementor-author-box--align-center elementor-widget elementor-widget-author-box\" data-id=\"2cc49917\" data-element_type=\"widget\" data-e-type=\"widget\" data-widget_type=\"author-box.default\">\n\t\t\t\t<div class=\"elementor-widget-container\">\n\t\t\t\t\t\t\t<div class=\"elementor-author-box\">\n\t\t\t\t\t\t\t<div  class=\"elementor-author-box__avatar\">\n\t\t\t\t\t<img decoding=\"async\" src=\"https:\/\/radatilly.gob.ar\/wp-content\/uploads\/sites\/9\/2020\/11\/isologoDMAok-275x300.png\" alt=\"Author picture\" loading=\"lazy\">\n\t\t\t\t<\/div>\n\t\t\t\n\t\t\t<div class=\"elementor-author-box__text\">\n\t\t\t\t\n\t\t\t\t\n\t\t\t\t\t\t\t<\/div>\n\t\t<\/div>\n\t\t\t\t\t\t<\/div>\n\t\t\t\t<\/div>\n\t\t\t\t<div class=\"elementor-element elementor-element-31dba16d elementor-widget elementor-widget-theme-post-title elementor-page-title elementor-widget-heading\" data-id=\"31dba16d\" data-element_type=\"widget\" data-e-type=\"widget\" data-widget_type=\"theme-post-title.default\">\n\t\t\t\t<div class=\"elementor-widget-container\">\n\t\t\t\t\t<h1 class=\"elementor-heading-title elementor-size-default\">PLANTA DE TRATAMIENTO DE EFLUENTES CLOACALES<\/h1>\t\t\t\t<\/div>\n\t\t\t\t<\/div>\n\t\t\t\t<div class=\"elementor-element elementor-element-3bd68d7 elementor-widget elementor-widget-text-editor\" data-id=\"3bd68d7\" data-element_type=\"widget\" data-e-type=\"widget\" data-widget_type=\"text-editor.default\">\n\t\t\t\t<div class=\"elementor-widget-container\">\n\t\t\t\t\t\t\t\t\t<p><strong>OBRA: Ampliaci\u00f3n de la Planta de Tratamiento de Rada Tilly<\/strong><\/p><p><span style=\"text-decoration: underline;\"><strong>Regulaci\u00f3n nivel de la laguna<\/strong><\/span><\/p><p>De acuerdo a lo autorizado por <strong>Ordenanza Municipal N\u00b0 2500\/19 <\/strong>se implementa el PLAN DE CONTINGENCIA estipulado en el Estudio de Impacto Ambiental (EIA) de la obra REHABILITACI\u00d3N Y AMPLIACI\u00d3N DE LA PLANTA DE TRATAMIENTO DE EFLUENTES CLOACALES.<\/p><p>&gt; <span style=\"text-decoration: underline;\">Este procedimiento se aplica a los fines de mantener los niveles de la laguna dentro de los l\u00edmites de seguridad para que la planta de tratamiento de efluentes contin\u00fae operativa y para que las mejores condiciones del suelo permitan aumentar el ritmo de ejecuci\u00f3n de los trabajos que ya se encuentran en marcha para la obra ampliaci\u00f3n de la planta de tratamiento.<\/span><\/p><p>El vuelco se encuentra controlado a trav\u00e9s de un monitoreo ambiental que incluye an\u00e1lisis semanales de la calidad de agua marina, que continuar\u00e1 una vez que cese el vuelco.<\/p><p>El proceso de regulaci\u00f3n de la laguna finalizar\u00e1 cuando se haya alcanzado el nivel de seguridad \u00f3ptimo.<\/p><p><strong>&gt; Toda la informaci\u00f3n relacionada puede obtenerse en esta secci\u00f3n:<\/strong><\/p><ol><li>ORDENANZA MUNICIPAL N\u00ba 2500\/19: <a href=\"https:\/\/radatilly.gob.ar\/medioambiente\/wp-content\/uploads\/sites\/9\/2022\/06\/1-ORD-2500-19.pdf\"><strong>Descargar aqu\u00ed<\/strong><\/a><\/li><li>RESULTADOS DE AN\u00c1LISIS DE AGUA DE MAR EN ZONA DE VUELCO: <br \/>2.1. <a href=\"https:\/\/radatilly.gob.ar\/medioambiente\/wp-content\/uploads\/sites\/9\/2023\/10\/ANALISIS-AGUA-DE-MAR-31-08-1126-09.pdf\"><strong>Descargar aqu\u00ed (31\/08)<\/strong><\/a><br \/>2.2. <strong><a href=\"https:\/\/radatilly.gob.ar\/medioambiente\/wp-content\/uploads\/sites\/9\/2023\/10\/Analisis-agua-de-mar-11-10-23.pdf\">DESCARGAR AQU\u00cd (11\/10)<\/a><\/strong><\/li><li>NUEVO LLAMADO A LICITACI\u00d3N OBRA DE AMPLIACI\u00d3N DE LA PLANTA DE TRATAMIENTO. Licitaci\u00f3n P\u00fablica Nacional N\u00b002\/2022 -BID- PROAS II y Resoluci\u00f3n 2022-687-APN-ENOHSA#MOP: <a href=\"https:\/\/radatilly.gob.ar\/medioambiente\/wp-content\/uploads\/sites\/9\/2023\/08\/RESOL-2022-687-APN-ENOHSAMOP.pdf\"><strong>Descargar aqu\u00ed<\/strong><\/a><\/li><li>CAMPA\u00d1A DE COMUNICACI\u00d3N. ALCANCES DE LA OBRA. ESTUDIO DE IMPACTO AMBIENTAL: <a href=\"https:\/\/radatilly.gob.ar\/obras-publicas-planeamiento-urbano\/\">https:\/\/radatilly.gob.ar\/obras-publicas-planeamiento-urbano\/<\/a><\/li><li>INICIO DE LA OBRA DE AMPLIACI\u00d3N DE LA PLANTA DE TRATAMIENTO: <a href=\"https:\/\/radatilly.gob.ar\/rada-tilly-inicia-la-obra-de-la-planta-de-tratamiento\/\">\u00a0https:\/\/radatilly.gob.ar\/rada-tilly-inicia-la-obra-de-la-planta-de-tratamiento\/\u00a0<\/a><\/li><\/ol><p><strong><br \/>Noticias relacionadas:<\/strong><\/p><ul><li><a href=\"https:\/\/radatilly.gob.ar\/agua-tratada-el-recurso-que-marca-un-perfil-de-ciudad-en-rada-tilly\/\">https:\/\/radatilly.gob.ar\/agua-tratada-el-recurso-que-marca-un-perfil-de-ciudad-en-rada-tilly\/<\/a><\/li><li><a href=\"https:\/\/radatilly.gob.ar\/avanza-la-obra-de-ampliacion-de-la-planta-de-tratamiento-de-rada-tilly\/https:\/\/radatilly.gob.ar\/agua-tratada-el-recurso-que-marca-un-perfil-de-ciudad-en-rada-tilly\/\">https:\/\/radatilly.gob.ar\/avanza-la-obra-de-ampliacion-de-la-planta-de-tratamiento-de-rada-tilly\/\u00a0<\/a><\/li><li><a href=\"https:\/\/radatilly.gob.ar\/rada-tilly-inicia-la-obra-de-la-planta-de-tratamiento\/\">RADA TILLY INICIA LA OBRA DE LA PLANTA DE TRATAMIENTO &#8211; Municipalidad de Rada TIlly<\/a> \u00a0<\/li><li><a href=\"https:\/\/radatilly.gob.ar\/medioambiente\/nuevo-llamado-a-licitacion-para-la-ampliacion-de-la-planta-de-tratamiento-de-rada-tilly\/\">https:\/\/radatilly.gob.ar\/medioambiente\/nuevo-llamado-a-licitacion-para-la-ampliacion-de-la-planta-de-tratamiento-de-rada-tilly\/<\/a><\/li><li><a href=\"https:\/\/radatilly.gob.ar\/instalaran-eco-ceniceros-en-espacios-publicos-de-rada-tilly\/\">https:\/\/radatilly.gob.ar\/instalaran-eco-ceniceros-en-espacios-publicos-de-rada-tilly\/<\/a><\/li><li><a href=\"https:\/\/radatilly.gob.ar\/medioambiente\/rada-tilly-amplia-sus-reservas-de-agua-tratada\/\">https:\/\/radatilly.gob.ar\/medioambiente\/rada-tilly-amplia-sus-reservas-de-agua-tratada\/<\/a><\/li><\/ul>\t\t\t\t\t\t\t\t<\/div>\n\t\t\t\t<\/div>\n\t\t\t\t<section class=\"elementor-section elementor-inner-section elementor-element elementor-element-1f685e78 elementor-section-content-middle elementor-section-boxed elementor-section-height-default elementor-section-height-default wpr-particle-no wpr-jarallax-no wpr-parallax-no wpr-sticky-section-no\" data-id=\"1f685e78\" data-element_type=\"section\" data-e-type=\"section\" data-settings=\"{&quot;_ha_eqh_enable&quot;:false}\">\n\t\t\t\t\t\t<div class=\"elementor-container elementor-column-gap-default\">\n\t\t\t\t\t<div class=\"elementor-column elementor-col-50 elementor-inner-column elementor-element elementor-element-5a5ed690\" data-id=\"5a5ed690\" data-element_type=\"column\" data-e-type=\"column\">\n\t\t\t<div class=\"elementor-widget-wrap\">\n\t\t\t\t\t\t\t<\/div>\n\t\t<\/div>\n\t\t\t\t<div class=\"elementor-column elementor-col-50 elementor-inner-column elementor-element elementor-element-16b205a9\" data-id=\"16b205a9\" data-element_type=\"column\" data-e-type=\"column\">\n\t\t\t<div class=\"elementor-widget-wrap elementor-element-populated\">\n\t\t\t\t\t\t<div class=\"elementor-element elementor-element-6694a71e elementor-share-buttons--skin-flat elementor-grid-mobile-1 elementor-share-buttons--view-icon elementor-share-buttons--shape-circle elementor-grid-0 elementor-share-buttons--color-official elementor-widget elementor-widget-share-buttons\" data-id=\"6694a71e\" data-element_type=\"widget\" data-e-type=\"widget\" data-widget_type=\"share-buttons.default\">\n\t\t\t\t<div class=\"elementor-widget-container\">\n\t\t\t\t\t\t\t<div class=\"elementor-grid\" role=\"list\">\n\t\t\t\t\t\t\t\t<div class=\"elementor-grid-item\" role=\"listitem\">\n\t\t\t\t\t\t<div class=\"elementor-share-btn elementor-share-btn_facebook\" role=\"button\" tabindex=\"0\" aria-label=\"Share on facebook\">\n\t\t\t\t\t\t\t\t\t\t\t\t\t\t\t<span class=\"elementor-share-btn__icon\">\n\t\t\t\t\t\t\t\t<i class=\"fab fa-facebook\" aria-hidden=\"true\"><\/i>\t\t\t\t\t\t\t<\/span>\n\t\t\t\t\t\t\t\t\t\t\t\t\t\t\t\t\t\t\t\t<\/div>\n\t\t\t\t\t<\/div>\n\t\t\t\t\t\t\t\t\t<div class=\"elementor-grid-item\" role=\"listitem\">\n\t\t\t\t\t\t<div class=\"elementor-share-btn elementor-share-btn_twitter\" role=\"button\" tabindex=\"0\" aria-label=\"Share on twitter\">\n\t\t\t\t\t\t\t\t\t\t\t\t\t\t\t<span class=\"elementor-share-btn__icon\">\n\t\t\t\t\t\t\t\t<i class=\"fab fa-twitter\" aria-hidden=\"true\"><\/i>\t\t\t\t\t\t\t<\/span>\n\t\t\t\t\t\t\t\t\t\t\t\t\t\t\t\t\t\t\t\t<\/div>\n\t\t\t\t\t<\/div>\n\t\t\t\t\t\t\t\t\t<div class=\"elementor-grid-item\" role=\"listitem\">\n\t\t\t\t\t\t<div class=\"elementor-share-btn elementor-share-btn_linkedin\" role=\"button\" tabindex=\"0\" aria-label=\"Share on linkedin\">\n\t\t\t\t\t\t\t\t\t\t\t\t\t\t\t<span class=\"elementor-share-btn__icon\">\n\t\t\t\t\t\t\t\t<i class=\"fab fa-linkedin\" aria-hidden=\"true\"><\/i>\t\t\t\t\t\t\t<\/span>\n\t\t\t\t\t\t\t\t\t\t\t\t\t\t\t\t\t\t\t\t<\/div>\n\t\t\t\t\t<\/div>\n\t\t\t\t\t\t\t\t\t<div class=\"elementor-grid-item\" role=\"listitem\">\n\t\t\t\t\t\t<div class=\"elementor-share-btn elementor-share-btn_pinterest\" role=\"button\" tabindex=\"0\" aria-label=\"Share on pinterest\">\n\t\t\t\t\t\t\t\t\t\t\t\t\t\t\t<span class=\"elementor-share-btn__icon\">\n\t\t\t\t\t\t\t\t<i class=\"fab fa-pinterest\" aria-hidden=\"true\"><\/i>\t\t\t\t\t\t\t<\/span>\n\t\t\t\t\t\t\t\t\t\t\t\t\t\t\t\t\t\t\t\t<\/div>\n\t\t\t\t\t<\/div>\n\t\t\t\t\t\t\t\t\t<div class=\"elementor-grid-item\" role=\"listitem\">\n\t\t\t\t\t\t<div class=\"elementor-share-btn elementor-share-btn_email\" role=\"button\" tabindex=\"0\" aria-label=\"Share on email\">\n\t\t\t\t\t\t\t\t\t\t\t\t\t\t\t<span class=\"elementor-share-btn__icon\">\n\t\t\t\t\t\t\t\t<i class=\"fas fa-envelope\" aria-hidden=\"true\"><\/i>\t\t\t\t\t\t\t<\/span>\n\t\t\t\t\t\t\t\t\t\t\t\t\t\t\t\t\t\t\t\t<\/div>\n\t\t\t\t\t<\/div>\n\t\t\t\t\t\t<\/div>\n\t\t\t\t\t\t<\/div>\n\t\t\t\t<\/div>\n\t\t\t\t\t<\/div>\n\t\t<\/div>\n\t\t\t\t\t<\/div>\n\t\t<\/section>\n\t\t\t\t<div class=\"elementor-element elementor-element-1efca613 elementor-widget-divider--view-line elementor-widget elementor-widget-divider\" data-id=\"1efca613\" data-element_type=\"widget\" data-e-type=\"widget\" data-widget_type=\"divider.default\">\n\t\t\t\t<div class=\"elementor-widget-container\">\n\t\t\t\t\t\t\t<div class=\"elementor-divider\">\n\t\t\t<span class=\"elementor-divider-separator\">\n\t\t\t\t\t\t<\/span>\n\t\t<\/div>\n\t\t\t\t\t\t<\/div>\n\t\t\t\t<\/div>\n\t\t\t\t\t<\/div>\n\t\t<\/div>\n\t\t\t\t\t<\/div>\n\t\t<\/section>\n\t\t\t\t<\/div>\n\t\t","protected":false},"excerpt":{"rendered":"<p>OBRA: Ampliaci\u00f3n de la Planta de Tratamiento de Rada Tilly Regulaci\u00f3n nivel de la laguna De acuerdo a lo autorizado por Ordenanza Municipal N\u00b0 2500\/19 se implementa el PLAN DE CONTINGENCIA estipulado en el Estudio de Impacto Ambiental (EIA) de la obra REHABILITACI\u00d3N Y AMPLIACI\u00d3N DE LA PLANTA DE TRATAMIENTO DE EFLUENTES CLOACALES. &gt; Este procedimiento se aplica a los fines de mantener los niveles de la laguna dentro de los l\u00edmites de seguridad para que la planta de tratamiento de efluentes contin\u00fae operativa y para que las mejores condiciones del suelo permitan aumentar el ritmo de ejecuci\u00f3n de los trabajos que ya se encuentran en marcha para la obra ampliaci\u00f3n de la planta de tratamiento. El vuelco se encuentra controlado a trav\u00e9s de un monitoreo ambiental que incluye an\u00e1lisis semanales de la calidad de agua marina, que continuar\u00e1 una vez que cese el vuelco. El proceso de regulaci\u00f3n de la laguna finalizar\u00e1 cuando se haya alcanzado el nivel de seguridad \u00f3ptimo. &gt; Toda la informaci\u00f3n relacionada puede obtenerse en esta secci\u00f3n: ORDENANZA MUNICIPAL N\u00ba 2500\/19: Descargar aqu\u00ed RESULTADOS DE AN\u00c1LISIS DE AGUA DE MAR EN ZONA DE VUELCO: 2.1. Descargar aqu\u00ed (31\/08)2.2. DESCARGAR AQU\u00cd (11\/10) NUEVO LLAMADO A LICITACI\u00d3N OBRA DE AMPLIACI\u00d3N DE LA PLANTA DE TRATAMIENTO. Licitaci\u00f3n P\u00fablica Nacional N\u00b002\/2022 -BID- PROAS II y Resoluci\u00f3n 2022-687-APN-ENOHSA#MOP: Descargar aqu\u00ed CAMPA\u00d1A DE COMUNICACI\u00d3N. ALCANCES DE LA OBRA. ESTUDIO DE IMPACTO AMBIENTAL: https:\/\/radatilly.gob.ar\/obras-publicas-planeamiento-urbano\/ INICIO DE LA OBRA DE AMPLIACI\u00d3N DE LA PLANTA DE TRATAMIENTO: \u00a0https:\/\/radatilly.gob.ar\/rada-tilly-inicia-la-obra-de-la-planta-de-tratamiento\/\u00a0 Noticias relacionadas: https:\/\/radatilly.gob.ar\/agua-tratada-el-recurso-que-marca-un-perfil-de-ciudad-en-rada-tilly\/ https:\/\/radatilly.gob.ar\/avanza-la-obra-de-ampliacion-de-la-planta-de-tratamiento-de-rada-tilly\/\u00a0 RADA TILLY INICIA LA OBRA DE LA PLANTA DE TRATAMIENTO &#8211; Municipalidad de Rada TIlly \u00a0 https:\/\/radatilly.gob.ar\/medioambiente\/nuevo-llamado-a-licitacion-para-la-ampliacion-de-la-planta-de-tratamiento-de-rada-tilly\/ https:\/\/radatilly.gob.ar\/instalaran-eco-ceniceros-en-espacios-publicos-de-rada-tilly\/ https:\/\/radatilly.gob.ar\/medioambiente\/rada-tilly-amplia-sus-reservas-de-agua-tratada\/<\/p>\n","protected":false},"author":1,"featured_media":0,"parent":0,"menu_order":0,"comment_status":"closed","ping_status":"closed","template":"elementor_header_footer","meta":{"footnotes":""},"class_list":["post-1968","page","type-page","status-publish","hentry"],"_links":{"self":[{"href":"https:\/\/radatilly.gob.ar\/medioambiente\/wp-json\/wp\/v2\/pages\/1968","targetHints":{"allow":["GET"]}}],"collection":[{"href":"https:\/\/radatilly.gob.ar\/medioambiente\/wp-json\/wp\/v2\/pages"}],"about":[{"href":"https:\/\/radatilly.gob.ar\/medioambiente\/wp-json\/wp\/v2\/types\/page"}],"author":[{"embeddable":true,"href":"https:\/\/radatilly.gob.ar\/medioambiente\/wp-json\/wp\/v2\/users\/1"}],"replies":[{"embeddable":true,"href":"https:\/\/radatilly.gob.ar\/medioambiente\/wp-json\/wp\/v2\/comments?post=1968"}],"version-history":[{"count":6,"href":"https:\/\/radatilly.gob.ar\/medioambiente\/wp-json\/wp\/v2\/pages\/1968\/revisions"}],"predecessor-version":[{"id":24789,"href":"https:\/\/radatilly.gob.ar\/medioambiente\/wp-json\/wp\/v2\/pages\/1968\/revisions\/24789"}],"wp:attachment":[{"href":"https:\/\/radatilly.gob.ar\/medioambiente\/wp-json\/wp\/v2\/media?parent=1968"}],"curies":[{"name":"wp","href":"https:\/\/api.w.org\/{rel}","templated":true}]}}