{"id":766,"date":"2024-02-07T14:31:14","date_gmt":"2024-02-07T17:31:14","guid":{"rendered":"https:\/\/radatilly.gob.ar\/desarrollo-social-y-salud\/?page_id=766"},"modified":"2025-03-07T12:12:05","modified_gmt":"2025-03-07T15:12:05","slug":"descargables","status":"publish","type":"page","link":"https:\/\/radatilly.gob.ar\/desarrollo-social-y-salud\/descargables\/","title":{"rendered":"DESCARGABLES"},"content":{"rendered":"\t\t<div data-elementor-type=\"wp-page\" data-elementor-id=\"766\" class=\"elementor elementor-766\" data-elementor-settings=\"{&quot;ha_cmc_init_switcher&quot;:&quot;no&quot;}\" data-elementor-post-type=\"page\">\n\t\t\t\t<div class=\"elementor-element elementor-element-58399b21 e-flex e-con-boxed wpr-particle-no wpr-jarallax-no wpr-parallax-no wpr-sticky-section-no e-con e-parent\" data-id=\"58399b21\" data-element_type=\"container\" data-e-type=\"container\" data-settings=\"{&quot;background_background&quot;:&quot;classic&quot;,&quot;_ha_eqh_enable&quot;:false}\">\n\t\t\t\t\t<div class=\"e-con-inner\">\n\t\t\t\t<div class=\"elementor-element elementor-element-719b5b3a elementor-widget__width-initial elementor-widget elementor-widget-toggle\" data-id=\"719b5b3a\" data-element_type=\"widget\" data-e-type=\"widget\" data-widget_type=\"toggle.default\">\n\t\t\t\t<div class=\"elementor-widget-container\">\n\t\t\t\t\t\t\t<div class=\"elementor-toggle\">\n\t\t\t\t\t\t\t<div class=\"elementor-toggle-item\">\n\t\t\t\t\t<h3 id=\"elementor-tab-title-1901\" class=\"elementor-tab-title\" data-tab=\"1\" role=\"button\" aria-controls=\"elementor-tab-content-1901\" aria-expanded=\"false\">\n\t\t\t\t\t\t\t\t\t\t\t\t<span class=\"elementor-toggle-icon elementor-toggle-icon-right\" aria-hidden=\"true\">\n\t\t\t\t\t\t\t\t\t\t\t\t\t\t\t<span class=\"elementor-toggle-icon-closed\"><i class=\"fas fa-plus\"><\/i><\/span>\n\t\t\t\t\t\t\t\t<span class=\"elementor-toggle-icon-opened\"><i class=\"elementor-toggle-icon-opened fas fa-minus\"><\/i><\/span>\n\t\t\t\t\t\t\t\t\t\t\t\t\t<\/span>\n\t\t\t\t\t\t\t\t\t\t\t\t<a class=\"elementor-toggle-title\" tabindex=\"0\">ANIMALES PONSO\u00d1OSOS<\/a>\n\t\t\t\t\t<\/h3>\n\n\t\t\t\t\t<div id=\"elementor-tab-content-1901\" class=\"elementor-tab-content elementor-clearfix\" data-tab=\"1\" role=\"region\" aria-labelledby=\"elementor-tab-title-1901\"><p>Gu\u00eda de Animales ponso\u00f1osos que pod\u00e9s encontrar, como cuidarte y que hacer en caso de una picadura.<\/p><\/div>\n\t\t\t\t<\/div>\n\t\t\t\t\t\t\t\t<\/div>\n\t\t\t\t\t\t<\/div>\n\t\t\t\t<\/div>\n\t\t\t\t\t<\/div>\n\t\t\t\t<\/div>\n\t\t<div class=\"elementor-element elementor-element-c2e4401 e-flex e-con-boxed wpr-particle-no wpr-jarallax-no wpr-parallax-no wpr-sticky-section-no e-con e-parent\" data-id=\"c2e4401\" data-element_type=\"container\" data-e-type=\"container\" data-settings=\"{&quot;background_background&quot;:&quot;classic&quot;,&quot;_ha_eqh_enable&quot;:false}\">\n\t\t\t\t\t<div class=\"e-con-inner\">\n\t\t\t\t<div class=\"elementor-element elementor-element-b5cce0b elementor-widget elementor-widget-gallery\" data-id=\"b5cce0b\" data-element_type=\"widget\" data-e-type=\"widget\" data-settings=\"{&quot;columns&quot;:2,&quot;gap&quot;:{&quot;unit&quot;:&quot;px&quot;,&quot;size&quot;:25,&quot;sizes&quot;:[]},&quot;lazyload&quot;:&quot;yes&quot;,&quot;gallery_layout&quot;:&quot;grid&quot;,&quot;columns_tablet&quot;:2,&quot;columns_mobile&quot;:1,&quot;gap_tablet&quot;:{&quot;unit&quot;:&quot;px&quot;,&quot;size&quot;:10,&quot;sizes&quot;:[]},&quot;gap_mobile&quot;:{&quot;unit&quot;:&quot;px&quot;,&quot;size&quot;:10,&quot;sizes&quot;:[]},&quot;link_to&quot;:&quot;file&quot;,&quot;aspect_ratio&quot;:&quot;3:2&quot;,&quot;overlay_background&quot;:&quot;yes&quot;,&quot;content_hover_animation&quot;:&quot;fade-in&quot;}\" data-widget_type=\"gallery.default\">\n\t\t\t\t<div class=\"elementor-widget-container\">\n\t\t\t\t\t\t\t<div class=\"elementor-gallery__container\">\n\t\t\t\t\t\t\t<a class=\"e-gallery-item elementor-gallery-item elementor-animated-content\" href=\"https:\/\/radatilly.gob.ar\/desarrollo-social-y-salud\/wp-content\/uploads\/sites\/10\/2025\/03\/Contactos-Importantes-2.png\" data-elementor-open-lightbox=\"yes\" data-elementor-lightbox-slideshow=\"b5cce0b\" data-elementor-lightbox-title=\"Contactos Importantes (2)\" data-e-action-hash=\"#elementor-action%3Aaction%3Dlightbox%26settings%3DeyJpZCI6MjMyODcsInVybCI6Imh0dHBzOlwvXC9yYWRhdGlsbHkuZ29iLmFyXC9kZXNhcnJvbGxvLXNvY2lhbC15LXNhbHVkXC93cC1jb250ZW50XC91cGxvYWRzXC9zaXRlc1wvMTBcLzIwMjVcLzAzXC9Db250YWN0b3MtSW1wb3J0YW50ZXMtMi5wbmciLCJzbGlkZXNob3ciOiJiNWNjZTBiIn0%3D\">\n\t\t\t\t\t<div class=\"e-gallery-image elementor-gallery-item__image\" data-thumbnail=\"https:\/\/radatilly.gob.ar\/desarrollo-social-y-salud\/wp-content\/uploads\/sites\/10\/2025\/03\/Contactos-Importantes-2.png\" data-width=\"4419\" data-height=\"6250\" aria-label=\"\" role=\"img\" ><\/div>\n\t\t\t\t\t\t\t\t\t\t\t<div class=\"elementor-gallery-item__overlay\"><\/div>\n\t\t\t\t\t\t\t\t\t\t\t\t\t\t<\/a>\n\t\t\t\t\t\t\t<a class=\"e-gallery-item elementor-gallery-item elementor-animated-content\" href=\"https:\/\/radatilly.gob.ar\/desarrollo-social-y-salud\/wp-content\/uploads\/sites\/10\/2025\/03\/OLA-DE-CALOR-scaled.jpeg\" data-elementor-open-lightbox=\"yes\" data-elementor-lightbox-slideshow=\"b5cce0b\" data-elementor-lightbox-title=\"OLA DE CALOR\" data-e-action-hash=\"#elementor-action%3Aaction%3Dlightbox%26settings%3DeyJpZCI6MjMyODgsInVybCI6Imh0dHBzOlwvXC9yYWRhdGlsbHkuZ29iLmFyXC9kZXNhcnJvbGxvLXNvY2lhbC15LXNhbHVkXC93cC1jb250ZW50XC91cGxvYWRzXC9zaXRlc1wvMTBcLzIwMjVcLzAzXC9PTEEtREUtQ0FMT1Itc2NhbGVkLmpwZWciLCJzbGlkZXNob3ciOiJiNWNjZTBiIn0%3D\">\n\t\t\t\t\t<div class=\"e-gallery-image elementor-gallery-item__image\" data-thumbnail=\"https:\/\/radatilly.gob.ar\/desarrollo-social-y-salud\/wp-content\/uploads\/sites\/10\/2025\/03\/OLA-DE-CALOR-scaled.jpeg\" data-width=\"1641\" data-height=\"2560\" aria-label=\"\" role=\"img\" ><\/div>\n\t\t\t\t\t\t\t\t\t\t\t<div class=\"elementor-gallery-item__overlay\"><\/div>\n\t\t\t\t\t\t\t\t\t\t\t\t\t\t<\/a>\n\t\t\t\t\t<\/div>\n\t\t\t\t\t<\/div>\n\t\t\t\t<\/div>\n\t\t\t\t\t<\/div>\n\t\t\t\t<\/div>\n\t\t\t\t<\/div>\n\t\t","protected":false},"excerpt":{"rendered":"<p>ANIMALES PONSO\u00d1OSOS Gu\u00eda de Animales ponso\u00f1osos que pod\u00e9s encontrar, como cuidarte y que hacer en caso de una picadura.<\/p>\n","protected":false},"author":1,"featured_media":0,"parent":0,"menu_order":0,"comment_status":"closed","ping_status":"closed","template":"elementor_header_footer","meta":{"footnotes":""},"class_list":["post-766","page","type-page","status-publish","hentry"],"_links":{"self":[{"href":"https:\/\/radatilly.gob.ar\/desarrollo-social-y-salud\/wp-json\/wp\/v2\/pages\/766","targetHints":{"allow":["GET"]}}],"collection":[{"href":"https:\/\/radatilly.gob.ar\/desarrollo-social-y-salud\/wp-json\/wp\/v2\/pages"}],"about":[{"href":"https:\/\/radatilly.gob.ar\/desarrollo-social-y-salud\/wp-json\/wp\/v2\/types\/page"}],"author":[{"embeddable":true,"href":"https:\/\/radatilly.gob.ar\/desarrollo-social-y-salud\/wp-json\/wp\/v2\/users\/1"}],"replies":[{"embeddable":true,"href":"https:\/\/radatilly.gob.ar\/desarrollo-social-y-salud\/wp-json\/wp\/v2\/comments?post=766"}],"version-history":[{"count":5,"href":"https:\/\/radatilly.gob.ar\/desarrollo-social-y-salud\/wp-json\/wp\/v2\/pages\/766\/revisions"}],"predecessor-version":[{"id":23295,"href":"https:\/\/radatilly.gob.ar\/desarrollo-social-y-salud\/wp-json\/wp\/v2\/pages\/766\/revisions\/23295"}],"wp:attachment":[{"href":"https:\/\/radatilly.gob.ar\/desarrollo-social-y-salud\/wp-json\/wp\/v2\/media?parent=766"}],"curies":[{"name":"wp","href":"https:\/\/api.w.org\/{rel}","templated":true}]}}