{"id":762,"date":"2024-02-07T14:30:36","date_gmt":"2024-02-07T17:30:36","guid":{"rendered":"https:\/\/radatilly.gob.ar\/desarrollo-social-y-salud\/?page_id=762"},"modified":"2025-02-02T12:02:57","modified_gmt":"2025-02-02T15:02:57","slug":"equipo-interdisciplinario","status":"publish","type":"page","link":"https:\/\/radatilly.gob.ar\/desarrollo-social-y-salud\/equipo-interdisciplinario\/","title":{"rendered":"EQUIPO INTERDISCIPLINARIO"},"content":{"rendered":"\t\t<div data-elementor-type=\"wp-page\" data-elementor-id=\"762\" class=\"elementor elementor-762\" data-elementor-settings=\"{&quot;ha_cmc_init_switcher&quot;:&quot;no&quot;}\" data-elementor-post-type=\"page\">\n\t\t\t\t\t\t<section class=\"elementor-section elementor-top-section elementor-element elementor-element-912ef45 elementor-section-boxed elementor-section-height-default elementor-section-height-default wpr-particle-no wpr-jarallax-no wpr-parallax-no wpr-sticky-section-no\" data-id=\"912ef45\" data-element_type=\"section\" data-e-type=\"section\" data-settings=\"{&quot;_ha_eqh_enable&quot;:false}\">\n\t\t\t\t\t\t<div class=\"elementor-container elementor-column-gap-default\">\n\t\t\t\t\t<div class=\"elementor-column elementor-col-100 elementor-top-column elementor-element elementor-element-2f64a5e\" data-id=\"2f64a5e\" data-element_type=\"column\" data-e-type=\"column\">\n\t\t\t<div class=\"elementor-widget-wrap elementor-element-populated\">\n\t\t\t\t\t\t<div class=\"elementor-element elementor-element-f0f8f49 elementor-widget elementor-widget-heading\" data-id=\"f0f8f49\" data-element_type=\"widget\" data-e-type=\"widget\" data-widget_type=\"heading.default\">\n\t\t\t\t<div class=\"elementor-widget-container\">\n\t\t\t\t\t<h2 class=\"elementor-heading-title elementor-size-default\">equipo interdisciplinario<\/h2>\t\t\t\t<\/div>\n\t\t\t\t<\/div>\n\t\t\t\t\t<\/div>\n\t\t<\/div>\n\t\t\t\t\t<\/div>\n\t\t<\/section>\n\t\t\t\t<section class=\"elementor-section elementor-top-section elementor-element elementor-element-d1e4bca elementor-section-boxed elementor-section-height-default elementor-section-height-default wpr-particle-no wpr-jarallax-no wpr-parallax-no wpr-sticky-section-no\" data-id=\"d1e4bca\" data-element_type=\"section\" data-e-type=\"section\" data-settings=\"{&quot;_ha_eqh_enable&quot;:false}\">\n\t\t\t\t\t\t<div class=\"elementor-container elementor-column-gap-default\">\n\t\t\t\t\t<div class=\"elementor-column elementor-col-100 elementor-top-column elementor-element elementor-element-c6bb3aa\" data-id=\"c6bb3aa\" data-element_type=\"column\" data-e-type=\"column\">\n\t\t\t<div class=\"elementor-widget-wrap elementor-element-populated\">\n\t\t\t\t\t\t<div class=\"elementor-element elementor-element-3a02ae5 elementor-widget elementor-widget-heading\" data-id=\"3a02ae5\" data-element_type=\"widget\" data-e-type=\"widget\" data-widget_type=\"heading.default\">\n\t\t\t\t<div class=\"elementor-widget-container\">\n\t\t\t\t\t<h2 class=\"elementor-heading-title elementor-size-default\">Coordinaci\u00f3n:  Lic. Carolina Abril<\/h2>\t\t\t\t<\/div>\n\t\t\t\t<\/div>\n\t\t\t\t\t<\/div>\n\t\t<\/div>\n\t\t\t\t\t<\/div>\n\t\t<\/section>\n\t\t\t\t<section class=\"elementor-section elementor-top-section elementor-element elementor-element-799cbc0 elementor-section-boxed elementor-section-height-default elementor-section-height-default wpr-particle-no wpr-jarallax-no wpr-parallax-no wpr-sticky-section-no\" data-id=\"799cbc0\" data-element_type=\"section\" data-e-type=\"section\" data-settings=\"{&quot;_ha_eqh_enable&quot;:false}\">\n\t\t\t\t\t\t<div class=\"elementor-container elementor-column-gap-default\">\n\t\t\t\t\t<div class=\"elementor-column elementor-col-100 elementor-top-column elementor-element elementor-element-e4e1f5b\" data-id=\"e4e1f5b\" data-element_type=\"column\" data-e-type=\"column\">\n\t\t\t<div class=\"elementor-widget-wrap elementor-element-populated\">\n\t\t\t\t\t\t<div class=\"elementor-element elementor-element-e20e48f elementor-widget elementor-widget-heading\" data-id=\"e20e48f\" data-element_type=\"widget\" data-e-type=\"widget\" data-widget_type=\"heading.default\">\n\t\t\t\t<div class=\"elementor-widget-container\">\n\t\t\t\t\t<h2 class=\"elementor-heading-title elementor-size-default\">WhatsApp: <a href=\"https:\/\/wa.link\/a0q0cd\">+54 9 2976 25-6827<\/a><\/h2>\t\t\t\t<\/div>\n\t\t\t\t<\/div>\n\t\t\t\t\t<\/div>\n\t\t<\/div>\n\t\t\t\t\t<\/div>\n\t\t<\/section>\n\t\t\t\t<section class=\"elementor-section elementor-top-section elementor-element elementor-element-b55e201 elementor-section-boxed elementor-section-height-default elementor-section-height-default wpr-particle-no wpr-jarallax-no wpr-parallax-no wpr-sticky-section-no\" data-id=\"b55e201\" data-element_type=\"section\" data-e-type=\"section\" data-settings=\"{&quot;_ha_eqh_enable&quot;:false}\">\n\t\t\t\t\t\t<div class=\"elementor-container elementor-column-gap-default\">\n\t\t\t\t\t<div class=\"elementor-column elementor-col-100 elementor-top-column elementor-element elementor-element-54cb958\" data-id=\"54cb958\" data-element_type=\"column\" data-e-type=\"column\">\n\t\t\t<div class=\"elementor-widget-wrap elementor-element-populated\">\n\t\t\t\t\t\t<div class=\"elementor-element elementor-element-a2680a8 elementor-widget elementor-widget-heading\" data-id=\"a2680a8\" data-element_type=\"widget\" data-e-type=\"widget\" data-widget_type=\"heading.default\">\n\t\t\t\t<div class=\"elementor-widget-container\">\n\t\t\t\t\t<h2 class=\"elementor-heading-title elementor-size-default\">E-Mail: <a href=\"mailto:desarrollo_social@radatilly.gob.ar\">desarrollo_social@radatilly.gob.ar<\/a><\/h2>\t\t\t\t<\/div>\n\t\t\t\t<\/div>\n\t\t\t\t\t<\/div>\n\t\t<\/div>\n\t\t\t\t\t<\/div>\n\t\t<\/section>\n\t\t\t\t<section class=\"elementor-section elementor-top-section elementor-element elementor-element-776b09b elementor-section-boxed elementor-section-height-default elementor-section-height-default wpr-particle-no wpr-jarallax-no wpr-parallax-no wpr-sticky-section-no\" data-id=\"776b09b\" data-element_type=\"section\" data-e-type=\"section\" data-settings=\"{&quot;_ha_eqh_enable&quot;:false}\">\n\t\t\t\t\t\t<div class=\"elementor-container elementor-column-gap-default\">\n\t\t\t\t\t<div class=\"elementor-column elementor-col-100 elementor-top-column elementor-element elementor-element-c8a5eb2\" data-id=\"c8a5eb2\" data-element_type=\"column\" data-e-type=\"column\">\n\t\t\t<div class=\"elementor-widget-wrap elementor-element-populated\">\n\t\t\t\t\t\t<div class=\"elementor-element elementor-element-093ea16 elementor-widget elementor-widget-heading\" data-id=\"093ea16\" data-element_type=\"widget\" data-e-type=\"widget\" data-widget_type=\"heading.default\">\n\t\t\t\t<div class=\"elementor-widget-container\">\n\t\t\t\t\t<h2 class=\"elementor-heading-title elementor-size-default\">Contacto Equipo Interdisciplinario:<\/h2>\t\t\t\t<\/div>\n\t\t\t\t<\/div>\n\t\t\t\t\t<\/div>\n\t\t<\/div>\n\t\t\t\t\t<\/div>\n\t\t<\/section>\n\t\t\t\t<section class=\"elementor-section elementor-top-section elementor-element elementor-element-05d7593 elementor-section-boxed elementor-section-height-default elementor-section-height-default wpr-particle-no wpr-jarallax-no wpr-parallax-no wpr-sticky-section-no\" data-id=\"05d7593\" data-element_type=\"section\" data-e-type=\"section\" data-settings=\"{&quot;_ha_eqh_enable&quot;:false}\">\n\t\t\t\t\t\t<div class=\"elementor-container elementor-column-gap-default\">\n\t\t\t\t\t<div class=\"elementor-column elementor-col-100 elementor-top-column elementor-element elementor-element-ad24368\" data-id=\"ad24368\" data-element_type=\"column\" data-e-type=\"column\">\n\t\t\t<div class=\"elementor-widget-wrap elementor-element-populated\">\n\t\t\t\t\t\t<div class=\"elementor-element elementor-element-6780339 elementor-widget elementor-widget-heading\" data-id=\"6780339\" data-element_type=\"widget\" data-e-type=\"widget\" data-widget_type=\"heading.default\">\n\t\t\t\t<div class=\"elementor-widget-container\">\n\t\t\t\t\t<h2 class=\"elementor-heading-title elementor-size-default\">WhatsApp: <a href=\"https:\/\/wa.link\/mq6uwy\">+54 9 2975 02-6266<\/a><\/h2>\t\t\t\t<\/div>\n\t\t\t\t<\/div>\n\t\t\t\t\t<\/div>\n\t\t<\/div>\n\t\t\t\t\t<\/div>\n\t\t<\/section>\n\t\t\t\t<section class=\"elementor-section elementor-top-section elementor-element elementor-element-45fa71d elementor-section-boxed elementor-section-height-default elementor-section-height-default wpr-particle-no wpr-jarallax-no wpr-parallax-no wpr-sticky-section-no\" data-id=\"45fa71d\" data-element_type=\"section\" data-e-type=\"section\" data-settings=\"{&quot;_ha_eqh_enable&quot;:false}\">\n\t\t\t\t\t\t<div class=\"elementor-container elementor-column-gap-default\">\n\t\t\t\t\t<div class=\"elementor-column elementor-col-100 elementor-top-column elementor-element elementor-element-6cb3de0\" data-id=\"6cb3de0\" data-element_type=\"column\" data-e-type=\"column\">\n\t\t\t<div class=\"elementor-widget-wrap elementor-element-populated\">\n\t\t\t\t\t\t<div class=\"elementor-element elementor-element-e9911d8 elementor-widget elementor-widget-heading\" data-id=\"e9911d8\" data-element_type=\"widget\" data-e-type=\"widget\" data-widget_type=\"heading.default\">\n\t\t\t\t<div class=\"elementor-widget-container\">\n\t\t\t\t\t<h2 class=\"elementor-heading-title elementor-size-default\">E-Mail: <a href=\"mailto:salitamrt@gmail.com\">salitamrt@gmail.com<\/a><\/h2>\t\t\t\t<\/div>\n\t\t\t\t<\/div>\n\t\t\t\t\t<\/div>\n\t\t<\/div>\n\t\t\t\t\t<\/div>\n\t\t<\/section>\n\t\t\t\t<section class=\"elementor-section elementor-top-section elementor-element elementor-element-815ba80 elementor-section-boxed elementor-section-height-default elementor-section-height-default wpr-particle-no wpr-jarallax-no wpr-parallax-no wpr-sticky-section-no\" data-id=\"815ba80\" data-element_type=\"section\" data-e-type=\"section\" data-settings=\"{&quot;_ha_eqh_enable&quot;:false}\">\n\t\t\t\t\t\t<div class=\"elementor-container elementor-column-gap-default\">\n\t\t\t\t\t<div class=\"elementor-column elementor-col-100 elementor-top-column elementor-element elementor-element-d0501e4\" data-id=\"d0501e4\" data-element_type=\"column\" data-e-type=\"column\">\n\t\t\t<div class=\"elementor-widget-wrap elementor-element-populated\">\n\t\t\t\t\t\t<div class=\"elementor-element elementor-element-a66ae27 elementor-widget elementor-widget-text-editor\" data-id=\"a66ae27\" data-element_type=\"widget\" data-e-type=\"widget\" data-widget_type=\"text-editor.default\">\n\t\t\t\t<div class=\"elementor-widget-container\">\n\t\t\t\t\t\t\t\t\t<p>El equipo interdisciplinario tiene la responsabilidad de propiciar espacios para el fortalecimiento de las familias y de participaci\u00f3n comunitaria para el goce efectivo de los derechos. Asimismo, debe asegurar la protecci\u00f3n integral y velar por los derechos de los ni\u00f1os, ni\u00f1as y adolescentes.<\/p><p>El equipo ofrece atenci\u00f3n interdisciplinaria en psicolog\u00eda, psicopedagog\u00eda y fonoaudiolog\u00eda. Al mismo tiempo, desarrolla actividades de prevenci\u00f3n y promoci\u00f3n y brinda talleres en la comunidad e instituciones educativas.<\/p><p>Adem\u00e1s, lleva adelante la diagramaci\u00f3n, planificaci\u00f3n y ejecuci\u00f3n de pol\u00edticas en la tem\u00e1tica de discapacidad y CEA, propiciando la igualdad de oportunidades, como as\u00ed tambi\u00e9n, en la ejecuci\u00f3n de acciones tendientes a la prevenci\u00f3n, y concientizaci\u00f3n. Asesoramiento y orientaci\u00f3n en tramitaci\u00f3n de certificados de discapacidad y dem\u00e1s tem\u00e1ticas relacionadas. Talleres, asistencia en tratamientos necesarios, desde el propio EI, o externo al mismo.<\/p><p>Consumos Problem\u00e1ticos: Generar acciones de concientizaci\u00f3n, y visibilizaci\u00f3n de la problem\u00e1tica. Fortalecimiento de las estrategias de prevenci\u00f3n. Asistencia de manera coordinada con organismos provinciales y nacionales. Espec\u00edficamente en la promoci\u00f3n y prevenci\u00f3n con campa\u00f1as, haciendo hincapi\u00e9 en la poblaci\u00f3n adolescente para la reducci\u00f3n de la edad de inicio.<\/p><p><strong>Talleres desarrollados por el Equipo Interdisciplinario:<\/strong><\/p><ul><li><strong>Desarrollo Infantil: <\/strong>Como acompa\u00f1ar desde la casa y la escuela. Dirigido a la comunidad educativa (familias, alumnos y docentes) de los establecimientos\u00a0de nivel inicial.<\/li><\/ul><ul><li><strong>Inclusi\u00f3n Educativa: <\/strong>Articulaci\u00f3n con instituciones educativas de la comunidad.<\/li><\/ul><ul><li><strong>Ley Micaela: <\/strong>Formalizaci\u00f3n de la capacitaci\u00f3n obligatoria en g\u00e9nero y violencia de g\u00e9nero para todas las personas que se desempe\u00f1an en la funci\u00f3n p\u00fablica.<\/li><\/ul><ul><li><strong>Espacio de Apoyo en Contenidos Educativos (EACE): <\/strong>Dirigido a la poblaci\u00f3n escolar de la localidad\u00a0nivel primario y secundario. <br \/><br \/><strong>Whatsapp<\/strong>:<strong>\u00a0<\/strong><a href=\"https:\/\/wa.link\/a0q0cd\">+54 9 2976 25-6827<\/a><\/li><\/ul><ul><li><strong>Taller Orientaci\u00f3n Vocacional Ocupacional (OVO): <\/strong>Dirigido a adolescentes y j\u00f3venes en los \u00faltimos a\u00f1os de la educaci\u00f3n secundaria. <strong>E-mail<\/strong>:\u00a0<a href=\"mailto:tallerorientacionmrt@gmail.com\">tallerorientacionmrt@gmail.com<\/a><\/li><\/ul><ul><li><strong>Recreo de Aventuras: <\/strong>Taller recreativo, dirigido a ni\u00f1os de 4 a 12 a\u00f1os con desaf\u00edos en el neurodesarrollo.<\/li><\/ul><ul><li><strong>Taller Recreativo de Verano: <\/strong>Dirigido a ni\u00f1os de 4 a 12 a\u00f1os con desaf\u00edos en el neurodesarrollo.<\/li><\/ul><ul><li><strong>Capacitaci\u00f3n Ocupacional Laboral: <\/strong>Implementaci\u00f3n de cursos y talleres con perspectiva a la inclusi\u00f3n laboral. En convenio y coordinaci\u00f3n con instituciones Provinciales.<\/li><\/ul>\t\t\t\t\t\t\t\t<\/div>\n\t\t\t\t<\/div>\n\t\t\t\t\t<\/div>\n\t\t<\/div>\n\t\t\t\t\t<\/div>\n\t\t<\/section>\n\t\t\t\t<\/div>\n\t\t","protected":false},"excerpt":{"rendered":"<p>equipo interdisciplinario Coordinaci\u00f3n: Lic. Carolina Abril WhatsApp: +54 9 2976 25-6827 E-Mail: desarrollo_social@radatilly.gob.ar Contacto Equipo Interdisciplinario: WhatsApp: +54 9 2975 02-6266 E-Mail: salitamrt@gmail.com El equipo interdisciplinario tiene la responsabilidad de propiciar espacios para el fortalecimiento de las familias y de participaci\u00f3n comunitaria para el goce efectivo de los derechos. Asimismo, debe asegurar la protecci\u00f3n integral y velar por los derechos de los ni\u00f1os, ni\u00f1as y adolescentes. El equipo ofrece atenci\u00f3n interdisciplinaria en psicolog\u00eda, psicopedagog\u00eda y fonoaudiolog\u00eda. Al mismo tiempo, desarrolla actividades de prevenci\u00f3n y promoci\u00f3n y brinda talleres en la comunidad e instituciones educativas. Adem\u00e1s, lleva adelante la diagramaci\u00f3n, planificaci\u00f3n y ejecuci\u00f3n de pol\u00edticas en la tem\u00e1tica de discapacidad y CEA, propiciando la igualdad de oportunidades, como as\u00ed tambi\u00e9n, en la ejecuci\u00f3n de acciones tendientes a la prevenci\u00f3n, y concientizaci\u00f3n. Asesoramiento y orientaci\u00f3n en tramitaci\u00f3n de certificados de discapacidad y dem\u00e1s tem\u00e1ticas relacionadas. Talleres, asistencia en tratamientos necesarios, desde el propio EI, o externo al mismo. Consumos Problem\u00e1ticos: Generar acciones de concientizaci\u00f3n, y visibilizaci\u00f3n de la problem\u00e1tica. Fortalecimiento de las estrategias de prevenci\u00f3n. Asistencia de manera coordinada con organismos provinciales y nacionales. Espec\u00edficamente en la promoci\u00f3n y prevenci\u00f3n con campa\u00f1as, haciendo hincapi\u00e9 en la poblaci\u00f3n adolescente para la reducci\u00f3n de la edad de inicio. Talleres desarrollados por el Equipo Interdisciplinario: Desarrollo Infantil: Como acompa\u00f1ar desde la casa y la escuela. Dirigido a la comunidad educativa (familias, alumnos y docentes) de los establecimientos\u00a0de nivel inicial. Inclusi\u00f3n Educativa: Articulaci\u00f3n con instituciones educativas de la comunidad. Ley Micaela: Formalizaci\u00f3n de la capacitaci\u00f3n obligatoria en g\u00e9nero y violencia de g\u00e9nero para todas las personas que se desempe\u00f1an en la funci\u00f3n p\u00fablica. Espacio de Apoyo en Contenidos Educativos (EACE): Dirigido a la poblaci\u00f3n escolar de la localidad\u00a0nivel primario y secundario. Whatsapp:\u00a0+54 9 2976 25-6827 Taller Orientaci\u00f3n Vocacional Ocupacional (OVO): Dirigido a adolescentes y j\u00f3venes en los \u00faltimos a\u00f1os de la educaci\u00f3n secundaria. E-mail:\u00a0tallerorientacionmrt@gmail.com Recreo de Aventuras: Taller recreativo, dirigido a ni\u00f1os de 4 a 12 a\u00f1os con desaf\u00edos en el neurodesarrollo. Taller Recreativo de Verano: Dirigido a ni\u00f1os de 4 a 12 a\u00f1os con desaf\u00edos en el neurodesarrollo. Capacitaci\u00f3n Ocupacional Laboral: Implementaci\u00f3n de cursos y talleres con perspectiva a la inclusi\u00f3n laboral. En convenio y coordinaci\u00f3n con instituciones Provinciales.<\/p>\n","protected":false},"author":1,"featured_media":0,"parent":0,"menu_order":0,"comment_status":"closed","ping_status":"closed","template":"elementor_header_footer","meta":{"footnotes":""},"class_list":["post-762","page","type-page","status-publish","hentry"],"_links":{"self":[{"href":"https:\/\/radatilly.gob.ar\/desarrollo-social-y-salud\/wp-json\/wp\/v2\/pages\/762","targetHints":{"allow":["GET"]}}],"collection":[{"href":"https:\/\/radatilly.gob.ar\/desarrollo-social-y-salud\/wp-json\/wp\/v2\/pages"}],"about":[{"href":"https:\/\/radatilly.gob.ar\/desarrollo-social-y-salud\/wp-json\/wp\/v2\/types\/page"}],"author":[{"embeddable":true,"href":"https:\/\/radatilly.gob.ar\/desarrollo-social-y-salud\/wp-json\/wp\/v2\/users\/1"}],"replies":[{"embeddable":true,"href":"https:\/\/radatilly.gob.ar\/desarrollo-social-y-salud\/wp-json\/wp\/v2\/comments?post=762"}],"version-history":[{"count":5,"href":"https:\/\/radatilly.gob.ar\/desarrollo-social-y-salud\/wp-json\/wp\/v2\/pages\/762\/revisions"}],"predecessor-version":[{"id":23269,"href":"https:\/\/radatilly.gob.ar\/desarrollo-social-y-salud\/wp-json\/wp\/v2\/pages\/762\/revisions\/23269"}],"wp:attachment":[{"href":"https:\/\/radatilly.gob.ar\/desarrollo-social-y-salud\/wp-json\/wp\/v2\/media?parent=762"}],"curies":[{"name":"wp","href":"https:\/\/api.w.org\/{rel}","templated":true}]}}