{"id":916,"date":"2020-08-06T13:12:39","date_gmt":"2020-08-06T16:12:39","guid":{"rendered":"https:\/\/radatilly.gob.ar\/deporteyturismo\/?page_id=916"},"modified":"2025-02-02T12:57:08","modified_gmt":"2025-02-02T15:57:08","slug":"como-llegar","status":"publish","type":"page","link":"https:\/\/radatilly.gob.ar\/deporteyturismo\/como-llegar\/","title":{"rendered":"COMO LLEGAR"},"content":{"rendered":"\t\t<div data-elementor-type=\"wp-page\" data-elementor-id=\"916\" class=\"elementor elementor-916\" data-elementor-settings=\"{&quot;ha_cmc_init_switcher&quot;:&quot;no&quot;}\" data-elementor-post-type=\"page\">\n\t\t\t\t\t\t<section class=\"elementor-section elementor-top-section elementor-element elementor-element-7aa14d38 elementor-section-content-middle elementor-section-boxed elementor-section-height-default elementor-section-height-default wpr-particle-no wpr-jarallax-no wpr-parallax-no wpr-sticky-section-no\" data-id=\"7aa14d38\" data-element_type=\"section\" data-e-type=\"section\" data-settings=\"{&quot;_ha_eqh_enable&quot;:false}\">\n\t\t\t\t\t\t<div class=\"elementor-container elementor-column-gap-default\">\n\t\t\t\t\t<div class=\"elementor-column elementor-col-50 elementor-top-column elementor-element elementor-element-4ddf61f3\" data-id=\"4ddf61f3\" data-element_type=\"column\" data-e-type=\"column\">\n\t\t\t<div class=\"elementor-widget-wrap elementor-element-populated\">\n\t\t\t\t\t\t<div class=\"elementor-element elementor-element-1a00ce68 elementor-widget elementor-widget-image\" data-id=\"1a00ce68\" data-element_type=\"widget\" data-e-type=\"widget\" data-widget_type=\"image.default\">\n\t\t\t\t<div class=\"elementor-widget-container\">\n\t\t\t\t\t\t\t\t\t\t\t\t\t\t\t<img fetchpriority=\"high\" decoding=\"async\" width=\"300\" height=\"298\" src=\"https:\/\/radatilly.gob.ar\/deporteyturismo\/wp-content\/uploads\/sites\/5\/2020\/09\/plane-copy-300x298.jpg\" class=\"attachment-medium size-medium wp-image-1543\" alt=\"\" srcset=\"https:\/\/radatilly.gob.ar\/deporteyturismo\/wp-content\/uploads\/sites\/5\/2020\/09\/plane-copy-300x298.jpg 300w, https:\/\/radatilly.gob.ar\/deporteyturismo\/wp-content\/uploads\/sites\/5\/2020\/09\/plane-copy-150x150.jpg 150w, https:\/\/radatilly.gob.ar\/deporteyturismo\/wp-content\/uploads\/sites\/5\/2020\/09\/plane-copy.jpg 402w\" sizes=\"(max-width: 300px) 100vw, 300px\" \/>\t\t\t\t\t\t\t\t\t\t\t\t\t\t\t<\/div>\n\t\t\t\t<\/div>\n\t\t\t\t\t<\/div>\n\t\t<\/div>\n\t\t\t\t<div class=\"elementor-column elementor-col-50 elementor-top-column elementor-element elementor-element-429a089d\" data-id=\"429a089d\" data-element_type=\"column\" data-e-type=\"column\">\n\t\t\t<div class=\"elementor-widget-wrap elementor-element-populated\">\n\t\t\t\t\t\t<div class=\"elementor-element elementor-element-49a42f4c elementor-widget elementor-widget-heading\" data-id=\"49a42f4c\" data-element_type=\"widget\" data-e-type=\"widget\" data-widget_type=\"heading.default\">\n\t\t\t\t<div class=\"elementor-widget-container\">\n\t\t\t\t\t<h2 class=\"elementor-heading-title elementor-size-default\">Aeropuerto General Enrique Mosconi<\/h2>\t\t\t\t<\/div>\n\t\t\t\t<\/div>\n\t\t\t\t<div class=\"elementor-element elementor-element-35835b98 elementor-widget elementor-widget-text-editor\" data-id=\"35835b98\" data-element_type=\"widget\" data-e-type=\"widget\" data-widget_type=\"text-editor.default\">\n\t\t\t\t<div class=\"elementor-widget-container\">\n\t\t\t\t\t\t\t\t\t<p>Ubicado 11 km al norte de la ciudad de Comodoro Rivadavia y 24 km de Rada Tilly, es uno de los aeropuertos m\u00e1s importantes de la Patagonia que opera con vuelos dom\u00e9sticos.<br \/>Las l\u00edneas a\u00e9reas que viajan a la ciudad son: Aerol\u00edneas Argentinas, Lade y Austral.<br \/>Para traslados desde el aeropuerto se ofrece el servicio de taxis o remises y alquiler de autos.<br \/>Para m\u00e1s informaci\u00f3n<a class=\"c-link\" href=\"http:\/\/www.aa2000.com.ar\/comrivadavia\" target=\"_blank\" rel=\"noopener noreferrer\" data-stringify-link=\"http:\/\/www.aa2000.com.ar\/comrivadavia\" data-sk=\"tooltip_parent\" aria-describedby=\"sk-tooltip-598\">\u00a0http:\/\/www.aa2000.com.ar\/comrivadavia<\/a><\/p>\t\t\t\t\t\t\t\t<\/div>\n\t\t\t\t<\/div>\n\t\t\t\t\t<\/div>\n\t\t<\/div>\n\t\t\t\t\t<\/div>\n\t\t<\/section>\n\t\t\t\t<section class=\"elementor-section elementor-top-section elementor-element elementor-element-2e9c1fa elementor-section-boxed elementor-section-height-default elementor-section-height-default wpr-particle-no wpr-jarallax-no wpr-parallax-no wpr-sticky-section-no\" data-id=\"2e9c1fa\" data-element_type=\"section\" data-e-type=\"section\" data-settings=\"{&quot;_ha_eqh_enable&quot;:false}\">\n\t\t\t\t\t\t<div class=\"elementor-container elementor-column-gap-default\">\n\t\t\t\t\t<div class=\"elementor-column elementor-col-50 elementor-top-column elementor-element elementor-element-6f24af09\" data-id=\"6f24af09\" data-element_type=\"column\" data-e-type=\"column\">\n\t\t\t<div class=\"elementor-widget-wrap elementor-element-populated\">\n\t\t\t\t\t\t<div class=\"elementor-element elementor-element-4c73db10 elementor-widget elementor-widget-image\" data-id=\"4c73db10\" data-element_type=\"widget\" data-e-type=\"widget\" data-widget_type=\"image.default\">\n\t\t\t\t<div class=\"elementor-widget-container\">\n\t\t\t\t\t\t\t\t\t\t\t\t\t\t\t<img decoding=\"async\" width=\"300\" height=\"300\" src=\"https:\/\/radatilly.gob.ar\/deporteyturismo\/wp-content\/uploads\/sites\/5\/2020\/09\/car-copy-300x300.jpg\" class=\"attachment-medium size-medium wp-image-1542\" alt=\"\" srcset=\"https:\/\/radatilly.gob.ar\/deporteyturismo\/wp-content\/uploads\/sites\/5\/2020\/09\/car-copy-300x300.jpg 300w, https:\/\/radatilly.gob.ar\/deporteyturismo\/wp-content\/uploads\/sites\/5\/2020\/09\/car-copy-150x150.jpg 150w, https:\/\/radatilly.gob.ar\/deporteyturismo\/wp-content\/uploads\/sites\/5\/2020\/09\/car-copy.jpg 395w\" sizes=\"(max-width: 300px) 100vw, 300px\" \/>\t\t\t\t\t\t\t\t\t\t\t\t\t\t\t<\/div>\n\t\t\t\t<\/div>\n\t\t\t\t\t<\/div>\n\t\t<\/div>\n\t\t\t\t<div class=\"elementor-column elementor-col-50 elementor-top-column elementor-element elementor-element-6d0e04a9\" data-id=\"6d0e04a9\" data-element_type=\"column\" data-e-type=\"column\">\n\t\t\t<div class=\"elementor-widget-wrap elementor-element-populated\">\n\t\t\t\t\t\t<div class=\"elementor-element elementor-element-1c24e5f elementor-widget elementor-widget-heading\" data-id=\"1c24e5f\" data-element_type=\"widget\" data-e-type=\"widget\" data-widget_type=\"heading.default\">\n\t\t\t\t<div class=\"elementor-widget-container\">\n\t\t\t\t\t<h2 class=\"elementor-heading-title elementor-size-default\">Acceso por Ruta Nacional N\u00ba 3<\/h2>\t\t\t\t<\/div>\n\t\t\t\t<\/div>\n\t\t\t\t<div class=\"elementor-element elementor-element-1292f4c7 elementor-widget elementor-widget-text-editor\" data-id=\"1292f4c7\" data-element_type=\"widget\" data-e-type=\"widget\" data-widget_type=\"text-editor.default\">\n\t\t\t\t<div class=\"elementor-widget-container\">\n\t\t\t\t\t\t\t\t\t<p>Ubicada en la provincia del Chubut, en la zona costera de la Patagonia Argentina, se accede a la ciudad de Rada Tilly por la Ruta Nacional N\u00ba 3, que se encuentra distante a 14 km al sur de la ciudad de Comodoro Rivadavia y a 69 km al norte de Caleta Olivia.<\/p>\t\t\t\t\t\t\t\t<\/div>\n\t\t\t\t<\/div>\n\t\t\t\t\t<\/div>\n\t\t<\/div>\n\t\t\t\t\t<\/div>\n\t\t<\/section>\n\t\t\t\t<section class=\"elementor-section elementor-top-section elementor-element elementor-element-59169ef elementor-section-boxed elementor-section-height-default elementor-section-height-default wpr-particle-no wpr-jarallax-no wpr-parallax-no wpr-sticky-section-no\" data-id=\"59169ef\" data-element_type=\"section\" data-e-type=\"section\" data-settings=\"{&quot;_ha_eqh_enable&quot;:false}\">\n\t\t\t\t\t\t<div class=\"elementor-container elementor-column-gap-default\">\n\t\t\t\t\t<div class=\"elementor-column elementor-col-50 elementor-top-column elementor-element elementor-element-1943c2bd\" data-id=\"1943c2bd\" data-element_type=\"column\" data-e-type=\"column\">\n\t\t\t<div class=\"elementor-widget-wrap elementor-element-populated\">\n\t\t\t\t\t\t<div class=\"elementor-element elementor-element-7a8ab6e8 elementor-widget elementor-widget-image\" data-id=\"7a8ab6e8\" data-element_type=\"widget\" data-e-type=\"widget\" data-widget_type=\"image.default\">\n\t\t\t\t<div class=\"elementor-widget-container\">\n\t\t\t\t\t\t\t\t\t\t\t\t\t\t\t<img decoding=\"async\" width=\"300\" height=\"300\" src=\"https:\/\/radatilly.gob.ar\/deporteyturismo\/wp-content\/uploads\/sites\/5\/2020\/09\/bus-copy-300x300.jpg\" class=\"attachment-medium size-medium wp-image-1541\" alt=\"\" srcset=\"https:\/\/radatilly.gob.ar\/deporteyturismo\/wp-content\/uploads\/sites\/5\/2020\/09\/bus-copy-300x300.jpg 300w, https:\/\/radatilly.gob.ar\/deporteyturismo\/wp-content\/uploads\/sites\/5\/2020\/09\/bus-copy-150x150.jpg 150w, https:\/\/radatilly.gob.ar\/deporteyturismo\/wp-content\/uploads\/sites\/5\/2020\/09\/bus-copy.jpg 397w\" sizes=\"(max-width: 300px) 100vw, 300px\" \/>\t\t\t\t\t\t\t\t\t\t\t\t\t\t\t<\/div>\n\t\t\t\t<\/div>\n\t\t\t\t\t<\/div>\n\t\t<\/div>\n\t\t\t\t<div class=\"elementor-column elementor-col-50 elementor-top-column elementor-element elementor-element-5df54b3f\" data-id=\"5df54b3f\" data-element_type=\"column\" data-e-type=\"column\">\n\t\t\t<div class=\"elementor-widget-wrap elementor-element-populated\">\n\t\t\t\t\t\t<div class=\"elementor-element elementor-element-2840b513 elementor-widget elementor-widget-heading\" data-id=\"2840b513\" data-element_type=\"widget\" data-e-type=\"widget\" data-widget_type=\"heading.default\">\n\t\t\t\t<div class=\"elementor-widget-container\">\n\t\t\t\t\t<h2 class=\"elementor-heading-title elementor-size-default\">Colectivos de larga distancia<\/h2>\t\t\t\t<\/div>\n\t\t\t\t<\/div>\n\t\t\t\t<div class=\"elementor-element elementor-element-5c4f7995 elementor-widget elementor-widget-text-editor\" data-id=\"5c4f7995\" data-element_type=\"widget\" data-e-type=\"widget\" data-widget_type=\"text-editor.default\">\n\t\t\t\t<div class=\"elementor-widget-container\">\n\t\t\t\t\t\t\t\t\t<p>La terminal se encuentra en el centro de la ciudad de Comodoro Rivadavia. La misma conecta diferentes ciudades dentro de nuestro pa\u00eds y localidades de Chile.<br \/>Al llegar a la ciudad de Comodoro Rivadavia, el visitante puede optar por utilizar el servicio del transporte p\u00fablico interurbano as\u00ed como tambi\u00e9n remises y taxis,\u00a0para trasladarse a la ciudad de Rada Tilly.<\/p><p><a class=\"c-link\" href=\"http:\/\/www.comodoroturismo.gob.ar\/servicios.php?cat_nombre=Transportes\" target=\"_blank\" rel=\"noopener noreferrer\" data-stringify-link=\"http:\/\/www.comodoroturismo.gob.ar\/servicios.php?cat_nombre=Transportes\" data-sk=\"tooltip_parent\" aria-describedby=\"sk-tooltip-609\">http:\/\/www.comodoroturismo.gob.ar\/servicios.php?cat_nombre=Transportes<\/a><\/p>\t\t\t\t\t\t\t\t<\/div>\n\t\t\t\t<\/div>\n\t\t\t\t\t<\/div>\n\t\t<\/div>\n\t\t\t\t\t<\/div>\n\t\t<\/section>\n\t\t\t\t<section class=\"elementor-section elementor-top-section elementor-element elementor-element-3b1b43c4 elementor-section-boxed elementor-section-height-default elementor-section-height-default wpr-particle-no wpr-jarallax-no wpr-parallax-no wpr-sticky-section-no\" data-id=\"3b1b43c4\" data-element_type=\"section\" data-e-type=\"section\" data-settings=\"{&quot;_ha_eqh_enable&quot;:false}\">\n\t\t\t\t\t\t<div class=\"elementor-container elementor-column-gap-default\">\n\t\t\t\t\t<div class=\"elementor-column elementor-col-50 elementor-top-column elementor-element elementor-element-1a6a80f7\" data-id=\"1a6a80f7\" data-element_type=\"column\" data-e-type=\"column\">\n\t\t\t<div class=\"elementor-widget-wrap elementor-element-populated\">\n\t\t\t\t\t\t<div class=\"elementor-element elementor-element-118e8273 elementor-widget elementor-widget-image\" data-id=\"118e8273\" data-element_type=\"widget\" data-e-type=\"widget\" data-widget_type=\"image.default\">\n\t\t\t\t<div class=\"elementor-widget-container\">\n\t\t\t\t\t\t\t\t\t\t\t\t\t\t\t<img decoding=\"async\" width=\"300\" height=\"300\" src=\"https:\/\/radatilly.gob.ar\/deporteyturismo\/wp-content\/uploads\/sites\/5\/2020\/09\/bus-copy-300x300.jpg\" class=\"attachment-medium size-medium wp-image-1541\" alt=\"\" srcset=\"https:\/\/radatilly.gob.ar\/deporteyturismo\/wp-content\/uploads\/sites\/5\/2020\/09\/bus-copy-300x300.jpg 300w, https:\/\/radatilly.gob.ar\/deporteyturismo\/wp-content\/uploads\/sites\/5\/2020\/09\/bus-copy-150x150.jpg 150w, https:\/\/radatilly.gob.ar\/deporteyturismo\/wp-content\/uploads\/sites\/5\/2020\/09\/bus-copy.jpg 397w\" sizes=\"(max-width: 300px) 100vw, 300px\" \/>\t\t\t\t\t\t\t\t\t\t\t\t\t\t\t<\/div>\n\t\t\t\t<\/div>\n\t\t\t\t<section class=\"elementor-section elementor-inner-section elementor-element elementor-element-1b1c8f0 elementor-section-boxed elementor-section-height-default elementor-section-height-default wpr-particle-no wpr-jarallax-no wpr-parallax-no wpr-sticky-section-no\" data-id=\"1b1c8f0\" data-element_type=\"section\" data-e-type=\"section\" data-settings=\"{&quot;_ha_eqh_enable&quot;:false}\">\n\t\t\t\t\t\t<div class=\"elementor-container elementor-column-gap-default\">\n\t\t\t\t\t<div class=\"elementor-column elementor-col-50 elementor-inner-column elementor-element elementor-element-e9f99a2\" data-id=\"e9f99a2\" data-element_type=\"column\" data-e-type=\"column\">\n\t\t\t<div class=\"elementor-widget-wrap elementor-element-populated\">\n\t\t\t\t\t\t<div class=\"elementor-element elementor-element-f2aeaf7 elementor-widget elementor-widget-image\" data-id=\"f2aeaf7\" data-element_type=\"widget\" data-e-type=\"widget\" data-widget_type=\"image.default\">\n\t\t\t\t<div class=\"elementor-widget-container\">\n\t\t\t\t\t\t\t\t\t\t\t\t\t\t\t<img loading=\"lazy\" decoding=\"async\" width=\"300\" height=\"300\" src=\"https:\/\/radatilly.gob.ar\/deporteyturismo\/wp-content\/uploads\/sites\/5\/2020\/09\/cloud-2044822_640-300x300.png\" class=\"attachment-medium size-medium wp-image-2101\" alt=\"\" srcset=\"https:\/\/radatilly.gob.ar\/deporteyturismo\/wp-content\/uploads\/sites\/5\/2020\/09\/cloud-2044822_640-300x300.png 300w, https:\/\/radatilly.gob.ar\/deporteyturismo\/wp-content\/uploads\/sites\/5\/2020\/09\/cloud-2044822_640-150x150.png 150w, https:\/\/radatilly.gob.ar\/deporteyturismo\/wp-content\/uploads\/sites\/5\/2020\/09\/cloud-2044822_640.png 640w\" sizes=\"(max-width: 300px) 100vw, 300px\" \/>\t\t\t\t\t\t\t\t\t\t\t\t\t\t\t<\/div>\n\t\t\t\t<\/div>\n\t\t\t\t\t<\/div>\n\t\t<\/div>\n\t\t\t\t<div class=\"elementor-column elementor-col-50 elementor-inner-column elementor-element elementor-element-5359e74\" data-id=\"5359e74\" data-element_type=\"column\" data-e-type=\"column\">\n\t\t\t<div class=\"elementor-widget-wrap elementor-element-populated\">\n\t\t\t\t\t\t<div class=\"elementor-element elementor-element-e4f6d36 elementor-widget elementor-widget-image\" data-id=\"e4f6d36\" data-element_type=\"widget\" data-e-type=\"widget\" data-widget_type=\"image.default\">\n\t\t\t\t<div class=\"elementor-widget-container\">\n\t\t\t\t\t\t\t\t\t\t\t\t\t\t\t\t<a href=\"https:\/\/www.facebook.com\/Expreso-Rada-Tilly-SRL-102912048555914\" target=\"_blank\">\n\t\t\t\t\t\t\t<img loading=\"lazy\" decoding=\"async\" width=\"259\" height=\"194\" src=\"https:\/\/radatilly.gob.ar\/deporteyturismo\/wp-content\/uploads\/sites\/5\/2021\/09\/facebook.png\" class=\"attachment-medium size-medium wp-image-2631\" alt=\"\" \/>\t\t\t\t\t\t\t\t<\/a>\n\t\t\t\t\t\t\t\t\t\t\t\t\t\t\t<\/div>\n\t\t\t\t<\/div>\n\t\t\t\t\t<\/div>\n\t\t<\/div>\n\t\t\t\t\t<\/div>\n\t\t<\/section>\n\t\t\t\t<div class=\"elementor-element elementor-element-1e1f488 elementor-widget elementor-widget-heading\" data-id=\"1e1f488\" data-element_type=\"widget\" data-e-type=\"widget\" data-widget_type=\"heading.default\">\n\t\t\t\t<div class=\"elementor-widget-container\">\n\t\t\t\t\t<h2 class=\"elementor-heading-title elementor-size-default\"><a href=\"https:\/\/radatilly.gob.ar\/deporteyturismo\/wp-content\/uploads\/sites\/5\/2021\/09\/expresso-RT.jpg\" target=\"_blank\">grilla de horarios expreso rt<\/a><\/h2>\t\t\t\t<\/div>\n\t\t\t\t<\/div>\n\t\t\t\t\t<\/div>\n\t\t<\/div>\n\t\t\t\t<div class=\"elementor-column elementor-col-50 elementor-top-column elementor-element elementor-element-f95c34\" data-id=\"f95c34\" data-element_type=\"column\" data-e-type=\"column\">\n\t\t\t<div class=\"elementor-widget-wrap elementor-element-populated\">\n\t\t\t\t\t\t<div class=\"elementor-element elementor-element-67755d0d elementor-widget elementor-widget-heading\" data-id=\"67755d0d\" data-element_type=\"widget\" data-e-type=\"widget\" data-widget_type=\"heading.default\">\n\t\t\t\t<div class=\"elementor-widget-container\">\n\t\t\t\t\t<h2 class=\"elementor-heading-title elementor-size-default\">Colectivo interurbano Comodoro Rivadavia - Rada Tilly<\/h2>\t\t\t\t<\/div>\n\t\t\t\t<\/div>\n\t\t\t\t<div class=\"elementor-element elementor-element-6d696823 elementor-widget elementor-widget-text-editor\" data-id=\"6d696823\" data-element_type=\"widget\" data-e-type=\"widget\" data-widget_type=\"text-editor.default\">\n\t\t\t\t<div class=\"elementor-widget-container\">\n\t\t\t\t\t\t\t\t\t<p>El servicio de transporte p\u00fablico de pasajeros hacia la ciudad y dentro de la misma lo brinda la empresa<b data-stringify-type=\"bold\">\u00a0Expreso Rada Tilly<\/b>\u00a0que une Rada Tilly con la vecina localidad de Comodoro Rivadavia.<\/p><p>La l\u00ednea N\u00ba 10 de colectivos funciona diariamente desde las 6:00 am hasta la medianoche.<\/p><p>Sede Central:<br \/><strong>Direcci\u00f3n<\/strong>: Teniente Coronel de la Pe\u00f1a 313 \u2013 Rada Tilly.<br \/><strong>Tel\u00e9fono<\/strong>: (0297) 447-3178.<br \/><strong>Horario de atenci\u00f3n<\/strong>: de lunes a viernes de 9:00 hs. 17:00 hs.<br \/><strong>Sucursal en Terminal de \u00d3mnibus,<\/strong> l<strong>ocal 38 &#8211; Comodoro Rivadavia:<br \/>Horario de atenci\u00f3n<\/strong>: de lunes a viernes de 7:00 hs. a 19:30 hs. \/ s\u00e1bados de 9:00 hs. a 13:00 hs. y de 14:00 a 19:00 hs.\u00a0<br \/><strong>E-mail:<\/strong> <a href=\"mailto:expresoradatillysrl@gmail.com\">expresoradatillysrl@gmail.com<\/a><\/p><p>\u00a0<\/p><p>Las tarjetas electr\u00f3nicas para utilizar el servicio de transporte p\u00fablico de pasajeros se deben adquirir y recargar previamente<\/p>\t\t\t\t\t\t\t\t<\/div>\n\t\t\t\t<\/div>\n\t\t\t\t\t<\/div>\n\t\t<\/div>\n\t\t\t\t\t<\/div>\n\t\t<\/section>\n\t\t\t\t<\/div>\n\t\t","protected":false},"excerpt":{"rendered":"<p>Aeropuerto General Enrique Mosconi Ubicado 11 km al norte de la ciudad de Comodoro Rivadavia y 24 km de Rada Tilly, es uno de los aeropuertos m\u00e1s importantes de la Patagonia que opera con vuelos dom\u00e9sticos.Las l\u00edneas a\u00e9reas que viajan a la ciudad son: Aerol\u00edneas Argentinas, Lade y Austral.Para traslados desde el aeropuerto se ofrece el servicio de taxis o remises y alquiler de autos.Para m\u00e1s informaci\u00f3n\u00a0http:\/\/www.aa2000.com.ar\/comrivadavia Acceso por Ruta Nacional N\u00ba 3 Ubicada en la provincia del Chubut, en la zona costera de la Patagonia Argentina, se accede a la ciudad de Rada Tilly por la Ruta Nacional N\u00ba 3, que se encuentra distante a 14 km al sur de la ciudad de Comodoro Rivadavia y a 69 km al norte de Caleta Olivia. Colectivos de larga distancia La terminal se encuentra en el centro de la ciudad de Comodoro Rivadavia. La misma conecta diferentes ciudades dentro de nuestro pa\u00eds y localidades de Chile.Al llegar a la ciudad de Comodoro Rivadavia, el visitante puede optar por utilizar el servicio del transporte p\u00fablico interurbano as\u00ed como tambi\u00e9n remises y taxis,\u00a0para trasladarse a la ciudad de Rada Tilly. http:\/\/www.comodoroturismo.gob.ar\/servicios.php?cat_nombre=Transportes grilla de horarios expreso rt Colectivo interurbano Comodoro Rivadavia &#8211; Rada Tilly El servicio de transporte p\u00fablico de pasajeros hacia la ciudad y dentro de la misma lo brinda la empresa\u00a0Expreso Rada Tilly\u00a0que une Rada Tilly con la vecina localidad de Comodoro Rivadavia. La l\u00ednea N\u00ba 10 de colectivos funciona diariamente desde las 6:00 am hasta la medianoche. Sede Central:Direcci\u00f3n: Teniente Coronel de la Pe\u00f1a 313 \u2013 Rada Tilly.Tel\u00e9fono: (0297) 447-3178.Horario de atenci\u00f3n: de lunes a viernes de 9:00 hs. 17:00 hs.Sucursal en Terminal de \u00d3mnibus, local 38 &#8211; Comodoro Rivadavia:Horario de atenci\u00f3n: de lunes a viernes de 7:00 hs. a 19:30 hs. \/ s\u00e1bados de 9:00 hs. a 13:00 hs. y de 14:00 a 19:00 hs.\u00a0E-mail: expresoradatillysrl@gmail.com \u00a0 Las tarjetas electr\u00f3nicas para utilizar el servicio de transporte p\u00fablico de pasajeros se deben adquirir y recargar previamente<\/p>\n","protected":false},"author":1,"featured_media":0,"parent":0,"menu_order":0,"comment_status":"closed","ping_status":"closed","template":"elementor_header_footer","meta":{"footnotes":""},"class_list":["post-916","page","type-page","status-publish","hentry"],"_links":{"self":[{"href":"https:\/\/radatilly.gob.ar\/deporteyturismo\/wp-json\/wp\/v2\/pages\/916","targetHints":{"allow":["GET"]}}],"collection":[{"href":"https:\/\/radatilly.gob.ar\/deporteyturismo\/wp-json\/wp\/v2\/pages"}],"about":[{"href":"https:\/\/radatilly.gob.ar\/deporteyturismo\/wp-json\/wp\/v2\/types\/page"}],"author":[{"embeddable":true,"href":"https:\/\/radatilly.gob.ar\/deporteyturismo\/wp-json\/wp\/v2\/users\/1"}],"replies":[{"embeddable":true,"href":"https:\/\/radatilly.gob.ar\/deporteyturismo\/wp-json\/wp\/v2\/comments?post=916"}],"version-history":[{"count":5,"href":"https:\/\/radatilly.gob.ar\/deporteyturismo\/wp-json\/wp\/v2\/pages\/916\/revisions"}],"predecessor-version":[{"id":23322,"href":"https:\/\/radatilly.gob.ar\/deporteyturismo\/wp-json\/wp\/v2\/pages\/916\/revisions\/23322"}],"wp:attachment":[{"href":"https:\/\/radatilly.gob.ar\/deporteyturismo\/wp-json\/wp\/v2\/media?parent=916"}],"curies":[{"name":"wp","href":"https:\/\/api.w.org\/{rel}","templated":true}]}}