{"id":70,"date":"2020-07-15T10:33:34","date_gmt":"2020-07-15T13:33:34","guid":{"rendered":"https:\/\/radatilly.gob.ar\/deporteyturismo\/?page_id=70"},"modified":"2020-09-28T12:07:07","modified_gmt":"2020-09-28T15:07:07","slug":"nuestra-ciudad","status":"publish","type":"page","link":"https:\/\/radatilly.gob.ar\/deporteyturismo\/nuestra-ciudad\/","title":{"rendered":"NUESTRA CIUDAD"},"content":{"rendered":"\t\t<div data-elementor-type=\"wp-page\" data-elementor-id=\"70\" class=\"elementor elementor-70\" data-elementor-settings=\"{&quot;ha_cmc_init_switcher&quot;:&quot;no&quot;}\" data-elementor-post-type=\"page\">\n\t\t\t\t\t\t<section class=\"elementor-section elementor-top-section elementor-element elementor-element-1f93d00 elementor-section-boxed elementor-section-height-default elementor-section-height-default wpr-particle-no wpr-jarallax-no wpr-parallax-no wpr-sticky-section-no\" data-id=\"1f93d00\" data-element_type=\"section\" data-e-type=\"section\" data-settings=\"{&quot;_ha_eqh_enable&quot;:false}\">\n\t\t\t\t\t\t\t<div class=\"elementor-background-overlay\"><\/div>\n\t\t\t\t\t\t\t<div class=\"elementor-container elementor-column-gap-default\">\n\t\t\t\t\t<div class=\"elementor-column elementor-col-100 elementor-top-column elementor-element elementor-element-6150eae\" data-id=\"6150eae\" data-element_type=\"column\" data-e-type=\"column\">\n\t\t\t<div class=\"elementor-widget-wrap elementor-element-populated\">\n\t\t\t\t\t\t<div class=\"elementor-element elementor-element-73f912b elementor-widget elementor-widget-heading\" data-id=\"73f912b\" data-element_type=\"widget\" data-e-type=\"widget\" data-widget_type=\"heading.default\">\n\t\t\t\t<div class=\"elementor-widget-container\">\n\t\t\t\t\t<h2 class=\"elementor-heading-title elementor-size-default\">NUESTRA CIUDAD<\/h2>\t\t\t\t<\/div>\n\t\t\t\t<\/div>\n\t\t\t\t\t<\/div>\n\t\t<\/div>\n\t\t\t\t\t<\/div>\n\t\t<\/section>\n\t\t\t\t<section class=\"elementor-section elementor-top-section elementor-element elementor-element-038ea99 elementor-section-boxed elementor-section-height-default elementor-section-height-default wpr-particle-no wpr-jarallax-no wpr-parallax-no wpr-sticky-section-no\" data-id=\"038ea99\" data-element_type=\"section\" data-e-type=\"section\" data-settings=\"{&quot;_ha_eqh_enable&quot;:false}\">\n\t\t\t\t\t\t<div class=\"elementor-container elementor-column-gap-default\">\n\t\t\t\t\t<div class=\"elementor-column elementor-col-100 elementor-top-column elementor-element elementor-element-c2e863b\" data-id=\"c2e863b\" data-element_type=\"column\" data-e-type=\"column\">\n\t\t\t<div class=\"elementor-widget-wrap elementor-element-populated\">\n\t\t\t\t\t\t<div class=\"elementor-element elementor-element-8fec66e elementor-blockquote--skin-quotation elementor-blockquote--align-left elementor-widget elementor-widget-blockquote\" data-id=\"8fec66e\" data-element_type=\"widget\" data-e-type=\"widget\" data-widget_type=\"blockquote.default\">\n\t\t\t\t<div class=\"elementor-widget-container\">\n\t\t\t\t\t\t\t<blockquote class=\"elementor-blockquote\">\n\t\t\t<p class=\"elementor-blockquote__content\">\n\t\t\t\tUbicada en el centro del Golfo San Jorge, en el sudeste de la provincia de Chubut, se accede por RN N\u00ba 3, distante a 14 km al sur de la ciudad de Comodoro Rivadavia y a 69 km al norte de Caleta Olivia, provincia de Santa Cruz.\n\n<br><br>\n\nElegida por su belleza natural y su cercan\u00eda al mar, esta ciudad de m\u00e1s de 15.000 habitantes, fue fundada el 24 de julio de 1948 y descubierta en una expedici\u00f3n cartogr\u00e1fica de la Corona Espa\u00f1ola. Su nombre hace honor al navegante espa\u00f1ol Francisco Javier Everardo-Tilly, m\u00e1s conocido como Marqu\u00e9s de Casa Tilly. \n\n<br><br>\n\nExtensa y calma, entre cerros y acantilados, Rada Tilly es considerada uno de los balnearios m\u00e1s australes de la Patagonia. \nSu playa de m\u00e1s de 3 km de extensi\u00f3n de suelo firme y finas arenas, se convierte en un escenario ideal para dar un paseo junto al mar, disfrutar de un colorido atardecer patag\u00f3nico y practicar deportes como: f\u00fatbol, rugby, atletismo, hockey, carrovelismo, kitesurf y deportes n\u00e1uticos, entre otras actividades.\n\n<br><br>\n\nLa ciudad, ofrece servicios de gastronom\u00eda y hoteler\u00eda, eventos y espacios deportivos y culturales, cuenta con un \u00c1rea Natural Protegida, hogar de un apostadero de lobos marinos de un pelo, adem\u00e1s de miradores de gran altura y aproximaci\u00f3n al mar que propician el avistamiento de ballenas y delfines que se encuentran en tr\u00e1nsito por el lugar.\n\t\t\t<\/p>\n\t\t\t\t\t<\/blockquote>\n\t\t\t\t\t\t<\/div>\n\t\t\t\t<\/div>\n\t\t\t\t\t<\/div>\n\t\t<\/div>\n\t\t\t\t\t<\/div>\n\t\t<\/section>\n\t\t\t\t<\/div>\n\t\t","protected":false},"excerpt":{"rendered":"<p>NUESTRA CIUDAD Ubicada en el centro del Golfo San Jorge, en el sudeste de la provincia de Chubut, se accede por RN N\u00ba 3, distante a 14 km al sur de la ciudad de Comodoro Rivadavia y a 69 km al norte de Caleta Olivia, provincia de Santa Cruz. Elegida por su belleza natural y su cercan\u00eda al mar, esta ciudad de m\u00e1s de 15.000 habitantes, fue fundada el 24 de julio de 1948 y descubierta en una expedici\u00f3n cartogr\u00e1fica de la Corona Espa\u00f1ola. Su nombre hace honor al navegante espa\u00f1ol Francisco Javier Everardo-Tilly, m\u00e1s conocido como Marqu\u00e9s de Casa Tilly. Extensa y calma, entre cerros y acantilados, Rada Tilly es considerada uno de los balnearios m\u00e1s australes de la Patagonia. Su playa de m\u00e1s de 3 km de extensi\u00f3n de suelo firme y finas arenas, se convierte en un escenario ideal para dar un paseo junto al mar, disfrutar de un colorido atardecer patag\u00f3nico y practicar deportes como: f\u00fatbol, rugby, atletismo, hockey, carrovelismo, kitesurf y deportes n\u00e1uticos, entre otras actividades. La ciudad, ofrece servicios de gastronom\u00eda y hoteler\u00eda, eventos y espacios deportivos y culturales, cuenta con un \u00c1rea Natural Protegida, hogar de un apostadero de lobos marinos de un pelo, adem\u00e1s de miradores de gran altura y aproximaci\u00f3n al mar que propician el avistamiento de ballenas y delfines que se encuentran en tr\u00e1nsito por el lugar.<\/p>\n","protected":false},"author":1,"featured_media":0,"parent":0,"menu_order":0,"comment_status":"closed","ping_status":"closed","template":"elementor_header_footer","meta":{"footnotes":""},"class_list":["post-70","page","type-page","status-publish","hentry"],"_links":{"self":[{"href":"https:\/\/radatilly.gob.ar\/deporteyturismo\/wp-json\/wp\/v2\/pages\/70","targetHints":{"allow":["GET"]}}],"collection":[{"href":"https:\/\/radatilly.gob.ar\/deporteyturismo\/wp-json\/wp\/v2\/pages"}],"about":[{"href":"https:\/\/radatilly.gob.ar\/deporteyturismo\/wp-json\/wp\/v2\/types\/page"}],"author":[{"embeddable":true,"href":"https:\/\/radatilly.gob.ar\/deporteyturismo\/wp-json\/wp\/v2\/users\/1"}],"replies":[{"embeddable":true,"href":"https:\/\/radatilly.gob.ar\/deporteyturismo\/wp-json\/wp\/v2\/comments?post=70"}],"version-history":[{"count":0,"href":"https:\/\/radatilly.gob.ar\/deporteyturismo\/wp-json\/wp\/v2\/pages\/70\/revisions"}],"wp:attachment":[{"href":"https:\/\/radatilly.gob.ar\/deporteyturismo\/wp-json\/wp\/v2\/media?parent=70"}],"curies":[{"name":"wp","href":"https:\/\/api.w.org\/{rel}","templated":true}]}}