{"id":64,"date":"2020-07-15T10:32:07","date_gmt":"2020-07-15T13:32:07","guid":{"rendered":"https:\/\/radatilly.gob.ar\/deporteyturismo\/?page_id=64"},"modified":"2025-02-02T12:48:45","modified_gmt":"2025-02-02T15:48:45","slug":"colonia-de-vacaciones","status":"publish","type":"page","link":"https:\/\/radatilly.gob.ar\/deporteyturismo\/colonia-de-vacaciones\/","title":{"rendered":"COLONIA DE VACACIONES"},"content":{"rendered":"\t\t<div data-elementor-type=\"wp-page\" data-elementor-id=\"64\" class=\"elementor elementor-64\" data-elementor-settings=\"{&quot;ha_cmc_init_switcher&quot;:&quot;no&quot;}\" data-elementor-post-type=\"page\">\n\t\t\t\t\t\t<section class=\"elementor-section elementor-top-section elementor-element elementor-element-5a55bc96 elementor-section-boxed elementor-section-height-default elementor-section-height-default wpr-particle-no wpr-jarallax-no wpr-parallax-no wpr-sticky-section-no\" data-id=\"5a55bc96\" data-element_type=\"section\" data-e-type=\"section\" data-settings=\"{&quot;_ha_eqh_enable&quot;:false}\">\n\t\t\t\t\t\t\t<div class=\"elementor-background-overlay\"><\/div>\n\t\t\t\t\t\t\t<div class=\"elementor-container elementor-column-gap-default\">\n\t\t\t\t\t<div class=\"elementor-column elementor-col-100 elementor-top-column elementor-element elementor-element-5cf649a8\" data-id=\"5cf649a8\" data-element_type=\"column\" data-e-type=\"column\">\n\t\t\t<div class=\"elementor-widget-wrap elementor-element-populated\">\n\t\t\t\t\t\t<div class=\"elementor-element elementor-element-3781ea98 elementor-widget elementor-widget-heading\" data-id=\"3781ea98\" data-element_type=\"widget\" data-e-type=\"widget\" data-widget_type=\"heading.default\">\n\t\t\t\t<div class=\"elementor-widget-container\">\n\t\t\t\t\t<h2 class=\"elementor-heading-title elementor-size-default\">colonia de vacaciones<\/h2>\t\t\t\t<\/div>\n\t\t\t\t<\/div>\n\t\t\t\t\t<\/div>\n\t\t<\/div>\n\t\t\t\t\t<\/div>\n\t\t<\/section>\n\t\t\t\t<section class=\"elementor-section elementor-inner-section elementor-element elementor-element-6e2a3222 elementor-section-boxed elementor-section-height-default elementor-section-height-default wpr-particle-no wpr-jarallax-no wpr-parallax-no wpr-sticky-section-no\" data-id=\"6e2a3222\" data-element_type=\"section\" data-e-type=\"section\" data-settings=\"{&quot;_ha_eqh_enable&quot;:false}\">\n\t\t\t\t\t\t<div class=\"elementor-container elementor-column-gap-default\">\n\t\t\t\t\t<div class=\"elementor-column elementor-col-100 elementor-inner-column elementor-element elementor-element-6cd7d0a9\" data-id=\"6cd7d0a9\" data-element_type=\"column\" data-e-type=\"column\">\n\t\t\t<div class=\"elementor-widget-wrap elementor-element-populated\">\n\t\t\t\t\t\t<div class=\"elementor-element elementor-element-30388248 elementor-widget elementor-widget-text-editor\" data-id=\"30388248\" data-element_type=\"widget\" data-e-type=\"widget\" data-widget_type=\"text-editor.default\">\n\t\t\t\t<div class=\"elementor-widget-container\">\n\t\t\t\t\t\t\t\t\t<p style=\"text-align: left;\"><b data-stringify-type=\"bold\">Colonia de ni\u00f1os<\/b><br>La colonia se desarrolla en el marco de las actividades de formaci\u00f3n psicomotriz que se lleva adelante durante todo el a\u00f1o a trav\u00e9s de los distintos espacios de formaci\u00f3n deportiva. La propuesta tiene como eje central la recreaci\u00f3n, a partir de actividades en espacios adecuados para cada edad, utilizando para esto, diferentes sedes. Entre los juegos donde los ni\u00f1os\/as aprenden a relacionarse con el medio y la importancia de su preservaci\u00f3n, se desarrollan caminatas de reconocimiento de flora aut\u00f3ctona y visitas al ANP Punta Marqu\u00e9s y a la playa de nuestra localidad. Tambi\u00e9n se suman a este objetivo, actividades como armado de composteras, charlas con entidades y asociaciones relacionadas al cuidado del ambiente. Las actividades de formaci\u00f3n ciudadana tambi\u00e9n tienen su lugar, a trav\u00e9s de propuestas destinadas al aprendizaje de las normas de nuestra comunidad. Se realizan visitas a instituciones como el cuartel de bomberos y la comisar\u00eda. La colonia est\u00e1 destinada a ni\u00f1os y ni\u00f1as desde los 4 a\u00f1os que ya hayan realizado su primer a\u00f1o en el nivel inicial, hasta los 12 a\u00f1os inclusive. La propuesta se desarrolla durante todo el mes de enero, siendo el per\u00edodo de inscripciones durante el mes de diciembre.<br><b data-stringify-type=\"bold\"><\/b><\/p>\n<p style=\"text-align: left;\"><b data-stringify-type=\"bold\">Colonia de Adultos Mayores<\/b><br>Las jornadas recreativas y participativas de la colonia de vacaciones son coordinadas por profesores de educaci\u00f3n f\u00edsica de la Secretar\u00eda de Deportes Municipal. El objetivo de la propuesta es favorecer los encuentros, la recreaci\u00f3n y poner en valor el desarrollo de lazos sociales, a trav\u00e9s de actividades f\u00edsicas y&nbsp;psicosociales grupales en un espacio de promoci\u00f3n como aporte a la calidad de vida de sus participantes.<br>Entre las actividades programadas se encuentran las caminatas, juegos de sal\u00f3n, encuentros de pileta, charlas con profesionales y salidas a puntos de inter\u00e9s de la ciudad de Rada Tilly como la playa y el \u00c1rea Natural Punta Marqu\u00e9s. Los requisitos para participar de estas jornadas, son ser residente de la ciudad y ser mayor de 60 a\u00f1os. Los encuentros previstos se realizan en la sede del&nbsp;Gimnasio Municipal \u201cManuel Belgrano\u201d, ubicado en calle Ant\u00e1rtida Argentina N\u00ba 333.<\/p>\t\t\t\t\t\t\t\t<\/div>\n\t\t\t\t<\/div>\n\t\t\t\t\t<\/div>\n\t\t<\/div>\n\t\t\t\t\t<\/div>\n\t\t<\/section>\n\t\t\t\t<section class=\"elementor-section elementor-inner-section elementor-element elementor-element-3c6b2326 elementor-section-boxed elementor-section-height-default elementor-section-height-default wpr-particle-no wpr-jarallax-no wpr-parallax-no wpr-sticky-section-no\" data-id=\"3c6b2326\" data-element_type=\"section\" data-e-type=\"section\" data-settings=\"{&quot;_ha_eqh_enable&quot;:false}\">\n\t\t\t\t\t\t<div class=\"elementor-container elementor-column-gap-default\">\n\t\t\t\t\t<div class=\"elementor-column elementor-col-100 elementor-inner-column elementor-element elementor-element-604d2ee3\" data-id=\"604d2ee3\" data-element_type=\"column\" data-e-type=\"column\">\n\t\t\t<div class=\"elementor-widget-wrap elementor-element-populated\">\n\t\t\t\t\t\t<div class=\"elementor-element elementor-element-38729df7 elementor-skin-carousel elementor-arrows-yes elementor-pagination-type-bullets elementor-pagination-position-outside elementor-widget elementor-widget-media-carousel\" data-id=\"38729df7\" data-element_type=\"widget\" data-e-type=\"widget\" data-settings=\"{&quot;space_between&quot;:{&quot;unit&quot;:&quot;px&quot;,&quot;size&quot;:11,&quot;sizes&quot;:[]},&quot;skin&quot;:&quot;carousel&quot;,&quot;effect&quot;:&quot;slide&quot;,&quot;show_arrows&quot;:&quot;yes&quot;,&quot;pagination&quot;:&quot;bullets&quot;,&quot;speed&quot;:500,&quot;autoplay&quot;:&quot;yes&quot;,&quot;autoplay_speed&quot;:5000,&quot;loop&quot;:&quot;yes&quot;,&quot;pause_on_hover&quot;:&quot;yes&quot;,&quot;pause_on_interaction&quot;:&quot;yes&quot;,&quot;space_between_tablet&quot;:{&quot;unit&quot;:&quot;px&quot;,&quot;size&quot;:10,&quot;sizes&quot;:[]},&quot;space_between_mobile&quot;:{&quot;unit&quot;:&quot;px&quot;,&quot;size&quot;:10,&quot;sizes&quot;:[]}}\" data-widget_type=\"media-carousel.default\">\n\t\t\t\t<div class=\"elementor-widget-container\">\n\t\t\t\t\t\t\t\t\t<div class=\"elementor-swiper\">\n\t\t\t\t\t<div class=\"elementor-main-swiper swiper\" role=\"region\" aria-roledescription=\"carousel\" aria-label=\"Slides\">\n\t\t\t\t<div class=\"swiper-wrapper\">\n\t\t\t\t\t\t\t\t\t\t\t<div class=\"swiper-slide\" role=\"group\" aria-roledescription=\"slide\">\n\t\t\t\t\t\t\t<a href=\"https:\/\/radatilly.gob.ar\/deporteyturismo\/wp-content\/uploads\/sites\/5\/2020\/08\/COLONIA-DE-VERANO-02.jpg\" data-elementor-open-lightbox=\"yes\" data-elementor-lightbox-slideshow=\"38729df7\" data-elementor-lightbox-title=\"COLONIA DE VERANO 02\" data-e-action-hash=\"#elementor-action%3Aaction%3Dlightbox%26settings%3DeyJpZCI6MTAyOSwidXJsIjoiaHR0cHM6XC9cL3JhZGF0aWxseS5nb2IuYXJcL2RlcG9ydGV5dHVyaXNtb1wvd3AtY29udGVudFwvdXBsb2Fkc1wvc2l0ZXNcLzVcLzIwMjBcLzA4XC9DT0xPTklBLURFLVZFUkFOTy0wMi5qcGciLCJzbGlkZXNob3ciOiIzODcyOWRmNyJ9\">\t\t<div class=\"elementor-carousel-image\" role=\"img\" aria-label=\"COLONIA DE VERANO 02\" style=\"background-image: url(&#039;https:\/\/radatilly.gob.ar\/deporteyturismo\/wp-content\/uploads\/sites\/5\/2020\/08\/COLONIA-DE-VERANO-02.jpg&#039;)\">\n\n\t\t\t\n\t\t\t\t\t<\/div>\n\t\t<\/a>\t\t\t\t\t\t<\/div>\n\t\t\t\t\t\t\t\t\t\t\t<div class=\"swiper-slide\" role=\"group\" aria-roledescription=\"slide\">\n\t\t\t\t\t\t\t<a href=\"https:\/\/radatilly.gob.ar\/deporteyturismo\/wp-content\/uploads\/sites\/5\/2020\/08\/COLONIA-DE-VERANO-01.jpg\" data-elementor-open-lightbox=\"yes\" data-elementor-lightbox-slideshow=\"38729df7\" data-elementor-lightbox-title=\"COLONIA DE VERANO 01\" data-e-action-hash=\"#elementor-action%3Aaction%3Dlightbox%26settings%3DeyJpZCI6MTAyOCwidXJsIjoiaHR0cHM6XC9cL3JhZGF0aWxseS5nb2IuYXJcL2RlcG9ydGV5dHVyaXNtb1wvd3AtY29udGVudFwvdXBsb2Fkc1wvc2l0ZXNcLzVcLzIwMjBcLzA4XC9DT0xPTklBLURFLVZFUkFOTy0wMS5qcGciLCJzbGlkZXNob3ciOiIzODcyOWRmNyJ9\">\t\t<div class=\"elementor-carousel-image\" role=\"img\" aria-label=\"COLONIA DE VERANO 01\" style=\"background-image: url(&#039;https:\/\/radatilly.gob.ar\/deporteyturismo\/wp-content\/uploads\/sites\/5\/2020\/08\/COLONIA-DE-VERANO-01.jpg&#039;)\">\n\n\t\t\t\n\t\t\t\t\t<\/div>\n\t\t<\/a>\t\t\t\t\t\t<\/div>\n\t\t\t\t\t\t\t\t\t\t\t<div class=\"swiper-slide\" role=\"group\" aria-roledescription=\"slide\">\n\t\t\t\t\t\t\t<a href=\"https:\/\/radatilly.gob.ar\/deporteyturismo\/wp-content\/uploads\/sites\/5\/2020\/08\/COLONIA-DE-VERANO-00.jpg\" data-elementor-open-lightbox=\"yes\" data-elementor-lightbox-slideshow=\"38729df7\" data-elementor-lightbox-title=\"COLONIA DE VERANO 00\" data-e-action-hash=\"#elementor-action%3Aaction%3Dlightbox%26settings%3DeyJpZCI6MTAyNywidXJsIjoiaHR0cHM6XC9cL3JhZGF0aWxseS5nb2IuYXJcL2RlcG9ydGV5dHVyaXNtb1wvd3AtY29udGVudFwvdXBsb2Fkc1wvc2l0ZXNcLzVcLzIwMjBcLzA4XC9DT0xPTklBLURFLVZFUkFOTy0wMC5qcGciLCJzbGlkZXNob3ciOiIzODcyOWRmNyJ9\">\t\t<div class=\"elementor-carousel-image\" role=\"img\" aria-label=\"COLONIA DE VERANO 00\" style=\"background-image: url(&#039;https:\/\/radatilly.gob.ar\/deporteyturismo\/wp-content\/uploads\/sites\/5\/2020\/08\/COLONIA-DE-VERANO-00.jpg&#039;)\">\n\n\t\t\t\n\t\t\t\t\t<\/div>\n\t\t<\/a>\t\t\t\t\t\t<\/div>\n\t\t\t\t\t\t\t\t\t\t\t<div class=\"swiper-slide\" role=\"group\" aria-roledescription=\"slide\">\n\t\t\t\t\t\t\t<a href=\"https:\/\/radatilly.gob.ar\/deporteyturismo\/wp-content\/uploads\/sites\/5\/2020\/08\/COLONIA-ADULTOS-MAYORES-00.jpg\" data-elementor-open-lightbox=\"yes\" data-elementor-lightbox-slideshow=\"38729df7\" data-elementor-lightbox-title=\"COLONIA ADULTOS MAYORES 00\" data-e-action-hash=\"#elementor-action%3Aaction%3Dlightbox%26settings%3DeyJpZCI6MTAyNiwidXJsIjoiaHR0cHM6XC9cL3JhZGF0aWxseS5nb2IuYXJcL2RlcG9ydGV5dHVyaXNtb1wvd3AtY29udGVudFwvdXBsb2Fkc1wvc2l0ZXNcLzVcLzIwMjBcLzA4XC9DT0xPTklBLUFEVUxUT1MtTUFZT1JFUy0wMC5qcGciLCJzbGlkZXNob3ciOiIzODcyOWRmNyJ9\">\t\t<div class=\"elementor-carousel-image\" role=\"img\" aria-label=\"COLONIA ADULTOS MAYORES 00\" style=\"background-image: url(&#039;https:\/\/radatilly.gob.ar\/deporteyturismo\/wp-content\/uploads\/sites\/5\/2020\/08\/COLONIA-ADULTOS-MAYORES-00.jpg&#039;)\">\n\n\t\t\t\n\t\t\t\t\t<\/div>\n\t\t<\/a>\t\t\t\t\t\t<\/div>\n\t\t\t\t\t\t\t\t\t\t\t<div class=\"swiper-slide\" role=\"group\" aria-roledescription=\"slide\">\n\t\t\t\t\t\t\t<a href=\"https:\/\/radatilly.gob.ar\/deporteyturismo\/wp-content\/uploads\/sites\/5\/2020\/08\/PORTADA-COLONIA.jpg\" data-elementor-open-lightbox=\"yes\" data-elementor-lightbox-slideshow=\"38729df7\" data-elementor-lightbox-title=\"PORTADA COLONIA\" data-e-action-hash=\"#elementor-action%3Aaction%3Dlightbox%26settings%3DeyJpZCI6MTAyMSwidXJsIjoiaHR0cHM6XC9cL3JhZGF0aWxseS5nb2IuYXJcL2RlcG9ydGV5dHVyaXNtb1wvd3AtY29udGVudFwvdXBsb2Fkc1wvc2l0ZXNcLzVcLzIwMjBcLzA4XC9QT1JUQURBLUNPTE9OSUEuanBnIiwic2xpZGVzaG93IjoiMzg3MjlkZjcifQ%3D%3D\">\t\t<div class=\"elementor-carousel-image\" role=\"img\" aria-label=\"PORTADA COLONIA\" style=\"background-image: url(&#039;https:\/\/radatilly.gob.ar\/deporteyturismo\/wp-content\/uploads\/sites\/5\/2020\/08\/PORTADA-COLONIA.jpg&#039;)\">\n\n\t\t\t\n\t\t\t\t\t<\/div>\n\t\t<\/a>\t\t\t\t\t\t<\/div>\n\t\t\t\t\t\t\t\t\t<\/div>\n\t\t\t\t\t\t\t\t\t\t\t\t\t\t\t<div class=\"elementor-swiper-button elementor-swiper-button-prev\" role=\"button\" tabindex=\"0\" aria-label=\"Previous\">\n\t\t\t\t\t\t\t<i aria-hidden=\"true\" class=\"eicon-chevron-left\"><\/i>\t\t\t\t\t\t<\/div>\n\t\t\t\t\t\t<div class=\"elementor-swiper-button elementor-swiper-button-next\" role=\"button\" tabindex=\"0\" aria-label=\"Next\">\n\t\t\t\t\t\t\t<i aria-hidden=\"true\" class=\"eicon-chevron-right\"><\/i>\t\t\t\t\t\t<\/div>\n\t\t\t\t\t\t\t\t\t\t\t\t\t\t\t\t<div class=\"swiper-pagination\"><\/div>\n\t\t\t\t\t\t\t\t\t\t\t\t<\/div>\n\t\t\t\t<\/div>\n\t\t\t\t\t\t\t\t<\/div>\n\t\t\t\t<\/div>\n\t\t\t\t\t<\/div>\n\t\t<\/div>\n\t\t\t\t\t<\/div>\n\t\t<\/section>\n\t\t\t\t<\/div>\n\t\t","protected":false},"excerpt":{"rendered":"<p>colonia de vacaciones Colonia de ni\u00f1osLa colonia se desarrolla en el marco de las actividades de formaci\u00f3n psicomotriz que se lleva adelante durante todo el a\u00f1o a trav\u00e9s de los distintos espacios de formaci\u00f3n deportiva. La propuesta tiene como eje central la recreaci\u00f3n, a partir de actividades en espacios adecuados para cada edad, utilizando para esto, diferentes sedes. Entre los juegos donde los ni\u00f1os\/as aprenden a relacionarse con el medio y la importancia de su preservaci\u00f3n, se desarrollan caminatas de reconocimiento de flora aut\u00f3ctona y visitas al ANP Punta Marqu\u00e9s y a la playa de nuestra localidad. Tambi\u00e9n se suman a este objetivo, actividades como armado de composteras, charlas con entidades y asociaciones relacionadas al cuidado del ambiente. Las actividades de formaci\u00f3n ciudadana tambi\u00e9n tienen su lugar, a trav\u00e9s de propuestas destinadas al aprendizaje de las normas de nuestra comunidad. Se realizan visitas a instituciones como el cuartel de bomberos y la comisar\u00eda. La colonia est\u00e1 destinada a ni\u00f1os y ni\u00f1as desde los 4 a\u00f1os que ya hayan realizado su primer a\u00f1o en el nivel inicial, hasta los 12 a\u00f1os inclusive. La propuesta se desarrolla durante todo el mes de enero, siendo el per\u00edodo de inscripciones durante el mes de diciembre. Colonia de Adultos MayoresLas jornadas recreativas y participativas de la colonia de vacaciones son coordinadas por profesores de educaci\u00f3n f\u00edsica de la Secretar\u00eda de Deportes Municipal. El objetivo de la propuesta es favorecer los encuentros, la recreaci\u00f3n y poner en valor el desarrollo de lazos sociales, a trav\u00e9s de actividades f\u00edsicas y&nbsp;psicosociales grupales en un espacio de promoci\u00f3n como aporte a la calidad de vida de sus participantes.Entre las actividades programadas se encuentran las caminatas, juegos de sal\u00f3n, encuentros de pileta, charlas con profesionales y salidas a puntos de inter\u00e9s de la ciudad de Rada Tilly como la playa y el \u00c1rea Natural Punta Marqu\u00e9s. Los requisitos para participar de estas jornadas, son ser residente de la ciudad y ser mayor de 60 a\u00f1os. Los encuentros previstos se realizan en la sede del&nbsp;Gimnasio Municipal \u201cManuel Belgrano\u201d, ubicado en calle Ant\u00e1rtida Argentina N\u00ba 333.<\/p>\n","protected":false},"author":1,"featured_media":0,"parent":0,"menu_order":0,"comment_status":"closed","ping_status":"closed","template":"elementor_header_footer","meta":{"footnotes":""},"class_list":["post-64","page","type-page","status-publish","hentry"],"_links":{"self":[{"href":"https:\/\/radatilly.gob.ar\/deporteyturismo\/wp-json\/wp\/v2\/pages\/64","targetHints":{"allow":["GET"]}}],"collection":[{"href":"https:\/\/radatilly.gob.ar\/deporteyturismo\/wp-json\/wp\/v2\/pages"}],"about":[{"href":"https:\/\/radatilly.gob.ar\/deporteyturismo\/wp-json\/wp\/v2\/types\/page"}],"author":[{"embeddable":true,"href":"https:\/\/radatilly.gob.ar\/deporteyturismo\/wp-json\/wp\/v2\/users\/1"}],"replies":[{"embeddable":true,"href":"https:\/\/radatilly.gob.ar\/deporteyturismo\/wp-json\/wp\/v2\/comments?post=64"}],"version-history":[{"count":5,"href":"https:\/\/radatilly.gob.ar\/deporteyturismo\/wp-json\/wp\/v2\/pages\/64\/revisions"}],"predecessor-version":[{"id":23297,"href":"https:\/\/radatilly.gob.ar\/deporteyturismo\/wp-json\/wp\/v2\/pages\/64\/revisions\/23297"}],"wp:attachment":[{"href":"https:\/\/radatilly.gob.ar\/deporteyturismo\/wp-json\/wp\/v2\/media?parent=64"}],"curies":[{"name":"wp","href":"https:\/\/api.w.org\/{rel}","templated":true}]}}