{"id":62,"date":"2020-07-15T10:31:55","date_gmt":"2020-07-15T13:31:55","guid":{"rendered":"https:\/\/radatilly.gob.ar\/deporteyturismo\/?page_id=62"},"modified":"2025-02-02T12:49:38","modified_gmt":"2025-02-02T15:49:38","slug":"espacios-al-aire-libre","status":"publish","type":"page","link":"https:\/\/radatilly.gob.ar\/deporteyturismo\/espacios-al-aire-libre\/","title":{"rendered":"ESPACIOS AL AIRE LIBRE"},"content":{"rendered":"\t\t<div data-elementor-type=\"wp-page\" data-elementor-id=\"62\" class=\"elementor elementor-62\" data-elementor-settings=\"{&quot;ha_cmc_init_switcher&quot;:&quot;no&quot;}\" data-elementor-post-type=\"page\">\n\t\t\t\t\t\t<section class=\"elementor-section elementor-top-section elementor-element elementor-element-bc33071 elementor-section-content-middle elementor-section-boxed elementor-section-height-default elementor-section-height-default wpr-particle-no wpr-jarallax-no wpr-parallax-no wpr-sticky-section-no\" data-id=\"bc33071\" data-element_type=\"section\" data-e-type=\"section\" data-settings=\"{&quot;_ha_eqh_enable&quot;:false}\">\n\t\t\t\t\t\t\t<div class=\"elementor-background-overlay\"><\/div>\n\t\t\t\t\t\t\t<div class=\"elementor-container elementor-column-gap-default\">\n\t\t\t\t\t<div class=\"elementor-column elementor-col-100 elementor-top-column elementor-element elementor-element-a5f1731\" data-id=\"a5f1731\" data-element_type=\"column\" data-e-type=\"column\">\n\t\t\t<div class=\"elementor-widget-wrap elementor-element-populated\">\n\t\t\t\t\t\t<div class=\"elementor-element elementor-element-9842ca0 elementor-widget elementor-widget-heading\" data-id=\"9842ca0\" data-element_type=\"widget\" data-e-type=\"widget\" data-widget_type=\"heading.default\">\n\t\t\t\t<div class=\"elementor-widget-container\">\n\t\t\t\t\t<h2 class=\"elementor-heading-title elementor-size-default\">ESPACIOS AL AIRE LIBRE<\/h2>\t\t\t\t<\/div>\n\t\t\t\t<\/div>\n\t\t\t\t\t<\/div>\n\t\t<\/div>\n\t\t\t\t\t<\/div>\n\t\t<\/section>\n\t\t\t\t<section class=\"elementor-section elementor-top-section elementor-element elementor-element-d200df7 elementor-section-boxed elementor-section-height-default elementor-section-height-default wpr-particle-no wpr-jarallax-no wpr-parallax-no wpr-sticky-section-no\" data-id=\"d200df7\" data-element_type=\"section\" data-e-type=\"section\" data-settings=\"{&quot;_ha_eqh_enable&quot;:false}\">\n\t\t\t\t\t\t<div class=\"elementor-container elementor-column-gap-default\">\n\t\t\t\t\t<div class=\"elementor-column elementor-col-100 elementor-top-column elementor-element elementor-element-1eaa02db\" data-id=\"1eaa02db\" data-element_type=\"column\" data-e-type=\"column\">\n\t\t\t<div class=\"elementor-widget-wrap elementor-element-populated\">\n\t\t\t\t\t\t<div class=\"elementor-element elementor-element-2211bf0a elementor-blockquote--skin-quotation elementor-blockquote--align-left elementor-widget elementor-widget-blockquote\" data-id=\"2211bf0a\" data-element_type=\"widget\" data-e-type=\"widget\" data-widget_type=\"blockquote.default\">\n\t\t\t\t<div class=\"elementor-widget-container\">\n\t\t\t\t\t\t\t<blockquote class=\"elementor-blockquote\">\n\t\t\t<p class=\"elementor-blockquote__content\">\n\t\t\t\tLa ciudad de Rada Tilly se caracteriza por un paisaje urbano planificado, con una importante cantidad de espacios dise\u00f1ados como \u00e1reas de recreaci\u00f3n para diferentes usos; como punto de encuentro para expresiones deportivas o culturales, hacer ejercicios o dar un paseo. Los mismos se ubican en las plazas y en el paseo costero.\n \nAlgunos espacios verdes se encuentran acondicionados con infraestructura y estructuras accesibles y de integraci\u00f3n, cuentan con equipamiento de juegos infantiles que acompa\u00f1an el crecimiento de los ni\u00f1os, adecu\u00e1ndose a las diferentes edades y destrezas de los mismos.\n \nAdem\u00e1s, estos puntos est\u00e1n pensados para promover el ejercicio y contribuir a la prevenci\u00f3n de enfermedades cardiovasculares, diabetes, hipertensi\u00f3n, obesidad y depresi\u00f3n. En las estaciones saludables ubicadas en la playa y plazas, se encuentran equipos como bicicleta fija, rotador, banco de abdominales y espinales, p\u00e9ndulo doble, paralelas, elongador y caminador a\u00e9reo.\n<br><br>\n<a href=\"https:\/\/www.google.com\/maps\/d\/u\/0\/viewer?mid=1Q3aRygsdOBZ5QqAwlJEA-CZRT13TcNwo&amp;ll=-45.92712419999999%2C-67.5618104&amp;z=14\">PLAZAS Y ESPACIOS VERDES EN RADA TILLY<\/a>\n\t\t\t<\/p>\n\t\t\t\t\t<\/blockquote>\n\t\t\t\t\t\t<\/div>\n\t\t\t\t<\/div>\n\t\t\t\t\t<\/div>\n\t\t<\/div>\n\t\t\t\t\t<\/div>\n\t\t<\/section>\n\t\t\t\t<section class=\"elementor-section elementor-inner-section elementor-element elementor-element-50e46efc elementor-section-boxed elementor-section-height-default elementor-section-height-default wpr-particle-no wpr-jarallax-no wpr-parallax-no wpr-sticky-section-no\" data-id=\"50e46efc\" data-element_type=\"section\" data-e-type=\"section\" data-settings=\"{&quot;_ha_eqh_enable&quot;:false}\">\n\t\t\t\t\t\t<div class=\"elementor-container elementor-column-gap-default\">\n\t\t\t\t\t<div class=\"elementor-column elementor-col-100 elementor-inner-column elementor-element elementor-element-50170faf\" data-id=\"50170faf\" data-element_type=\"column\" data-e-type=\"column\">\n\t\t\t<div class=\"elementor-widget-wrap elementor-element-populated\">\n\t\t\t\t\t\t<div class=\"elementor-element elementor-element-2c7d0b49 elementor-skin-carousel elementor-arrows-yes elementor-pagination-type-bullets elementor-pagination-position-outside elementor-widget elementor-widget-media-carousel\" data-id=\"2c7d0b49\" data-element_type=\"widget\" data-e-type=\"widget\" data-settings=\"{&quot;space_between&quot;:{&quot;unit&quot;:&quot;px&quot;,&quot;size&quot;:11,&quot;sizes&quot;:[]},&quot;skin&quot;:&quot;carousel&quot;,&quot;effect&quot;:&quot;slide&quot;,&quot;show_arrows&quot;:&quot;yes&quot;,&quot;pagination&quot;:&quot;bullets&quot;,&quot;speed&quot;:500,&quot;autoplay&quot;:&quot;yes&quot;,&quot;autoplay_speed&quot;:5000,&quot;loop&quot;:&quot;yes&quot;,&quot;pause_on_hover&quot;:&quot;yes&quot;,&quot;pause_on_interaction&quot;:&quot;yes&quot;,&quot;space_between_tablet&quot;:{&quot;unit&quot;:&quot;px&quot;,&quot;size&quot;:10,&quot;sizes&quot;:[]},&quot;space_between_mobile&quot;:{&quot;unit&quot;:&quot;px&quot;,&quot;size&quot;:10,&quot;sizes&quot;:[]}}\" data-widget_type=\"media-carousel.default\">\n\t\t\t\t<div class=\"elementor-widget-container\">\n\t\t\t\t\t\t\t\t\t<div class=\"elementor-swiper\">\n\t\t\t\t\t<div class=\"elementor-main-swiper swiper\" role=\"region\" aria-roledescription=\"carousel\" aria-label=\"Slides\">\n\t\t\t\t<div class=\"swiper-wrapper\">\n\t\t\t\t\t\t\t\t\t\t\t<div class=\"swiper-slide\" role=\"group\" aria-roledescription=\"slide\">\n\t\t\t\t\t\t\t<a href=\"https:\/\/radatilly.gob.ar\/deporteyturismo\/wp-content\/uploads\/sites\/5\/2020\/08\/ESPACIOS-1.jpg\" data-elementor-open-lightbox=\"yes\" data-elementor-lightbox-slideshow=\"2c7d0b49\" data-elementor-lightbox-title=\"Christian Emmer\" data-e-action-hash=\"#elementor-action%3Aaction%3Dlightbox%26settings%3DeyJpZCI6MTMyNSwidXJsIjoiaHR0cHM6XC9cL3JhZGF0aWxseS5nb2IuYXJcL2RlcG9ydGV5dHVyaXNtb1wvd3AtY29udGVudFwvdXBsb2Fkc1wvc2l0ZXNcLzVcLzIwMjBcLzA4XC9FU1BBQ0lPUy0xLmpwZyIsInNsaWRlc2hvdyI6IjJjN2QwYjQ5In0%3D\">\t\t<div class=\"elementor-carousel-image\" role=\"img\" aria-label=\"Christian Emmer\" style=\"background-image: url(&#039;https:\/\/radatilly.gob.ar\/deporteyturismo\/wp-content\/uploads\/sites\/5\/2020\/08\/ESPACIOS-1.jpg&#039;)\">\n\n\t\t\t\n\t\t\t\t\t<\/div>\n\t\t<\/a>\t\t\t\t\t\t<\/div>\n\t\t\t\t\t\t\t\t\t\t\t<div class=\"swiper-slide\" role=\"group\" aria-roledescription=\"slide\">\n\t\t\t\t\t\t\t<a href=\"https:\/\/radatilly.gob.ar\/deporteyturismo\/wp-content\/uploads\/sites\/5\/2020\/08\/ESPACIOS-2.jpg\" data-elementor-open-lightbox=\"yes\" data-elementor-lightbox-slideshow=\"2c7d0b49\" data-elementor-lightbox-title=\"ESPACIOS (2)\" data-e-action-hash=\"#elementor-action%3Aaction%3Dlightbox%26settings%3DeyJpZCI6MTMyNiwidXJsIjoiaHR0cHM6XC9cL3JhZGF0aWxseS5nb2IuYXJcL2RlcG9ydGV5dHVyaXNtb1wvd3AtY29udGVudFwvdXBsb2Fkc1wvc2l0ZXNcLzVcLzIwMjBcLzA4XC9FU1BBQ0lPUy0yLmpwZyIsInNsaWRlc2hvdyI6IjJjN2QwYjQ5In0%3D\">\t\t<div class=\"elementor-carousel-image\" role=\"img\" aria-label=\"ESPACIOS (2)\" style=\"background-image: url(&#039;https:\/\/radatilly.gob.ar\/deporteyturismo\/wp-content\/uploads\/sites\/5\/2020\/08\/ESPACIOS-2.jpg&#039;)\">\n\n\t\t\t\n\t\t\t\t\t<\/div>\n\t\t<\/a>\t\t\t\t\t\t<\/div>\n\t\t\t\t\t\t\t\t\t\t\t<div class=\"swiper-slide\" role=\"group\" aria-roledescription=\"slide\">\n\t\t\t\t\t\t\t<a href=\"https:\/\/radatilly.gob.ar\/deporteyturismo\/wp-content\/uploads\/sites\/5\/2020\/08\/ESPACIOS-3.jpg\" data-elementor-open-lightbox=\"yes\" data-elementor-lightbox-slideshow=\"2c7d0b49\" data-elementor-lightbox-title=\"Christian Emmer\" data-e-action-hash=\"#elementor-action%3Aaction%3Dlightbox%26settings%3DeyJpZCI6MTMyNywidXJsIjoiaHR0cHM6XC9cL3JhZGF0aWxseS5nb2IuYXJcL2RlcG9ydGV5dHVyaXNtb1wvd3AtY29udGVudFwvdXBsb2Fkc1wvc2l0ZXNcLzVcLzIwMjBcLzA4XC9FU1BBQ0lPUy0zLmpwZyIsInNsaWRlc2hvdyI6IjJjN2QwYjQ5In0%3D\">\t\t<div class=\"elementor-carousel-image\" role=\"img\" aria-label=\"Christian Emmer\" style=\"background-image: url(&#039;https:\/\/radatilly.gob.ar\/deporteyturismo\/wp-content\/uploads\/sites\/5\/2020\/08\/ESPACIOS-3.jpg&#039;)\">\n\n\t\t\t\n\t\t\t\t\t<\/div>\n\t\t<\/a>\t\t\t\t\t\t<\/div>\n\t\t\t\t\t\t\t\t\t\t\t<div class=\"swiper-slide\" role=\"group\" aria-roledescription=\"slide\">\n\t\t\t\t\t\t\t<a href=\"https:\/\/radatilly.gob.ar\/deporteyturismo\/wp-content\/uploads\/sites\/5\/2020\/08\/ESPACIOS-5.jpg\" data-elementor-open-lightbox=\"yes\" data-elementor-lightbox-slideshow=\"2c7d0b49\" data-elementor-lightbox-title=\"Christian Emmer\" data-e-action-hash=\"#elementor-action%3Aaction%3Dlightbox%26settings%3DeyJpZCI6MTMyOSwidXJsIjoiaHR0cHM6XC9cL3JhZGF0aWxseS5nb2IuYXJcL2RlcG9ydGV5dHVyaXNtb1wvd3AtY29udGVudFwvdXBsb2Fkc1wvc2l0ZXNcLzVcLzIwMjBcLzA4XC9FU1BBQ0lPUy01LmpwZyIsInNsaWRlc2hvdyI6IjJjN2QwYjQ5In0%3D\">\t\t<div class=\"elementor-carousel-image\" role=\"img\" aria-label=\"Christian Emmer\" style=\"background-image: url(&#039;https:\/\/radatilly.gob.ar\/deporteyturismo\/wp-content\/uploads\/sites\/5\/2020\/08\/ESPACIOS-5.jpg&#039;)\">\n\n\t\t\t\n\t\t\t\t\t<\/div>\n\t\t<\/a>\t\t\t\t\t\t<\/div>\n\t\t\t\t\t\t\t\t\t<\/div>\n\t\t\t\t\t\t\t\t\t\t\t\t\t\t\t<div class=\"elementor-swiper-button elementor-swiper-button-prev\" role=\"button\" tabindex=\"0\" aria-label=\"Previous\">\n\t\t\t\t\t\t\t<i aria-hidden=\"true\" class=\"eicon-chevron-left\"><\/i>\t\t\t\t\t\t<\/div>\n\t\t\t\t\t\t<div class=\"elementor-swiper-button elementor-swiper-button-next\" role=\"button\" tabindex=\"0\" aria-label=\"Next\">\n\t\t\t\t\t\t\t<i aria-hidden=\"true\" class=\"eicon-chevron-right\"><\/i>\t\t\t\t\t\t<\/div>\n\t\t\t\t\t\t\t\t\t\t\t\t\t\t\t\t<div class=\"swiper-pagination\"><\/div>\n\t\t\t\t\t\t\t\t\t\t\t\t<\/div>\n\t\t\t\t<\/div>\n\t\t\t\t\t\t\t\t<\/div>\n\t\t\t\t<\/div>\n\t\t\t\t\t<\/div>\n\t\t<\/div>\n\t\t\t\t\t<\/div>\n\t\t<\/section>\n\t\t\t\t<\/div>\n\t\t","protected":false},"excerpt":{"rendered":"<p>ESPACIOS AL AIRE LIBRE La ciudad de Rada Tilly se caracteriza por un paisaje urbano planificado, con una importante cantidad de espacios dise\u00f1ados como \u00e1reas de recreaci\u00f3n para diferentes usos; como punto de encuentro para expresiones deportivas o culturales, hacer ejercicios o dar un paseo. Los mismos se ubican en las plazas y en el paseo costero. Algunos espacios verdes se encuentran acondicionados con infraestructura y estructuras accesibles y de integraci\u00f3n, cuentan con equipamiento de juegos infantiles que acompa\u00f1an el crecimiento de los ni\u00f1os, adecu\u00e1ndose a las diferentes edades y destrezas de los mismos. Adem\u00e1s, estos puntos est\u00e1n pensados para promover el ejercicio y contribuir a la prevenci\u00f3n de enfermedades cardiovasculares, diabetes, hipertensi\u00f3n, obesidad y depresi\u00f3n. En las estaciones saludables ubicadas en la playa y plazas, se encuentran equipos como bicicleta fija, rotador, banco de abdominales y espinales, p\u00e9ndulo doble, paralelas, elongador y caminador a\u00e9reo. PLAZAS Y ESPACIOS VERDES EN RADA TILLY<\/p>\n","protected":false},"author":1,"featured_media":0,"parent":0,"menu_order":0,"comment_status":"closed","ping_status":"closed","template":"elementor_header_footer","meta":{"footnotes":""},"class_list":["post-62","page","type-page","status-publish","hentry"],"_links":{"self":[{"href":"https:\/\/radatilly.gob.ar\/deporteyturismo\/wp-json\/wp\/v2\/pages\/62","targetHints":{"allow":["GET"]}}],"collection":[{"href":"https:\/\/radatilly.gob.ar\/deporteyturismo\/wp-json\/wp\/v2\/pages"}],"about":[{"href":"https:\/\/radatilly.gob.ar\/deporteyturismo\/wp-json\/wp\/v2\/types\/page"}],"author":[{"embeddable":true,"href":"https:\/\/radatilly.gob.ar\/deporteyturismo\/wp-json\/wp\/v2\/users\/1"}],"replies":[{"embeddable":true,"href":"https:\/\/radatilly.gob.ar\/deporteyturismo\/wp-json\/wp\/v2\/comments?post=62"}],"version-history":[{"count":5,"href":"https:\/\/radatilly.gob.ar\/deporteyturismo\/wp-json\/wp\/v2\/pages\/62\/revisions"}],"predecessor-version":[{"id":23300,"href":"https:\/\/radatilly.gob.ar\/deporteyturismo\/wp-json\/wp\/v2\/pages\/62\/revisions\/23300"}],"wp:attachment":[{"href":"https:\/\/radatilly.gob.ar\/deporteyturismo\/wp-json\/wp\/v2\/media?parent=62"}],"curies":[{"name":"wp","href":"https:\/\/api.w.org\/{rel}","templated":true}]}}