{"id":3258,"date":"2022-06-29T11:49:48","date_gmt":"2022-06-29T14:49:48","guid":{"rendered":"https:\/\/radatilly.gob.ar\/deporteyturismo\/?page_id=3258"},"modified":"2026-03-16T14:02:07","modified_gmt":"2026-03-16T17:02:07","slug":"centros-de-salud-y-farmacias","status":"publish","type":"page","link":"https:\/\/radatilly.gob.ar\/deporteyturismo\/centros-de-salud-y-farmacias\/","title":{"rendered":"CENTROS DE SALUD Y FARMACIAS"},"content":{"rendered":"\t\t<div data-elementor-type=\"wp-page\" data-elementor-id=\"3258\" class=\"elementor elementor-3258\" data-elementor-settings=\"{&quot;ha_cmc_init_switcher&quot;:&quot;no&quot;}\" data-elementor-post-type=\"page\">\n\t\t\t\t\t\t<section class=\"elementor-section elementor-top-section elementor-element elementor-element-846c20e elementor-section-boxed elementor-section-height-default elementor-section-height-default wpr-particle-no wpr-jarallax-no wpr-parallax-no wpr-sticky-section-no\" data-id=\"846c20e\" data-element_type=\"section\" data-e-type=\"section\" data-settings=\"{&quot;_ha_eqh_enable&quot;:false}\">\n\t\t\t\t\t\t<div class=\"elementor-container elementor-column-gap-default\">\n\t\t\t\t\t<div class=\"elementor-column elementor-col-100 elementor-top-column elementor-element elementor-element-1754ea3\" data-id=\"1754ea3\" data-element_type=\"column\" data-e-type=\"column\">\n\t\t\t<div class=\"elementor-widget-wrap elementor-element-populated\">\n\t\t\t\t\t\t<div class=\"elementor-element elementor-element-5b1f0c9 elementor-widget elementor-widget-heading\" data-id=\"5b1f0c9\" data-element_type=\"widget\" data-e-type=\"widget\" data-widget_type=\"heading.default\">\n\t\t\t\t<div class=\"elementor-widget-container\">\n\t\t\t\t\t<h2 class=\"elementor-heading-title elementor-size-default\">centros de salud<\/h2>\t\t\t\t<\/div>\n\t\t\t\t<\/div>\n\t\t\t\t\t<\/div>\n\t\t<\/div>\n\t\t\t\t\t<\/div>\n\t\t<\/section>\n\t\t\t\t<section class=\"elementor-section elementor-top-section elementor-element elementor-element-418ae4c elementor-section-boxed elementor-section-height-default elementor-section-height-default wpr-particle-no wpr-jarallax-no wpr-parallax-no wpr-sticky-section-no\" data-id=\"418ae4c\" data-element_type=\"section\" data-e-type=\"section\" data-settings=\"{&quot;_ha_eqh_enable&quot;:false}\">\n\t\t\t\t\t\t<div class=\"elementor-container elementor-column-gap-default\">\n\t\t\t\t\t<div class=\"elementor-column elementor-col-50 elementor-top-column elementor-element elementor-element-399253f\" data-id=\"399253f\" data-element_type=\"column\" data-e-type=\"column\">\n\t\t\t<div class=\"elementor-widget-wrap elementor-element-populated\">\n\t\t\t\t\t\t<div class=\"elementor-element elementor-element-05e97c1 elementor-widget elementor-widget-text-editor\" data-id=\"05e97c1\" data-element_type=\"widget\" data-e-type=\"widget\" data-widget_type=\"text-editor.default\">\n\t\t\t\t<div class=\"elementor-widget-container\">\n\t\t\t\t\t\t\t\t\t<h5>AGUA MARINA<\/h5><p>Laboratorio de an\u00e1lisis cl\u00ednicos, clinica m\u00e9dica, ginecologia, cardiologia, dermatologia, cirug\u00eda pl\u00e1stica, oncolog\u00eda, psicolog\u00eda, nutrici\u00f3n<\/p><p>Direcci\u00f3n: <a href=\"https:\/\/goo.gl\/maps\/KFtWeDbDvPAWN6kV6\">Olivares 180<\/a>, Edificio WAVE<br \/>Lunes a viernes de 07:30 a 18:00 hs.<br \/>S\u00e1bado 08:30 a 12:00 hs<br \/>Tel.: 297-4084149<br \/>instagram: <a href=\"https:\/\/www.instagram.com\/aguamarina_salud_\/?hl=es\">Aguamarina Salud\u00a0<\/a><br \/>Facebook: <a href=\"https:\/\/www.facebook.com\/Aguamarina-Salud-706537149731981\">Aguamarina Salud<\/a><br \/>web: <a href=\"http:\/\/aguamarinasalud.com.ar\/\">Aguamarina Salud<\/a><br \/>Correo: <a href=\"mailto:Aguamarinasaludrt@gmail.com\">Aguamarinasaludrt@gmail.com<\/a><\/p>\t\t\t\t\t\t\t\t<\/div>\n\t\t\t\t<\/div>\n\t\t\t\t<div class=\"elementor-element elementor-element-5a50372 elementor-widget elementor-widget-text-editor\" data-id=\"5a50372\" data-element_type=\"widget\" data-e-type=\"widget\" data-widget_type=\"text-editor.default\">\n\t\t\t\t<div class=\"elementor-widget-container\">\n\t\t\t\t\t\t\t\t\t<h5>CEMIRT<\/h5><p>Consultorio medico<br \/>Direcci\u00f3n: <a href=\"https:\/\/goo.gl\/maps\/LAUjTxUfRZYrt4st9\">Avda. Sarmiento 1491<\/a><br \/>Whatsapp: <a href=\"https:\/\/wa.link\/wd2wqv\">2974069436<\/a><br \/><a href=\"mailto:Centrocemirt@gmail.com\">Centrocemirt@gmail.com<\/a><\/p>\t\t\t\t\t\t\t\t<\/div>\n\t\t\t\t<\/div>\n\t\t\t\t<div class=\"elementor-element elementor-element-e7acb74 elementor-widget elementor-widget-text-editor\" data-id=\"e7acb74\" data-element_type=\"widget\" data-e-type=\"widget\" data-widget_type=\"text-editor.default\">\n\t\t\t\t<div class=\"elementor-widget-container\">\n\t\t\t\t\t\t\t\t\t<h5>CENTRO DE SALUD DR. REN\u00c9 FAVALORO<\/h5>\n<p>Cl\u00ednica m\u00e9dica, generalistas, pediatr\u00eda, ginecolog\u00eda, nutrici\u00f3n, enfermer\u00eda, <br>guardia m\u00e9dica.<\/p>\n<p>Lunes a viernes de 08:00 a 20:00 hs.<br>Direccion: <a href=\"https:\/\/goo.gl\/maps\/z8yd4Tv2SY5Gcu8f9\">Olivares 64<\/a><br>Tel: 297- 4451232\/ 4453399<br><a href=\"mailto:centrodesalud@radatilly.gob.ar\">centrodesalud@radatilly.gob.ar<\/a><\/p>\t\t\t\t\t\t\t\t<\/div>\n\t\t\t\t<\/div>\n\t\t\t\t<div class=\"elementor-element elementor-element-75c6e1f elementor-widget elementor-widget-text-editor\" data-id=\"75c6e1f\" data-element_type=\"widget\" data-e-type=\"widget\" data-widget_type=\"text-editor.default\">\n\t\t\t\t<div class=\"elementor-widget-container\">\n\t\t\t\t\t\t\t\t\t<h5>CENTRO M\u00c9DICO INFANTIL RADA TILLY<\/h5><p>Consultorio pedi\u00e1trico<\/p><p>Direcci\u00f3n: <a href=\"https:\/\/goo.gl\/maps\/P6m1cZXmcmgg3v3N6\">Bergant\u00edn Belgrano 711<\/a><\/p>\t\t\t\t\t\t\t\t<\/div>\n\t\t\t\t<\/div>\n\t\t\t\t<div class=\"elementor-element elementor-element-ac96d62 elementor-widget elementor-widget-text-editor\" data-id=\"ac96d62\" data-element_type=\"widget\" data-e-type=\"widget\" data-widget_type=\"text-editor.default\">\n\t\t\t\t<div class=\"elementor-widget-container\">\n\t\t\t\t\t\t\t\t\t<h5>PLUS +<\/h5><p>Cl\u00ednica m\u00e9dica, odontolog\u00eda, est\u00e9tica y nutrici\u00f3n, psicopedagog\u00eda, psicolog\u00eda.<\/p><p>Lunes a viernes de 09:00 a 18:00 hs.<\/p><p>Direcci\u00f3n: <a href=\"https:\/\/goo.gl\/maps\/Wu2ZcGnZJ2GxWPeb8\">Pico Salamanca 1794<\/a><br \/>Tel.: 297-4212812<br \/><a href=\"mailto:plus@live.com.ar\">plus@live.com.ar<\/a><\/p>\t\t\t\t\t\t\t\t<\/div>\n\t\t\t\t<\/div>\n\t\t\t\t\t<\/div>\n\t\t<\/div>\n\t\t\t\t<div class=\"elementor-column elementor-col-50 elementor-top-column elementor-element elementor-element-77346f3\" data-id=\"77346f3\" data-element_type=\"column\" data-e-type=\"column\">\n\t\t\t<div class=\"elementor-widget-wrap elementor-element-populated\">\n\t\t\t\t\t\t<div class=\"elementor-element elementor-element-0f55e25 elementor-widget elementor-widget-text-editor\" data-id=\"0f55e25\" data-element_type=\"widget\" data-e-type=\"widget\" data-widget_type=\"text-editor.default\">\n\t\t\t\t<div class=\"elementor-widget-container\">\n\t\t\t\t\t\t\t\t\t<h5>HOSPITAL RADA TILLY<\/h5><p>Clinica medica, pediatria, guardia, laboratorio, rayos.<\/p><p>Direcci\u00f3n: <a href=\"https:\/\/goo.gl\/maps\/5nHfSEAqa3so9xUdA\">A.C.A. esquina colel Huapi<\/a><br \/>Tel: 297-4451735<br \/><a href=\"mailto:hospitaldertilly@hotmail.com\">hospitaldertilly@hotmail.com<\/a><br \/>Atenci\u00f3n las 24 hs.<\/p>\t\t\t\t\t\t\t\t<\/div>\n\t\t\t\t<\/div>\n\t\t\t\t<div class=\"elementor-element elementor-element-e177839 elementor-widget elementor-widget-text-editor\" data-id=\"e177839\" data-element_type=\"widget\" data-e-type=\"widget\" data-widget_type=\"text-editor.default\">\n\t\t\t\t<div class=\"elementor-widget-container\">\n\t\t\t\t\t\t\t\t\t<h5>IMAGEN SALUD<\/h5><p>Clinica m\u00e9dica, ecografias, ginecologia, urologia, nutrici\u00f3n<\/p><p>Lunes, martes, mi\u00e9rcoles y viernes de 10:00 a 18:00 hs.<br \/>Jueves de 09:00 a 19:00 hs.<\/p><p>Direcci\u00f3n: <a href=\"https:\/\/goo.gl\/maps\/wsDcuYikMXjKtNk77\">Ant\u00e1rtida argentina 191<\/a><br \/>Whatsapp <a href=\"https:\/\/wa.link\/51oxpu\">2974374310<\/a><br \/><a href=\"mailto:imagensaludradatilly@gmail.com\">imagensaludradatilly@gmail.com<\/a><br \/>instagram: <a href=\"https:\/\/www.instagram.com\/imagensalud.rt\/?hl=es\">IMAGEN SALUD<\/a><br \/>Facebook: <a href=\"https:\/\/www.facebook.com\/imagensalud.rt\">Imagen Salud<\/a><\/p>\t\t\t\t\t\t\t\t<\/div>\n\t\t\t\t<\/div>\n\t\t\t\t<div class=\"elementor-element elementor-element-2be5eef elementor-widget elementor-widget-text-editor\" data-id=\"2be5eef\" data-element_type=\"widget\" data-e-type=\"widget\" data-widget_type=\"text-editor.default\">\n\t\t\t\t<div class=\"elementor-widget-container\">\n\t\t\t\t\t\t\t\t\t<h5>LIBERI<\/h5><p>Centro Pediatrico<\/p><p>Direc ci\u00f3n: <a href=\"https:\/\/goo.gl\/maps\/uua1oc3Z73prBxTU8\">Avda. Moyano 385\/ UF 3 edificio WAVE<\/a><br \/>Tel: 2975098753<br \/><a href=\"mailto:libericonsultorio@gmail.com\">libericonsultorio@gmail.com<\/a><\/p>\t\t\t\t\t\t\t\t<\/div>\n\t\t\t\t<\/div>\n\t\t\t\t<div class=\"elementor-element elementor-element-04d5334 elementor-widget elementor-widget-text-editor\" data-id=\"04d5334\" data-element_type=\"widget\" data-e-type=\"widget\" data-widget_type=\"text-editor.default\">\n\t\t\t\t<div class=\"elementor-widget-container\">\n\t\t\t\t\t\t\t\t\t<h5>PENTA<\/h5><p>Radiologia, ecografias, cl\u00ednica m\u00e9dica, diabetolog\u00eda, endocrinolog\u00eda, medicina general y familia, mastologia, neumonologia, otorrinonaringologia, traumatologia, nutrici\u00f3n, urolog\u00eda, prequir\u00fargicos.<\/p><p>Lunes a viernes de 08:00 a 20:00 hs<br \/>S\u00e1bado de 08:00 a 13:00 hs.<\/p><p><a href=\"https:\/\/goo.gl\/maps\/7g2rWegFwHWuknYc7\">Juan Guteff 2075<\/a>, pr\u00f3ximamente en <a href=\"https:\/\/goo.gl\/maps\/4XfxpNpFm6RrLNgp7\">Avda. Moyano 1279<\/a><br \/>Tel.: 0800 666 4029\/ 297- 4062887<br \/>Whatsapp: <a href=\"https:\/\/wa.link\/y4rold\">297-4212496<\/a><br \/><a href=\"mailto:cempenta@cempenta.com.ar\">cempenta@cempenta.com.ar<\/a> \/ <a href=\"mailto:turnos@cempenta.com.ar\">turnos@cempenta.com.ar<\/a><br \/>Intagram: <a href=\"https:\/\/www.instagram.com\/cempenta\/?hl=es\">Penta<\/a><br \/>Facebook: <a href=\"https:\/\/www.facebook.com\/Cempenta\">Centro de Estudios M\u00e9dicos Penta &#8211; Cempenta<\/a><br \/>Web: <a href=\"http:\/\/www.cempenta.com.ar\">www.cempenta.com.ar<\/a><\/p>\t\t\t\t\t\t\t\t<\/div>\n\t\t\t\t<\/div>\n\t\t\t\t\t<\/div>\n\t\t<\/div>\n\t\t\t\t\t<\/div>\n\t\t<\/section>\n\t\t\t\t<section class=\"elementor-section elementor-top-section elementor-element elementor-element-9a29dfb elementor-section-boxed elementor-section-height-default elementor-section-height-default wpr-particle-no wpr-jarallax-no wpr-parallax-no wpr-sticky-section-no\" data-id=\"9a29dfb\" data-element_type=\"section\" data-e-type=\"section\" data-settings=\"{&quot;_ha_eqh_enable&quot;:false}\">\n\t\t\t\t\t\t<div class=\"elementor-container elementor-column-gap-default\">\n\t\t\t\t\t<div class=\"elementor-column elementor-col-100 elementor-top-column elementor-element elementor-element-8515cbf\" data-id=\"8515cbf\" data-element_type=\"column\" data-e-type=\"column\">\n\t\t\t<div class=\"elementor-widget-wrap elementor-element-populated\">\n\t\t\t\t\t\t<div class=\"elementor-element elementor-element-1b9e900 elementor-widget elementor-widget-heading\" data-id=\"1b9e900\" data-element_type=\"widget\" data-e-type=\"widget\" data-widget_type=\"heading.default\">\n\t\t\t\t<div class=\"elementor-widget-container\">\n\t\t\t\t\t<h2 class=\"elementor-heading-title elementor-size-default\">farmacias<\/h2>\t\t\t\t<\/div>\n\t\t\t\t<\/div>\n\t\t\t\t\t<\/div>\n\t\t<\/div>\n\t\t\t\t\t<\/div>\n\t\t<\/section>\n\t\t\t\t<section class=\"elementor-section elementor-top-section elementor-element elementor-element-16c91de elementor-section-boxed elementor-section-height-default elementor-section-height-default wpr-particle-no wpr-jarallax-no wpr-parallax-no wpr-sticky-section-no\" data-id=\"16c91de\" data-element_type=\"section\" data-e-type=\"section\" data-settings=\"{&quot;_ha_eqh_enable&quot;:false}\">\n\t\t\t\t\t\t<div class=\"elementor-container elementor-column-gap-default\">\n\t\t\t\t\t<div class=\"elementor-column elementor-col-50 elementor-top-column elementor-element elementor-element-16569c2\" data-id=\"16569c2\" data-element_type=\"column\" data-e-type=\"column\">\n\t\t\t<div class=\"elementor-widget-wrap elementor-element-populated\">\n\t\t\t\t\t\t<div class=\"elementor-element elementor-element-76dec8e elementor-widget elementor-widget-text-editor\" data-id=\"76dec8e\" data-element_type=\"widget\" data-e-type=\"widget\" data-widget_type=\"text-editor.default\">\n\t\t\t\t<div class=\"elementor-widget-container\">\n\t\t\t\t\t\t\t\t\t<h5>CRISTAL<\/h5><p><a href=\"https:\/\/goo.gl\/maps\/NbKDQTFTgxkNt8xe7\">Almirante Guerrico 132<\/a><\/p><p>Tel: 2975117061<\/p>\t\t\t\t\t\t\t\t<\/div>\n\t\t\t\t<\/div>\n\t\t\t\t<div class=\"elementor-element elementor-element-e736d90 elementor-widget elementor-widget-text-editor\" data-id=\"e736d90\" data-element_type=\"widget\" data-e-type=\"widget\" data-widget_type=\"text-editor.default\">\n\t\t\t\t<div class=\"elementor-widget-container\">\n\t\t\t\t\t\t\t\t\t<h5>DE LA VILLA<\/h5><p><a href=\"https:\/\/goo.gl\/maps\/CpRjpcdLpm6oxP2SA\">Avd. Almirante Brown 642<\/a><\/p><p>Tel: 2974452425<\/p>\t\t\t\t\t\t\t\t<\/div>\n\t\t\t\t<\/div>\n\t\t\t\t<div class=\"elementor-element elementor-element-e5c29f5 elementor-widget elementor-widget-text-editor\" data-id=\"e5c29f5\" data-element_type=\"widget\" data-e-type=\"widget\" data-widget_type=\"text-editor.default\">\n\t\t\t\t<div class=\"elementor-widget-container\">\n\t\t\t\t\t\t\t\t\t<h5>NEOFARMA<\/h5><p><a href=\"https:\/\/goo.gl\/maps\/AwCtj2AZxjVZvu5Q8\">Avda. Autom\u00f3vil club Argentino 2360<\/a><\/p><p>Tel: 2974068012<\/p>\t\t\t\t\t\t\t\t<\/div>\n\t\t\t\t<\/div>\n\t\t\t\t\t<\/div>\n\t\t<\/div>\n\t\t\t\t<div class=\"elementor-column elementor-col-50 elementor-top-column elementor-element elementor-element-c33be41\" data-id=\"c33be41\" data-element_type=\"column\" data-e-type=\"column\">\n\t\t\t<div class=\"elementor-widget-wrap elementor-element-populated\">\n\t\t\t\t\t\t<div class=\"elementor-element elementor-element-fcd2704 elementor-widget elementor-widget-text-editor\" data-id=\"fcd2704\" data-element_type=\"widget\" data-e-type=\"widget\" data-widget_type=\"text-editor.default\">\n\t\t\t\t<div class=\"elementor-widget-container\">\n\t\t\t\t\t\t\t\t\t<h5>FRANCA<\/h5><p><a href=\"https:\/\/goo.gl\/maps\/rmL6LJRA7yxDdhTK6\">Avd. Almirante Brown 738<\/a><\/p><p>Tel: 2974269303<\/p>\t\t\t\t\t\t\t\t<\/div>\n\t\t\t\t<\/div>\n\t\t\t\t<div class=\"elementor-element elementor-element-de6beec elementor-widget elementor-widget-text-editor\" data-id=\"de6beec\" data-element_type=\"widget\" data-e-type=\"widget\" data-widget_type=\"text-editor.default\">\n\t\t\t\t<div class=\"elementor-widget-container\">\n\t\t\t\t\t\t\t\t\t<h5>FARMATILLY<\/h5><p><a href=\"https:\/\/goo.gl\/maps\/mZkmmS7WfmQhJL8v7\">Avda. Fragata Sarmiento 909<\/a><\/p><p>Tel: 2974453534<\/p>\t\t\t\t\t\t\t\t<\/div>\n\t\t\t\t<\/div>\n\t\t\t\t<div class=\"elementor-element elementor-element-e0c0290 elementor-widget elementor-widget-text-editor\" data-id=\"e0c0290\" data-element_type=\"widget\" data-e-type=\"widget\" data-widget_type=\"text-editor.default\">\n\t\t\t\t<div class=\"elementor-widget-container\">\n\t\t\t\t\t\t\t\t\t<h5>SOCIAL<\/h5><p><a href=\"https:\/\/goo.gl\/maps\/rTDfiPPQGKCQVLVY6\">Avda. Fragata Moyano 1711<\/a><\/p><p>Tel: 2974452008<\/p>\t\t\t\t\t\t\t\t<\/div>\n\t\t\t\t<\/div>\n\t\t\t\t\t<\/div>\n\t\t<\/div>\n\t\t\t\t\t<\/div>\n\t\t<\/section>\n\t\t\t\t<section class=\"elementor-section elementor-top-section elementor-element elementor-element-5bce945 elementor-section-boxed elementor-section-height-default elementor-section-height-default wpr-particle-no wpr-jarallax-no wpr-parallax-no wpr-sticky-section-no\" data-id=\"5bce945\" data-element_type=\"section\" data-e-type=\"section\" data-settings=\"{&quot;_ha_eqh_enable&quot;:false}\">\n\t\t\t\t\t\t<div class=\"elementor-container elementor-column-gap-default\">\n\t\t\t\t\t<div class=\"elementor-column elementor-col-100 elementor-top-column elementor-element elementor-element-a81a903\" data-id=\"a81a903\" data-element_type=\"column\" data-e-type=\"column\">\n\t\t\t<div class=\"elementor-widget-wrap elementor-element-populated\">\n\t\t\t\t\t\t<div class=\"elementor-element elementor-element-622be27 elementor-widget elementor-widget-heading\" data-id=\"622be27\" data-element_type=\"widget\" data-e-type=\"widget\" data-widget_type=\"heading.default\">\n\t\t\t\t<div class=\"elementor-widget-container\">\n\t\t\t\t\t<h2 class=\"elementor-heading-title elementor-size-default\"><a href=\"https:\/\/drive.google.com\/drive\/folders\/1vmUEKhD3Y-RoUOahqYTeMdQ3X-V-moUy?usp=share_link\">farmacias de turno en rada tilly<\/a><\/h2>\t\t\t\t<\/div>\n\t\t\t\t<\/div>\n\t\t\t\t\t<\/div>\n\t\t<\/div>\n\t\t\t\t\t<\/div>\n\t\t<\/section>\n\t\t\t\t<\/div>\n\t\t","protected":false},"excerpt":{"rendered":"<p>centros de salud AGUA MARINA Laboratorio de an\u00e1lisis cl\u00ednicos, clinica m\u00e9dica, ginecologia, cardiologia, dermatologia, cirug\u00eda pl\u00e1stica, oncolog\u00eda, psicolog\u00eda, nutrici\u00f3n Direcci\u00f3n: Olivares 180, Edificio WAVELunes a viernes de 07:30 a 18:00 hs.S\u00e1bado 08:30 a 12:00 hsTel.: 297-4084149instagram: Aguamarina Salud\u00a0Facebook: Aguamarina Saludweb: Aguamarina SaludCorreo: Aguamarinasaludrt@gmail.com CEMIRT Consultorio medicoDirecci\u00f3n: Avda. Sarmiento 1491Whatsapp: 2974069436Centrocemirt@gmail.com CENTRO DE SALUD DR. REN\u00c9 FAVALORO Cl\u00ednica m\u00e9dica, generalistas, pediatr\u00eda, ginecolog\u00eda, nutrici\u00f3n, enfermer\u00eda, guardia m\u00e9dica. Lunes a viernes de 08:00 a 20:00 hs.Direccion: Olivares 64Tel: 297- 4451232\/ 4453399centrodesalud@radatilly.gob.ar CENTRO M\u00c9DICO INFANTIL RADA TILLY Consultorio pedi\u00e1trico Direcci\u00f3n: Bergant\u00edn Belgrano 711 PLUS + Cl\u00ednica m\u00e9dica, odontolog\u00eda, est\u00e9tica y nutrici\u00f3n, psicopedagog\u00eda, psicolog\u00eda. Lunes a viernes de 09:00 a 18:00 hs. Direcci\u00f3n: Pico Salamanca 1794Tel.: 297-4212812plus@live.com.ar HOSPITAL RADA TILLY Clinica medica, pediatria, guardia, laboratorio, rayos. Direcci\u00f3n: A.C.A. esquina colel HuapiTel: 297-4451735hospitaldertilly@hotmail.comAtenci\u00f3n las 24 hs. IMAGEN SALUD Clinica m\u00e9dica, ecografias, ginecologia, urologia, nutrici\u00f3n Lunes, martes, mi\u00e9rcoles y viernes de 10:00 a 18:00 hs.Jueves de 09:00 a 19:00 hs. Direcci\u00f3n: Ant\u00e1rtida argentina 191Whatsapp 2974374310imagensaludradatilly@gmail.cominstagram: IMAGEN SALUDFacebook: Imagen Salud LIBERI Centro Pediatrico Direc ci\u00f3n: Avda. Moyano 385\/ UF 3 edificio WAVETel: 2975098753libericonsultorio@gmail.com PENTA Radiologia, ecografias, cl\u00ednica m\u00e9dica, diabetolog\u00eda, endocrinolog\u00eda, medicina general y familia, mastologia, neumonologia, otorrinonaringologia, traumatologia, nutrici\u00f3n, urolog\u00eda, prequir\u00fargicos. Lunes a viernes de 08:00 a 20:00 hsS\u00e1bado de 08:00 a 13:00 hs. Juan Guteff 2075, pr\u00f3ximamente en Avda. Moyano 1279Tel.: 0800 666 4029\/ 297- 4062887Whatsapp: 297-4212496cempenta@cempenta.com.ar \/ turnos@cempenta.com.arIntagram: PentaFacebook: Centro de Estudios M\u00e9dicos Penta &#8211; CempentaWeb: www.cempenta.com.ar farmacias CRISTAL Almirante Guerrico 132 Tel: 2975117061 DE LA VILLA Avd. Almirante Brown 642 Tel: 2974452425 NEOFARMA Avda. Autom\u00f3vil club Argentino 2360 Tel: 2974068012 FRANCA Avd. Almirante Brown 738 Tel: 2974269303 FARMATILLY Avda. Fragata Sarmiento 909 Tel: 2974453534 SOCIAL Avda. Fragata Moyano 1711 Tel: 2974452008 farmacias de turno en rada tilly<\/p>\n","protected":false},"author":1,"featured_media":0,"parent":0,"menu_order":0,"comment_status":"closed","ping_status":"closed","template":"elementor_header_footer","meta":{"footnotes":""},"class_list":["post-3258","page","type-page","status-publish","hentry"],"_links":{"self":[{"href":"https:\/\/radatilly.gob.ar\/deporteyturismo\/wp-json\/wp\/v2\/pages\/3258","targetHints":{"allow":["GET"]}}],"collection":[{"href":"https:\/\/radatilly.gob.ar\/deporteyturismo\/wp-json\/wp\/v2\/pages"}],"about":[{"href":"https:\/\/radatilly.gob.ar\/deporteyturismo\/wp-json\/wp\/v2\/types\/page"}],"author":[{"embeddable":true,"href":"https:\/\/radatilly.gob.ar\/deporteyturismo\/wp-json\/wp\/v2\/users\/1"}],"replies":[{"embeddable":true,"href":"https:\/\/radatilly.gob.ar\/deporteyturismo\/wp-json\/wp\/v2\/comments?post=3258"}],"version-history":[{"count":5,"href":"https:\/\/radatilly.gob.ar\/deporteyturismo\/wp-json\/wp\/v2\/pages\/3258\/revisions"}],"predecessor-version":[{"id":23339,"href":"https:\/\/radatilly.gob.ar\/deporteyturismo\/wp-json\/wp\/v2\/pages\/3258\/revisions\/23339"}],"wp:attachment":[{"href":"https:\/\/radatilly.gob.ar\/deporteyturismo\/wp-json\/wp\/v2\/media?parent=3258"}],"curies":[{"name":"wp","href":"https:\/\/api.w.org\/{rel}","templated":true}]}}