{"id":129,"date":"2020-07-27T08:47:39","date_gmt":"2020-07-27T11:47:39","guid":{"rendered":"https:\/\/wprt.radatilly.gob.ar\/anp-punta-marques\/?page_id=129"},"modified":"2022-03-17T13:51:36","modified_gmt":"2022-03-17T16:51:36","slug":"descargables","status":"publish","type":"page","link":"https:\/\/radatilly.gob.ar\/anp-punta-marques\/descargables\/","title":{"rendered":"DESCARGABLES"},"content":{"rendered":"\t\t<div data-elementor-type=\"wp-page\" data-elementor-id=\"129\" class=\"elementor elementor-129\" data-elementor-settings=\"{&quot;ha_cmc_init_switcher&quot;:&quot;no&quot;}\" data-elementor-post-type=\"page\">\n\t\t\t\t\t\t<section class=\"elementor-section elementor-top-section elementor-element elementor-element-40540a07 elementor-section-content-middle elementor-section-boxed elementor-section-height-default elementor-section-height-default wpr-particle-no wpr-jarallax-no wpr-parallax-no wpr-sticky-section-no\" data-id=\"40540a07\" data-element_type=\"section\" data-e-type=\"section\" data-settings=\"{&quot;_ha_eqh_enable&quot;:false}\">\n\t\t\t\t\t\t\t<div class=\"elementor-background-overlay\"><\/div>\n\t\t\t\t\t\t\t<div class=\"elementor-container elementor-column-gap-default\">\n\t\t\t\t\t<div class=\"elementor-column elementor-col-100 elementor-top-column elementor-element elementor-element-22d418ba\" data-id=\"22d418ba\" data-element_type=\"column\" data-e-type=\"column\">\n\t\t\t<div class=\"elementor-widget-wrap elementor-element-populated\">\n\t\t\t\t\t\t<div class=\"elementor-element elementor-element-4c2d2fdb elementor-widget elementor-widget-heading\" data-id=\"4c2d2fdb\" data-element_type=\"widget\" data-e-type=\"widget\" data-widget_type=\"heading.default\">\n\t\t\t\t<div class=\"elementor-widget-container\">\n\t\t\t\t\t<h1 class=\"elementor-heading-title elementor-size-default\">DESCARGABLES<\/h1>\t\t\t\t<\/div>\n\t\t\t\t<\/div>\n\t\t\t\t\t<\/div>\n\t\t<\/div>\n\t\t\t\t\t<\/div>\n\t\t<\/section>\n\t\t\t\t<section class=\"elementor-section elementor-top-section elementor-element elementor-element-776a156b elementor-section-boxed elementor-section-height-default elementor-section-height-default wpr-particle-no wpr-jarallax-no wpr-parallax-no wpr-sticky-section-no\" data-id=\"776a156b\" data-element_type=\"section\" data-e-type=\"section\" data-settings=\"{&quot;_ha_eqh_enable&quot;:false}\">\n\t\t\t\t\t\t<div class=\"elementor-container elementor-column-gap-default\">\n\t\t\t\t\t<div class=\"elementor-column elementor-col-100 elementor-top-column elementor-element elementor-element-16e8f4bd\" data-id=\"16e8f4bd\" data-element_type=\"column\" data-e-type=\"column\">\n\t\t\t<div class=\"elementor-widget-wrap elementor-element-populated\">\n\t\t\t\t\t\t<div class=\"elementor-element elementor-element-7b4f4878 elementor-widget elementor-widget-image\" data-id=\"7b4f4878\" data-element_type=\"widget\" data-e-type=\"widget\" data-widget_type=\"image.default\">\n\t\t\t\t<div class=\"elementor-widget-container\">\n\t\t\t\t\t\t\t\t\t\t\t\t\t\t\t<img decoding=\"async\" width=\"201\" height=\"88\" src=\"https:\/\/radatilly.gob.ar\/wp-content\/uploads\/sites\/6\/2020\/08\/1.jpg\" class=\"attachment-large size-large wp-image-1110\" alt=\"\" \/>\t\t\t\t\t\t\t\t\t\t\t\t\t\t\t<\/div>\n\t\t\t\t<\/div>\n\t\t\t\t<div class=\"elementor-element elementor-element-52ec202 elementor-widget elementor-widget-heading\" data-id=\"52ec202\" data-element_type=\"widget\" data-e-type=\"widget\" data-widget_type=\"heading.default\">\n\t\t\t\t<div class=\"elementor-widget-container\">\n\t\t\t\t\t<h2 class=\"elementor-heading-title elementor-size-default\"><a href=\"https:\/\/radatilly.gob.ar\/anp-punta-marques\/wp-content\/uploads\/sites\/6\/2020\/08\/Para-colorear-x-2-x-Hoja-animales-y-paisajes.pdf\" target=\"_blank\">para colorear - animales y paisajes <\/a><\/h2>\t\t\t\t<\/div>\n\t\t\t\t<\/div>\n\t\t\t\t<div class=\"elementor-element elementor-element-25de05e4 elementor-widget elementor-widget-heading\" data-id=\"25de05e4\" data-element_type=\"widget\" data-e-type=\"widget\" data-widget_type=\"heading.default\">\n\t\t\t\t<div class=\"elementor-widget-container\">\n\t\t\t\t\t<h2 class=\"elementor-heading-title elementor-size-default\"><a href=\"https:\/\/radatilly.gob.ar\/deporteyturismo\/wp-content\/uploads\/sites\/5\/2020\/08\/REVISTA-DE-JUEGOS-PUNTA-MARQUES-2019.pdf\" target=\"_blank\">REVISTA DE JUEGOS PUNTA MARQU\u00c9S<\/a><\/h2>\t\t\t\t<\/div>\n\t\t\t\t<\/div>\n\t\t\t\t<div class=\"elementor-element elementor-element-7056ae4 elementor-widget elementor-widget-heading\" data-id=\"7056ae4\" data-element_type=\"widget\" data-e-type=\"widget\" data-widget_type=\"heading.default\">\n\t\t\t\t<div class=\"elementor-widget-container\">\n\t\t\t\t\t<h2 class=\"elementor-heading-title elementor-size-default\"><a href=\"https:\/\/radatilly.gob.ar\/anp-punta-marques\/wp-content\/uploads\/sites\/6\/2020\/09\/Ficha-educativa-Ballena-Franca-austral.pdf\" target=\"_blank\">fichas<\/a><\/h2>\t\t\t\t<\/div>\n\t\t\t\t<\/div>\n\t\t\t\t<div class=\"elementor-element elementor-element-34ccf66 elementor-widget elementor-widget-heading\" data-id=\"34ccf66\" data-element_type=\"widget\" data-e-type=\"widget\" data-widget_type=\"heading.default\">\n\t\t\t\t<div class=\"elementor-widget-container\">\n\t\t\t\t\t<h2 class=\"elementor-heading-title elementor-size-default\"><a href=\"https:\/\/radatilly.gob.ar\/wp-content\/uploads\/2020\/08\/BallenaFranca.mp4\" target=\"_blank\">BALLENA FRANCA VIDEO<\/a><\/h2>\t\t\t\t<\/div>\n\t\t\t\t<\/div>\n\t\t\t\t<div class=\"elementor-element elementor-element-2c93d43 elementor-widget elementor-widget-heading\" data-id=\"2c93d43\" data-element_type=\"widget\" data-e-type=\"widget\" data-widget_type=\"heading.default\">\n\t\t\t\t<div class=\"elementor-widget-container\">\n\t\t\t\t\t<h2 class=\"elementor-heading-title elementor-size-default\"><a href=\"https:\/\/radatilly.gob.ar\/wp-content\/uploads\/2020\/08\/Zorros.mp4\" target=\"_blank\">ZORROS VIDEO<\/a><\/h2>\t\t\t\t<\/div>\n\t\t\t\t<\/div>\n\t\t\t\t<div class=\"elementor-element elementor-element-8b1be69 elementor-widget elementor-widget-heading\" data-id=\"8b1be69\" data-element_type=\"widget\" data-e-type=\"widget\" data-widget_type=\"heading.default\">\n\t\t\t\t<div class=\"elementor-widget-container\">\n\t\t\t\t\t<h2 class=\"elementor-heading-title elementor-size-default\"><a href=\"https:\/\/radatilly.gob.ar\/wp-content\/uploads\/2020\/08\/CongresoBiodiversidad.mp4\" target=\"_blank\">congreso biodiversidad video<\/a><\/h2>\t\t\t\t<\/div>\n\t\t\t\t<\/div>\n\t\t\t\t<div class=\"elementor-element elementor-element-233252e elementor-widget elementor-widget-heading\" data-id=\"233252e\" data-element_type=\"widget\" data-e-type=\"widget\" data-widget_type=\"heading.default\">\n\t\t\t\t<div class=\"elementor-widget-container\">\n\t\t\t\t\t<h2 class=\"elementor-heading-title elementor-size-default\"><a href=\"https:\/\/radatilly.gob.ar\/wp-content\/uploads\/2020\/08\/LobosMarinos.mp4\" target=\"_blank\">lobos marinos video<\/a><\/h2>\t\t\t\t<\/div>\n\t\t\t\t<\/div>\n\t\t\t\t<div class=\"elementor-element elementor-element-b27ef4e elementor-widget elementor-widget-heading\" data-id=\"b27ef4e\" data-element_type=\"widget\" data-e-type=\"widget\" data-widget_type=\"heading.default\">\n\t\t\t\t<div class=\"elementor-widget-container\">\n\t\t\t\t\t<h2 class=\"elementor-heading-title elementor-size-default\"><a href=\"https:\/\/radatilly.gob.ar\/anp-punta-marques\/wp-content\/uploads\/sites\/6\/2022\/03\/cetaceos-del-golfo-san-jorge.pdf\" target=\"_blank\">Gu\u00eda de cet\u00e1ceos del golfo San Jorge<\/a><\/h2>\t\t\t\t<\/div>\n\t\t\t\t<\/div>\n\t\t\t\t<div class=\"elementor-element elementor-element-36f83a5 elementor-widget elementor-widget-image\" data-id=\"36f83a5\" data-element_type=\"widget\" data-e-type=\"widget\" data-widget_type=\"image.default\">\n\t\t\t\t<div class=\"elementor-widget-container\">\n\t\t\t\t\t\t\t\t\t\t\t\t\t\t\t<img decoding=\"async\" width=\"277\" height=\"87\" src=\"https:\/\/radatilly.gob.ar\/wp-content\/uploads\/sites\/6\/2020\/08\/notas.jpg\" class=\"attachment-large size-large wp-image-1120\" alt=\"\" \/>\t\t\t\t\t\t\t\t\t\t\t\t\t\t\t<\/div>\n\t\t\t\t<\/div>\n\t\t\t\t<div class=\"elementor-element elementor-element-fa0dc66 elementor-widget elementor-widget-heading\" data-id=\"fa0dc66\" data-element_type=\"widget\" data-e-type=\"widget\" data-widget_type=\"heading.default\">\n\t\t\t\t<div class=\"elementor-widget-container\">\n\t\t\t\t\t<h2 class=\"elementor-heading-title elementor-size-default\"><a href=\"https:\/\/radatilly.gob.ar\/anp-punta-marques\/wp-content\/uploads\/sites\/6\/2020\/08\/solicitud.pdf\" target=\"_blank\">solicituid para visitas institucionales y contingentes<\/a><\/h2>\t\t\t\t<\/div>\n\t\t\t\t<\/div>\n\t\t\t\t<div class=\"elementor-element elementor-element-8bf14a0 elementor-widget elementor-widget-heading\" data-id=\"8bf14a0\" data-element_type=\"widget\" data-e-type=\"widget\" data-widget_type=\"heading.default\">\n\t\t\t\t<div class=\"elementor-widget-container\">\n\t\t\t\t\t<h2 class=\"elementor-heading-title elementor-size-default\"><a href=\"https:\/\/radatilly.gob.ar\/anp-punta-marques\/wp-content\/uploads\/sites\/6\/2020\/10\/Instituciones.pdf\" target=\"_blank\">nota modelo para instituciones y contingentes<\/a><\/h2>\t\t\t\t<\/div>\n\t\t\t\t<\/div>\n\t\t\t\t<div class=\"elementor-element elementor-element-f27778e elementor-widget elementor-widget-image\" data-id=\"f27778e\" data-element_type=\"widget\" data-e-type=\"widget\" data-widget_type=\"image.default\">\n\t\t\t\t<div class=\"elementor-widget-container\">\n\t\t\t\t\t\t\t\t\t\t\t\t\t\t\t<img decoding=\"async\" width=\"298\" height=\"89\" src=\"https:\/\/radatilly.gob.ar\/wp-content\/uploads\/sites\/6\/2020\/08\/leyes.jpg\" class=\"attachment-large size-large wp-image-1119\" alt=\"\" \/>\t\t\t\t\t\t\t\t\t\t\t\t\t\t\t<\/div>\n\t\t\t\t<\/div>\n\t\t\t\t<div class=\"elementor-element elementor-element-304daf4 elementor-widget elementor-widget-heading\" data-id=\"304daf4\" data-element_type=\"widget\" data-e-type=\"widget\" data-widget_type=\"heading.default\">\n\t\t\t\t<div class=\"elementor-widget-container\">\n\t\t\t\t\t<h2 class=\"elementor-heading-title elementor-size-default\"><a href=\"https:\/\/radatilly.gob.ar\/anp-punta-marques\/wp-content\/uploads\/sites\/6\/2020\/08\/Ley-25.743-PROTECCION-DEL-PATRIMONIO-ARQUEOLOGICO-Y-PALEONTOLOGICO.pdf\" target=\"_blank\">ley 25.743 protecci\u00f3n de patrimonio Arqueol\u00f3gico y Paleontol\u00f3gico<\/a><\/h2>\t\t\t\t<\/div>\n\t\t\t\t<\/div>\n\t\t\t\t<div class=\"elementor-element elementor-element-cbef070 elementor-widget elementor-widget-heading\" data-id=\"cbef070\" data-element_type=\"widget\" data-e-type=\"widget\" data-widget_type=\"heading.default\">\n\t\t\t\t<div class=\"elementor-widget-container\">\n\t\t\t\t\t<h2 class=\"elementor-heading-title elementor-size-default\"><a href=\"https:\/\/radatilly.gob.ar\/anp-punta-marques\/wp-content\/uploads\/sites\/6\/2020\/08\/Ley-2580-Area-restringida-Reserva-Punta-Marques.pdf\" target=\"_blank\">ley 2580 \u00e1rea restringida reservada punta marqu\u00e9s<\/a><\/h2>\t\t\t\t<\/div>\n\t\t\t\t<\/div>\n\t\t\t\t<div class=\"elementor-element elementor-element-487ae22 elementor-widget elementor-widget-heading\" data-id=\"487ae22\" data-element_type=\"widget\" data-e-type=\"widget\" data-widget_type=\"heading.default\">\n\t\t\t\t<div class=\"elementor-widget-container\">\n\t\t\t\t\t<h2 class=\"elementor-heading-title elementor-size-default\"><a href=\"https:\/\/radatilly.gob.ar\/anp-punta-marques\/wp-content\/uploads\/sites\/6\/2020\/08\/Ley-provincial-2381-Acercamiento-a-mamiferos-marinos.pdf\" target=\"_blank\">ley provincial 2381 acercamiento a mam\u00edferos marinos<\/a><\/h2>\t\t\t\t<\/div>\n\t\t\t\t<\/div>\n\t\t\t\t<div class=\"elementor-element elementor-element-efab8b2 elementor-widget elementor-widget-heading\" data-id=\"efab8b2\" data-element_type=\"widget\" data-e-type=\"widget\" data-widget_type=\"heading.default\">\n\t\t\t\t<div class=\"elementor-widget-container\">\n\t\t\t\t\t<h2 class=\"elementor-heading-title elementor-size-default\"><a href=\"https:\/\/radatilly.gob.ar\/anp-punta-marques\/wp-content\/uploads\/sites\/6\/2020\/08\/requis-film-castellano.pdf\" target=\"_blank\">requisitos provinciales para uso de drones - espa\u00f1ol<\/a><\/h2>\t\t\t\t<\/div>\n\t\t\t\t<\/div>\n\t\t\t\t<div class=\"elementor-element elementor-element-6edad39 elementor-widget elementor-widget-heading\" data-id=\"6edad39\" data-element_type=\"widget\" data-e-type=\"widget\" data-widget_type=\"heading.default\">\n\t\t\t\t<div class=\"elementor-widget-container\">\n\t\t\t\t\t<h2 class=\"elementor-heading-title elementor-size-default\"><a href=\"https:\/\/radatilly.gob.ar\/anp-punta-marques\/wp-content\/uploads\/sites\/6\/2020\/08\/requist.film_.-ingles.pdf\" target=\"_blank\">requisitos provinciales para uso de drones - ingl\u00e9s<\/a><\/h2>\t\t\t\t<\/div>\n\t\t\t\t<\/div>\n\t\t\t\t\t<\/div>\n\t\t<\/div>\n\t\t\t\t\t<\/div>\n\t\t<\/section>\n\t\t\t\t<\/div>\n\t\t","protected":false},"excerpt":{"rendered":"<p>DESCARGABLES para colorear &#8211; animales y paisajes REVISTA DE JUEGOS PUNTA MARQU\u00c9S fichas BALLENA FRANCA VIDEO ZORROS VIDEO congreso biodiversidad video lobos marinos video Gu\u00eda de cet\u00e1ceos del golfo San Jorge solicituid para visitas institucionales y contingentes nota modelo para instituciones y contingentes ley 25.743 protecci\u00f3n de patrimonio Arqueol\u00f3gico y Paleontol\u00f3gico ley 2580 \u00e1rea restringida reservada punta marqu\u00e9s ley provincial 2381 acercamiento a mam\u00edferos marinos requisitos provinciales para uso de drones &#8211; espa\u00f1ol requisitos provinciales para uso de drones &#8211; ingl\u00e9s<\/p>\n","protected":false},"author":1,"featured_media":0,"parent":0,"menu_order":0,"comment_status":"closed","ping_status":"closed","template":"elementor_header_footer","meta":{"footnotes":""},"class_list":["post-129","page","type-page","status-publish","hentry"],"_links":{"self":[{"href":"https:\/\/radatilly.gob.ar\/anp-punta-marques\/wp-json\/wp\/v2\/pages\/129","targetHints":{"allow":["GET"]}}],"collection":[{"href":"https:\/\/radatilly.gob.ar\/anp-punta-marques\/wp-json\/wp\/v2\/pages"}],"about":[{"href":"https:\/\/radatilly.gob.ar\/anp-punta-marques\/wp-json\/wp\/v2\/types\/page"}],"author":[{"embeddable":true,"href":"https:\/\/radatilly.gob.ar\/anp-punta-marques\/wp-json\/wp\/v2\/users\/1"}],"replies":[{"embeddable":true,"href":"https:\/\/radatilly.gob.ar\/anp-punta-marques\/wp-json\/wp\/v2\/comments?post=129"}],"version-history":[{"count":5,"href":"https:\/\/radatilly.gob.ar\/anp-punta-marques\/wp-json\/wp\/v2\/pages\/129\/revisions"}],"predecessor-version":[{"id":1271,"href":"https:\/\/radatilly.gob.ar\/anp-punta-marques\/wp-json\/wp\/v2\/pages\/129\/revisions\/1271"}],"wp:attachment":[{"href":"https:\/\/radatilly.gob.ar\/anp-punta-marques\/wp-json\/wp\/v2\/media?parent=129"}],"curies":[{"name":"wp","href":"https:\/\/api.w.org\/{rel}","templated":true}]}}