{"id":125,"date":"2020-07-27T08:47:22","date_gmt":"2020-07-27T11:47:22","guid":{"rendered":"https:\/\/wprt.radatilly.gob.ar\/anp-punta-marques\/?page_id=125"},"modified":"2022-06-29T10:49:53","modified_gmt":"2022-06-29T13:49:53","slug":"como-llegar","status":"publish","type":"page","link":"https:\/\/radatilly.gob.ar\/anp-punta-marques\/como-llegar\/","title":{"rendered":"C\u00d3MO LLEGAR"},"content":{"rendered":"\t\t<div data-elementor-type=\"wp-page\" data-elementor-id=\"125\" class=\"elementor elementor-125\" data-elementor-settings=\"{&quot;ha_cmc_init_switcher&quot;:&quot;no&quot;}\" data-elementor-post-type=\"page\">\n\t\t\t\t\t\t<section class=\"elementor-section elementor-top-section elementor-element elementor-element-1ed57b77 elementor-section-content-middle elementor-section-boxed elementor-section-height-default elementor-section-height-default wpr-particle-no wpr-jarallax-no wpr-parallax-no wpr-sticky-section-no\" data-id=\"1ed57b77\" data-element_type=\"section\" data-e-type=\"section\" data-settings=\"{&quot;background_background&quot;:&quot;classic&quot;,&quot;_ha_eqh_enable&quot;:false}\">\n\t\t\t\t\t\t<div class=\"elementor-container elementor-column-gap-default\">\n\t\t\t\t\t<div class=\"elementor-column elementor-col-100 elementor-top-column elementor-element elementor-element-594fa388\" data-id=\"594fa388\" data-element_type=\"column\" data-e-type=\"column\">\n\t\t\t<div class=\"elementor-widget-wrap\">\n\t\t\t\t\t\t\t<\/div>\n\t\t<\/div>\n\t\t\t\t\t<\/div>\n\t\t<\/section>\n\t\t\t\t<section class=\"elementor-section elementor-top-section elementor-element elementor-element-4dad464 elementor-section-boxed elementor-section-height-default elementor-section-height-default wpr-particle-no wpr-jarallax-no wpr-parallax-no wpr-sticky-section-no\" data-id=\"4dad464\" data-element_type=\"section\" data-e-type=\"section\" data-settings=\"{&quot;_ha_eqh_enable&quot;:false}\">\n\t\t\t\t\t\t<div class=\"elementor-container elementor-column-gap-default\">\n\t\t\t\t\t<div class=\"elementor-column elementor-col-50 elementor-top-column elementor-element elementor-element-228a54c\" data-id=\"228a54c\" data-element_type=\"column\" data-e-type=\"column\">\n\t\t\t<div class=\"elementor-widget-wrap elementor-element-populated\">\n\t\t\t\t\t\t<div class=\"elementor-element elementor-element-2d71888 elementor-widget elementor-widget-image\" data-id=\"2d71888\" data-element_type=\"widget\" data-e-type=\"widget\" data-widget_type=\"image.default\">\n\t\t\t\t<div class=\"elementor-widget-container\">\n\t\t\t\t\t\t\t\t\t\t\t\t\t\t\t\t<a href=\"https:\/\/radatilly.gob.ar\/anp-punta-marques\/wp-content\/uploads\/sites\/6\/2020\/08\/Mapa.jpeg\" data-elementor-open-lightbox=\"yes\" data-e-action-hash=\"#elementor-action%3Aaction%3Dlightbox%26settings%3DeyJpZCI6NzQ1LCJ1cmwiOiJodHRwczpcL1wvcmFkYXRpbGx5LmdvYi5hclwvd3AtY29udGVudFwvdXBsb2Fkc1wvc2l0ZXNcLzZcLzIwMjBcLzA4XC9NYXBhLmpwZWcifQ%3D%3D\">\n\t\t\t\t\t\t\t<img fetchpriority=\"high\" decoding=\"async\" width=\"580\" height=\"821\" src=\"https:\/\/radatilly.gob.ar\/wp-content\/uploads\/sites\/6\/2020\/08\/Mapa-723x1024.jpeg\" class=\"attachment-large size-large wp-image-745\" alt=\"\" srcset=\"https:\/\/radatilly.gob.ar\/wp-content\/uploads\/sites\/6\/2020\/08\/Mapa-723x1024.jpeg 723w, https:\/\/radatilly.gob.ar\/wp-content\/uploads\/sites\/6\/2020\/08\/Mapa-212x300.jpeg 212w, https:\/\/radatilly.gob.ar\/wp-content\/uploads\/sites\/6\/2020\/08\/Mapa-768x1087.jpeg 768w, https:\/\/radatilly.gob.ar\/wp-content\/uploads\/sites\/6\/2020\/08\/Mapa.jpeg 904w\" sizes=\"(max-width: 580px) 100vw, 580px\" \/>\t\t\t\t\t\t\t\t<\/a>\n\t\t\t\t\t\t\t\t\t\t\t\t\t\t\t<\/div>\n\t\t\t\t<\/div>\n\t\t\t\t\t<\/div>\n\t\t<\/div>\n\t\t\t\t<div class=\"elementor-column elementor-col-50 elementor-top-column elementor-element elementor-element-4861164\" data-id=\"4861164\" data-element_type=\"column\" data-e-type=\"column\">\n\t\t\t<div class=\"elementor-widget-wrap elementor-element-populated\">\n\t\t\t\t\t\t<div class=\"elementor-element elementor-element-9ce3598 elementor-widget elementor-widget-heading\" data-id=\"9ce3598\" data-element_type=\"widget\" data-e-type=\"widget\" data-widget_type=\"heading.default\">\n\t\t\t\t<div class=\"elementor-widget-container\">\n\t\t\t\t\t<h2 class=\"elementor-heading-title elementor-size-default\">C\u00d3MO LLEGAR<\/h2>\t\t\t\t<\/div>\n\t\t\t\t<\/div>\n\t\t\t\t<div class=\"elementor-element elementor-element-ca582c4 elementor-widget elementor-widget-heading\" data-id=\"ca582c4\" data-element_type=\"widget\" data-e-type=\"widget\" data-widget_type=\"heading.default\">\n\t\t\t\t<div class=\"elementor-widget-container\">\n\t\t\t\t\t<h2 class=\"elementor-heading-title elementor-size-default\">AL \u00c1REA NATURAL PROTEGIDA PUNTA MARQU\u00c9S<\/h2>\t\t\t\t<\/div>\n\t\t\t\t<\/div>\n\t\t\t\t\t<\/div>\n\t\t<\/div>\n\t\t\t\t\t<\/div>\n\t\t<\/section>\n\t\t\t\t<section class=\"elementor-section elementor-top-section elementor-element elementor-element-5822e5f7 elementor-section-boxed elementor-section-height-default elementor-section-height-default wpr-particle-no wpr-jarallax-no wpr-parallax-no wpr-sticky-section-no\" data-id=\"5822e5f7\" data-element_type=\"section\" data-e-type=\"section\" data-settings=\"{&quot;_ha_eqh_enable&quot;:false}\">\n\t\t\t\t\t\t<div class=\"elementor-container elementor-column-gap-default\">\n\t\t\t\t\t<div class=\"elementor-column elementor-col-100 elementor-top-column elementor-element elementor-element-41e5de6b\" data-id=\"41e5de6b\" data-element_type=\"column\" data-e-type=\"column\">\n\t\t\t<div class=\"elementor-widget-wrap elementor-element-populated\">\n\t\t\t\t\t\t<div class=\"elementor-element elementor-element-26e42030 elementor-widget elementor-widget-heading\" data-id=\"26e42030\" data-element_type=\"widget\" data-e-type=\"widget\" data-widget_type=\"heading.default\">\n\t\t\t\t<div class=\"elementor-widget-container\">\n\t\t\t\t\t<h3 class=\"elementor-heading-title elementor-size-default\">\u00c1REA NATURAL PROTEGIDA<\/h3>\t\t\t\t<\/div>\n\t\t\t\t<\/div>\n\t\t\t\t<div class=\"elementor-element elementor-element-775fc200 elementor-widget elementor-widget-heading\" data-id=\"775fc200\" data-element_type=\"widget\" data-e-type=\"widget\" data-widget_type=\"heading.default\">\n\t\t\t\t<div class=\"elementor-widget-container\">\n\t\t\t\t\t<h3 class=\"elementor-heading-title elementor-size-default\">Punta Marqu\u00e9s<\/h3>\t\t\t\t<\/div>\n\t\t\t\t<\/div>\n\t\t\t\t<section class=\"elementor-section elementor-inner-section elementor-element elementor-element-e2a34b5 elementor-section-boxed elementor-section-height-default elementor-section-height-default wpr-particle-no wpr-jarallax-no wpr-parallax-no wpr-sticky-section-no\" data-id=\"e2a34b5\" data-element_type=\"section\" data-e-type=\"section\" data-settings=\"{&quot;_ha_eqh_enable&quot;:false}\">\n\t\t\t\t\t\t<div class=\"elementor-container elementor-column-gap-default\">\n\t\t\t\t\t<div class=\"elementor-column elementor-col-50 elementor-inner-column elementor-element elementor-element-7c1cbd66\" data-id=\"7c1cbd66\" data-element_type=\"column\" data-e-type=\"column\">\n\t\t\t<div class=\"elementor-widget-wrap elementor-element-populated\">\n\t\t\t\t\t\t<div class=\"elementor-element elementor-element-34df1387 elementor-widget elementor-widget-text-editor\" data-id=\"34df1387\" data-element_type=\"widget\" data-e-type=\"widget\" data-widget_type=\"text-editor.default\">\n\t\t\t\t<div class=\"elementor-widget-container\">\n\t\t\t\t\t\t\t\t\t<p>Desde el \u00c1rea Natural Protegida Punta Marqu\u00e9s queremos compartir a la comunidad las recomendaciones que se deben tener en cuenta durante su visita o permanencia realizando actividades de recreaci\u00f3n:<\/p><ul><li>\u00a0Minimice los ruidos (alteran el comportamiento de la fauna, y afectan la calidad de su visita y la de los dem\u00e1s).<\/li><li>Mantenga una distancia prudencial para observar la fauna, por su seguridad y la de los animales.<\/li><li>\u00a0No alimente a la fauna silvestre. <\/li><li>En caso se encontrarse con fauna silvestre herida, evite molestar o capturar ejemplares.<\/li><li>Respetar la carteler\u00eda, es un servicio para todos los visitantes. <\/li><li>Circule s\u00f3lo por caminos habilitados (no se permite la utilizaci\u00f3n de veh\u00edculos cuatriciclos, motos o 4 X 4, ni la pr\u00e1ctica campo traviesa).<\/li><li>Dentro de las actividades de recreaci\u00f3n se permite solo por caminos habilitados: trekking, running y ciclismo.<\/li><li>No extraiga flora aut\u00f3ctona; es una parte muy importante del ecosistema.<\/li><li>Evite ingresar con mascotas al \u00c1rea Natural Protegida y sus zonas de influencia. <\/li><\/ul><p>Las \u00e1reas naturales son espacios cuya finalidad es la de conservar la biodiversidad representativa y aut\u00f3ctona de los ecosistemas para asegurar el equilibrio y la continuidad de los procesos ecol\u00f3gicos. <br \/><br \/>Una de las principales causas de p\u00e9rdida de biodiversidad en estos espacios se debe a la presencia de animales dom\u00e9sticos ajenos a estos ambientes naturales, como son los perros, impactando de modo directo e indirecto en la fauna y flora local.<\/p><p>Los ladridos y olor son unas de las causas por las cuales ahuyentan a la fauna local sensible a su presencia, o con sus desechos, pueden ingresar enfermedades que la afecten. Las mascotas no s\u00f3lo ponen en riesgo la fauna nativa sino tambi\u00e9n, a ellas mismas, exponi\u00e9ndose al contacto directo. <br \/><br \/>La presencia de veh\u00edculos motorizados no convencionales como cuatriciclos, motos de todo terreno o 4&#215;4, generan contaminaci\u00f3n ac\u00fastica y fragmentaci\u00f3n del paisaje con un impacto directo en los procesos ecol\u00f3gicos como es la dispersi\u00f3n de los bancos de semilla, destrucci\u00f3n de sitios de refugio y nidificaci\u00f3n de la fauna, causando la migraci\u00f3n de las especies hacia otros sitios no perturbados. <br \/><br \/>La importancia de resguardar estos ambientes naturales es compromiso de toda la sociedad, garantizando adem\u00e1s que nuestra presencia tenga un impacto m\u00ednimo y podamos vivenciar la naturaleza en su aspecto m\u00e1s puro.<br \/><br \/><\/p>\t\t\t\t\t\t\t\t<\/div>\n\t\t\t\t<\/div>\n\t\t\t\t\t<\/div>\n\t\t<\/div>\n\t\t\t\t<div class=\"elementor-column elementor-col-50 elementor-inner-column elementor-element elementor-element-6fc7d8e\" data-id=\"6fc7d8e\" data-element_type=\"column\" data-e-type=\"column\">\n\t\t\t<div class=\"elementor-widget-wrap elementor-element-populated\">\n\t\t\t\t\t\t<div class=\"elementor-element elementor-element-182a27f elementor-widget elementor-widget-text-editor\" data-id=\"182a27f\" data-element_type=\"widget\" data-e-type=\"widget\" data-widget_type=\"text-editor.default\">\n\t\t\t\t<div class=\"elementor-widget-container\">\n\t\t\t\t\t\t\t\t\t<p><em>Punta Marqu\u00e9s Natural Protected\u00a0 Area would like\u00a0 to share with the community the recommendations that should\u00a0 be taken into account during\u00a0 recreational visit\u00a0 activities:<\/em><\/p><ul><li><em>Minimize noise : it can disturb the behavior of the fauna and may\u00a0 affect the quality of people \u00b4s visit . <\/em><\/li><li><em>Preserve careful distance to observe the fauna : to keep you and the animals in a safe way.<\/em><\/li><li><em>Do not feed wild fauna <\/em><\/li><li><em>If you encounter any\u00a0 wounded animals, avoid disturbing or capturing them .<\/em><\/li><li><em>Respect the signaling since it is a service for all visitors.<\/em><\/li><li><em>You can only use authorized roads : it is not allowed the use of fourtraxs, motorcycles , 4wds vehicles or to go across the field.<\/em><\/li><li><em>Recreational activities are only allowed\u00a0 in authorized paths: trekking, running and cycling.<\/em><\/li><li><em>Do not extract native flora; it is a very important part of the ecosystem.<\/em><\/li><li><em>Avoid entering the Protected Natural Area and its surroundings with pets.<\/em><\/li><\/ul><p><em>Natural areas are spaces which purpose is to conserve the representative and natural\u00a0 biodiversity of ecosystems to ensure the balance and continuity of ecological processes. <\/em><\/p><p><em>One of the main causes of loss of biodiversity in these areas is due to the presence of domestic animals from outside these natural environments, such as dogs, affecting directly and indirectly\u00a0 local fauna and flora.The barking and smell of other animals scare local fauna sensitive to their presence and they run away.\u00a0 Besides, other animal \u00b4s waste can cause diseases which may affect native fauna .\u00a0 Pets not only put native fauna at risk but also themselves by\u00a0 exposing\u00a0\u00a0 to direct contact.<br \/><br \/>The presence of non-conventional motorized vehicles such as fourtraxs , all-terrain motorcycles or 4wds vehicles , generate noise pollution and fragmentation of the landscape with a direct impact on ecological processes such as banks seeds dispersal , destruction of shelter\u00a0 sites and nesting of the fauna, causing the migration of the species to other undisturbed sites.<\/em><\/p><p><em>The importance of safeguarding these natural environments is the commitment of the entire society, also guaranteeing that our presence has a minimal impact and we can experience nature in its purest form.<\/em><\/p>\t\t\t\t\t\t\t\t<\/div>\n\t\t\t\t<\/div>\n\t\t\t\t\t<\/div>\n\t\t<\/div>\n\t\t\t\t\t<\/div>\n\t\t<\/section>\n\t\t\t\t\t<\/div>\n\t\t<\/div>\n\t\t\t\t\t<\/div>\n\t\t<\/section>\n\t\t\t\t<section class=\"elementor-section elementor-top-section elementor-element elementor-element-654587f8 elementor-section-boxed elementor-section-height-default elementor-section-height-default wpr-particle-no wpr-jarallax-no wpr-parallax-no wpr-sticky-section-no\" data-id=\"654587f8\" data-element_type=\"section\" data-e-type=\"section\" data-settings=\"{&quot;background_background&quot;:&quot;classic&quot;,&quot;_ha_eqh_enable&quot;:false}\">\n\t\t\t\t\t\t<div class=\"elementor-container elementor-column-gap-default\">\n\t\t\t\t\t<div class=\"elementor-column elementor-col-100 elementor-top-column elementor-element elementor-element-6354469b\" data-id=\"6354469b\" data-element_type=\"column\" data-e-type=\"column\" data-settings=\"{&quot;background_background&quot;:&quot;classic&quot;}\">\n\t\t\t<div class=\"elementor-widget-wrap elementor-element-populated\">\n\t\t\t\t\t\t<div class=\"elementor-element elementor-element-4db3293c ha-has-bg-overlay elementor-widget elementor-widget-text-editor\" data-id=\"4db3293c\" data-element_type=\"widget\" data-e-type=\"widget\" data-widget_type=\"text-editor.default\">\n\t\t\t\t<div class=\"elementor-widget-container\">\n\t\t\t\t\t\t\t\t\t<p>El horario de atenci\u00f3n al p\u00fablico es de 11 a 17:30hs, pudi\u00e9ndose extender en temporada estival condicionado a las horas de luz natural. El ingreso al \u00e1rea protegida es arancelado.<\/p>\n<div class=\"p-rich_text_section\">&nbsp;<\/div>\n<p>Everyday regular public opening hour is from 11am to 5:30pm. In summer season, during daytime, our closing hour can be extended. <em>There&#8217;s an entrance fee for access to the protected area.<\/em><\/p>\t\t\t\t\t\t\t\t<\/div>\n\t\t\t\t<\/div>\n\t\t\t\t\t<\/div>\n\t\t<\/div>\n\t\t\t\t\t<\/div>\n\t\t<\/section>\n\t\t\t\t<\/div>\n\t\t","protected":false},"excerpt":{"rendered":"<p>C\u00d3MO LLEGAR AL \u00c1REA NATURAL PROTEGIDA PUNTA MARQU\u00c9S \u00c1REA NATURAL PROTEGIDA Punta Marqu\u00e9s Desde el \u00c1rea Natural Protegida Punta Marqu\u00e9s queremos compartir a la comunidad las recomendaciones que se deben tener en cuenta durante su visita o permanencia realizando actividades de recreaci\u00f3n: \u00a0Minimice los ruidos (alteran el comportamiento de la fauna, y afectan la calidad de su visita y la de los dem\u00e1s). Mantenga una distancia prudencial para observar la fauna, por su seguridad y la de los animales. \u00a0No alimente a la fauna silvestre. En caso se encontrarse con fauna silvestre herida, evite molestar o capturar ejemplares. Respetar la carteler\u00eda, es un servicio para todos los visitantes. Circule s\u00f3lo por caminos habilitados (no se permite la utilizaci\u00f3n de veh\u00edculos cuatriciclos, motos o 4 X 4, ni la pr\u00e1ctica campo traviesa). Dentro de las actividades de recreaci\u00f3n se permite solo por caminos habilitados: trekking, running y ciclismo. No extraiga flora aut\u00f3ctona; es una parte muy importante del ecosistema. Evite ingresar con mascotas al \u00c1rea Natural Protegida y sus zonas de influencia. Las \u00e1reas naturales son espacios cuya finalidad es la de conservar la biodiversidad representativa y aut\u00f3ctona de los ecosistemas para asegurar el equilibrio y la continuidad de los procesos ecol\u00f3gicos. Una de las principales causas de p\u00e9rdida de biodiversidad en estos espacios se debe a la presencia de animales dom\u00e9sticos ajenos a estos ambientes naturales, como son los perros, impactando de modo directo e indirecto en la fauna y flora local. Los ladridos y olor son unas de las causas por las cuales ahuyentan a la fauna local sensible a su presencia, o con sus desechos, pueden ingresar enfermedades que la afecten. Las mascotas no s\u00f3lo ponen en riesgo la fauna nativa sino tambi\u00e9n, a ellas mismas, exponi\u00e9ndose al contacto directo. La presencia de veh\u00edculos motorizados no convencionales como cuatriciclos, motos de todo terreno o 4&#215;4, generan contaminaci\u00f3n ac\u00fastica y fragmentaci\u00f3n del paisaje con un impacto directo en los procesos ecol\u00f3gicos como es la dispersi\u00f3n de los bancos de semilla, destrucci\u00f3n de sitios de refugio y nidificaci\u00f3n de la fauna, causando la migraci\u00f3n de las especies hacia otros sitios no perturbados. La importancia de resguardar estos ambientes naturales es compromiso de toda la sociedad, garantizando adem\u00e1s que nuestra presencia tenga un impacto m\u00ednimo y podamos vivenciar la naturaleza en su aspecto m\u00e1s puro. Punta Marqu\u00e9s Natural Protected\u00a0 Area would like\u00a0 to share with the community the recommendations that should\u00a0 be taken into account during\u00a0 recreational visit\u00a0 activities: Minimize noise : it can disturb the behavior of the fauna and may\u00a0 affect the quality of people \u00b4s visit . Preserve careful distance to observe the fauna : to keep you and the animals in a safe way. Do not feed wild fauna If you encounter any\u00a0 wounded animals, avoid disturbing or capturing them . Respect the signaling since it is a service for all visitors. You can only use authorized roads : it is not allowed the use of fourtraxs, motorcycles , 4wds vehicles or to go across the field. Recreational activities are only allowed\u00a0 in authorized paths: trekking, running and cycling. Do not extract native flora; it is a very important part of the ecosystem. Avoid entering the Protected Natural Area and its surroundings with pets. Natural areas are spaces which purpose is to conserve the representative and natural\u00a0 biodiversity of ecosystems to ensure the balance and continuity of ecological processes. One of the main causes of loss of biodiversity in these areas is due to the presence of domestic animals from outside these natural environments, such as dogs, affecting directly and indirectly\u00a0 local fauna and flora.The barking and smell of other animals scare local fauna sensitive to their presence and they run away.\u00a0 Besides, other animal \u00b4s waste can cause diseases which may affect native fauna .\u00a0 Pets not only put native fauna at risk but also themselves by\u00a0 exposing\u00a0\u00a0 to direct contact. The presence of non-conventional motorized vehicles such as fourtraxs , all-terrain motorcycles or 4wds vehicles , generate noise pollution and fragmentation of the landscape with a direct impact on ecological processes such as banks seeds dispersal , destruction of shelter\u00a0 sites and nesting of the fauna, causing the migration of the species to other undisturbed sites. The importance of safeguarding these natural environments is the commitment of the entire society, also guaranteeing that our presence has a minimal impact and we can experience nature in its purest form. El horario de atenci\u00f3n al p\u00fablico es de 11 a 17:30hs, pudi\u00e9ndose extender en temporada estival condicionado a las horas de luz natural. El ingreso al \u00e1rea protegida es arancelado. &nbsp; Everyday regular public opening hour is from 11am to 5:30pm. In summer season, during daytime, our closing hour can be extended. There&#8217;s an entrance fee for access to the protected area.<\/p>\n","protected":false},"author":1,"featured_media":0,"parent":0,"menu_order":0,"comment_status":"closed","ping_status":"closed","template":"elementor_header_footer","meta":{"footnotes":""},"class_list":["post-125","page","type-page","status-publish","hentry"],"_links":{"self":[{"href":"https:\/\/radatilly.gob.ar\/anp-punta-marques\/wp-json\/wp\/v2\/pages\/125","targetHints":{"allow":["GET"]}}],"collection":[{"href":"https:\/\/radatilly.gob.ar\/anp-punta-marques\/wp-json\/wp\/v2\/pages"}],"about":[{"href":"https:\/\/radatilly.gob.ar\/anp-punta-marques\/wp-json\/wp\/v2\/types\/page"}],"author":[{"embeddable":true,"href":"https:\/\/radatilly.gob.ar\/anp-punta-marques\/wp-json\/wp\/v2\/users\/1"}],"replies":[{"embeddable":true,"href":"https:\/\/radatilly.gob.ar\/anp-punta-marques\/wp-json\/wp\/v2\/comments?post=125"}],"version-history":[{"count":5,"href":"https:\/\/radatilly.gob.ar\/anp-punta-marques\/wp-json\/wp\/v2\/pages\/125\/revisions"}],"predecessor-version":[{"id":1289,"href":"https:\/\/radatilly.gob.ar\/anp-punta-marques\/wp-json\/wp\/v2\/pages\/125\/revisions\/1289"}],"wp:attachment":[{"href":"https:\/\/radatilly.gob.ar\/anp-punta-marques\/wp-json\/wp\/v2\/media?parent=125"}],"curies":[{"name":"wp","href":"https:\/\/api.w.org\/{rel}","templated":true}]}}