{"id":119,"date":"2020-07-27T08:46:25","date_gmt":"2020-07-27T11:46:25","guid":{"rendered":"https:\/\/wprt.radatilly.gob.ar\/anp-punta-marques\/?page_id=119"},"modified":"2020-11-05T12:03:18","modified_gmt":"2020-11-05T15:03:18","slug":"quienes-somos","status":"publish","type":"page","link":"https:\/\/radatilly.gob.ar\/anp-punta-marques\/quienes-somos\/","title":{"rendered":"QUIENES SOMOS?"},"content":{"rendered":"\t\t<div data-elementor-type=\"wp-page\" data-elementor-id=\"119\" class=\"elementor elementor-119\" data-elementor-settings=\"{&quot;ha_cmc_init_switcher&quot;:&quot;no&quot;}\" data-elementor-post-type=\"page\">\n\t\t\t\t\t\t<section class=\"elementor-section elementor-top-section elementor-element elementor-element-21116210 elementor-section-content-middle elementor-section-boxed elementor-section-height-default elementor-section-height-default wpr-particle-no wpr-jarallax-no wpr-parallax-no wpr-sticky-section-no\" data-id=\"21116210\" data-element_type=\"section\" data-e-type=\"section\" data-settings=\"{&quot;background_background&quot;:&quot;classic&quot;,&quot;_ha_eqh_enable&quot;:false}\">\n\t\t\t\t\t\t<div class=\"elementor-container elementor-column-gap-default\">\n\t\t\t\t\t<div class=\"elementor-column elementor-col-100 elementor-top-column elementor-element elementor-element-3ac6a34f\" data-id=\"3ac6a34f\" data-element_type=\"column\" data-e-type=\"column\">\n\t\t\t<div class=\"elementor-widget-wrap elementor-element-populated\">\n\t\t\t\t\t\t<div class=\"elementor-element elementor-element-eff3539 elementor-widget elementor-widget-heading\" data-id=\"eff3539\" data-element_type=\"widget\" data-e-type=\"widget\" data-widget_type=\"heading.default\">\n\t\t\t\t<div class=\"elementor-widget-container\">\n\t\t\t\t\t<h1 class=\"elementor-heading-title elementor-size-default\">QUIENES SOMOS<\/h1>\t\t\t\t<\/div>\n\t\t\t\t<\/div>\n\t\t\t\t\t<\/div>\n\t\t<\/div>\n\t\t\t\t\t<\/div>\n\t\t<\/section>\n\t\t\t\t<section class=\"elementor-section elementor-top-section elementor-element elementor-element-2dbe43b elementor-section-boxed elementor-section-height-default elementor-section-height-default wpr-particle-no wpr-jarallax-no wpr-parallax-no wpr-sticky-section-no\" data-id=\"2dbe43b\" data-element_type=\"section\" data-e-type=\"section\" data-settings=\"{&quot;_ha_eqh_enable&quot;:false}\">\n\t\t\t\t\t\t<div class=\"elementor-container elementor-column-gap-default\">\n\t\t\t\t\t<div class=\"elementor-column elementor-col-100 elementor-top-column elementor-element elementor-element-51a65dc1\" data-id=\"51a65dc1\" data-element_type=\"column\" data-e-type=\"column\">\n\t\t\t<div class=\"elementor-widget-wrap elementor-element-populated\">\n\t\t\t\t\t\t<div class=\"elementor-element elementor-element-15b696d6 elementor-widget elementor-widget-heading\" data-id=\"15b696d6\" data-element_type=\"widget\" data-e-type=\"widget\" data-widget_type=\"heading.default\">\n\t\t\t\t<div class=\"elementor-widget-container\">\n\t\t\t\t\t<h3 class=\"elementor-heading-title elementor-size-default\">\u00c1REA NATURAL PROTEGIDA<\/h3>\t\t\t\t<\/div>\n\t\t\t\t<\/div>\n\t\t\t\t<div class=\"elementor-element elementor-element-2da67be elementor-widget elementor-widget-heading\" data-id=\"2da67be\" data-element_type=\"widget\" data-e-type=\"widget\" data-widget_type=\"heading.default\">\n\t\t\t\t<div class=\"elementor-widget-container\">\n\t\t\t\t\t<h3 class=\"elementor-heading-title elementor-size-default\">Punta Marqu\u00e9s<\/h3>\t\t\t\t<\/div>\n\t\t\t\t<\/div>\n\t\t\t\t<section class=\"elementor-section elementor-inner-section elementor-element elementor-element-3824d366 elementor-section-boxed elementor-section-height-default elementor-section-height-default wpr-particle-no wpr-jarallax-no wpr-parallax-no wpr-sticky-section-no\" data-id=\"3824d366\" data-element_type=\"section\" data-e-type=\"section\" data-settings=\"{&quot;_ha_eqh_enable&quot;:false}\">\n\t\t\t\t\t\t<div class=\"elementor-container elementor-column-gap-default\">\n\t\t\t\t\t<div class=\"elementor-column elementor-col-50 elementor-inner-column elementor-element elementor-element-681c6581\" data-id=\"681c6581\" data-element_type=\"column\" data-e-type=\"column\">\n\t\t\t<div class=\"elementor-widget-wrap elementor-element-populated\">\n\t\t\t\t\t\t<div class=\"elementor-element elementor-element-5b57ddda elementor-widget elementor-widget-text-editor\" data-id=\"5b57ddda\" data-element_type=\"widget\" data-e-type=\"widget\" data-widget_type=\"text-editor.default\">\n\t\t\t\t<div class=\"elementor-widget-container\">\n\t\t\t\t\t\t\t\t\t<p>Gestionada por el municipio de Rada Tilly, el ANP Punta Marqu\u00e9s se crea con la finalidad de proteger los recursos faun\u00edsticos y esc\u00e9nicos en cercan\u00edas de dicha localidad, estableci\u00e9ndose por Ordenanza Municipal (609\/84) en el a\u00f1o 1984 el inter\u00e9s de proteger el apostadero de lobos marinos de un pelo (<em>Otaria flavescens<\/em>) ubicado al pie del acantilado y su interacci\u00f3n con las personas.<\/p><p>Ya en el a\u00f1o 1985 se crea por Ley Provincial (2580) la Reserva Natural Tur\u00edstica Punta Marqu\u00e9s, incorpor\u00e1ndose al Sistema Provincial de \u00c1reas Protegidas de Chubut, m\u00e1s austral de la provincia con un \u00e1rea de protecci\u00f3n costera delimitada por 500m a la redonda del apostadero de lobos marinos.<\/p><p>En la actualidad, seg\u00fan los criterios de clasificaci\u00f3n suministrada por la UICN (Uni\u00f3n Mundial para la Conservaci\u00f3n de la Naturaleza) se defini\u00f3 al ANP Punta Marqu\u00e9s como Categor\u00eda V: Paisaje Terrestre y Marino Protegido (\u00e1rea protegida manejada principalmente para la conservaci\u00f3n de paisajes terrestres y marinos, con fines recreativos); y su principal objetivo es: \u201cconservar los atributos y cualidades naturales y culturales a largo plazo y, los procesos evolutivos y ecol\u00f3gicos establecidos\u201d.<\/p>\t\t\t\t\t\t\t\t<\/div>\n\t\t\t\t<\/div>\n\t\t\t\t\t<\/div>\n\t\t<\/div>\n\t\t\t\t<div class=\"elementor-column elementor-col-50 elementor-inner-column elementor-element elementor-element-4ebc1f1f\" data-id=\"4ebc1f1f\" data-element_type=\"column\" data-e-type=\"column\">\n\t\t\t<div class=\"elementor-widget-wrap elementor-element-populated\">\n\t\t\t\t\t\t<div class=\"elementor-element elementor-element-7c9f060 elementor-widget elementor-widget-text-editor\" data-id=\"7c9f060\" data-element_type=\"widget\" data-e-type=\"widget\" data-widget_type=\"text-editor.default\">\n\t\t\t\t<div class=\"elementor-widget-container\">\n\t\t\t\t\t\t\t\t\t<p><em>Managed by Rada Tilly City Hall , the NPA Punta Marqu\u00e9s was created with the aim of protecting wildlife and scenic resources in the area.&nbsp; In 1984, the City Hall , by law, ( 609\/ 84 )&nbsp; established&nbsp; the interest of protecting the apostadero of&nbsp; one-haired sea lions&nbsp; (Otaria flavescens) located at the foot of the cliff and their interaction with people.<\/em><\/p>\n<p><em>In 1985, the Punta Marqu\u00e9s Tourist Nature Reserve was created by Provincial Law (2580), joining the Provincial System of Protected Areas of Chubut. It is the most&nbsp;&nbsp;&nbsp; southern of the province with a coastal protection in an area of&nbsp; 500 m along the h\u00e1bitat of the sea wolves.<\/em><\/p><em>\n<\/em><p><em><\/em><em>Currently, according to the classification criteria provided by the IUCN (World Union for the Conservation of Nature), the ANP Punta Marqu\u00e9s was defined as Category V: Protected Terrestrial and Marine Landscape (protected area&nbsp; mainly for the conservation of terrestrial and marine landscapes , for recreational purposes)Its main objective is: &#8220;to preserve the&nbsp; natural and cultural qualities&nbsp; and to establish evolutionary and ecological processes.&#8221;<\/em><\/p>\t\t\t\t\t\t\t\t<\/div>\n\t\t\t\t<\/div>\n\t\t\t\t\t<\/div>\n\t\t<\/div>\n\t\t\t\t\t<\/div>\n\t\t<\/section>\n\t\t\t\t\t<\/div>\n\t\t<\/div>\n\t\t\t\t\t<\/div>\n\t\t<\/section>\n\t\t\t\t<\/div>\n\t\t","protected":false},"excerpt":{"rendered":"<p>QUIENES SOMOS \u00c1REA NATURAL PROTEGIDA Punta Marqu\u00e9s Gestionada por el municipio de Rada Tilly, el ANP Punta Marqu\u00e9s se crea con la finalidad de proteger los recursos faun\u00edsticos y esc\u00e9nicos en cercan\u00edas de dicha localidad, estableci\u00e9ndose por Ordenanza Municipal (609\/84) en el a\u00f1o 1984 el inter\u00e9s de proteger el apostadero de lobos marinos de un pelo (Otaria flavescens) ubicado al pie del acantilado y su interacci\u00f3n con las personas. Ya en el a\u00f1o 1985 se crea por Ley Provincial (2580) la Reserva Natural Tur\u00edstica Punta Marqu\u00e9s, incorpor\u00e1ndose al Sistema Provincial de \u00c1reas Protegidas de Chubut, m\u00e1s austral de la provincia con un \u00e1rea de protecci\u00f3n costera delimitada por 500m a la redonda del apostadero de lobos marinos. En la actualidad, seg\u00fan los criterios de clasificaci\u00f3n suministrada por la UICN (Uni\u00f3n Mundial para la Conservaci\u00f3n de la Naturaleza) se defini\u00f3 al ANP Punta Marqu\u00e9s como Categor\u00eda V: Paisaje Terrestre y Marino Protegido (\u00e1rea protegida manejada principalmente para la conservaci\u00f3n de paisajes terrestres y marinos, con fines recreativos); y su principal objetivo es: \u201cconservar los atributos y cualidades naturales y culturales a largo plazo y, los procesos evolutivos y ecol\u00f3gicos establecidos\u201d. Managed by Rada Tilly City Hall , the NPA Punta Marqu\u00e9s was created with the aim of protecting wildlife and scenic resources in the area.&nbsp; In 1984, the City Hall , by law, ( 609\/ 84 )&nbsp; established&nbsp; the interest of protecting the apostadero of&nbsp; one-haired sea lions&nbsp; (Otaria flavescens) located at the foot of the cliff and their interaction with people. In 1985, the Punta Marqu\u00e9s Tourist Nature Reserve was created by Provincial Law (2580), joining the Provincial System of Protected Areas of Chubut. It is the most&nbsp;&nbsp;&nbsp; southern of the province with a coastal protection in an area of&nbsp; 500 m along the h\u00e1bitat of the sea wolves. Currently, according to the classification criteria provided by the IUCN (World Union for the Conservation of Nature), the ANP Punta Marqu\u00e9s was defined as Category V: Protected Terrestrial and Marine Landscape (protected area&nbsp; mainly for the conservation of terrestrial and marine landscapes , for recreational purposes)Its main objective is: &#8220;to preserve the&nbsp; natural and cultural qualities&nbsp; and to establish evolutionary and ecological processes.&#8221;<\/p>\n","protected":false},"author":1,"featured_media":0,"parent":0,"menu_order":0,"comment_status":"closed","ping_status":"closed","template":"elementor_header_footer","meta":{"footnotes":""},"class_list":["post-119","page","type-page","status-publish","hentry"],"_links":{"self":[{"href":"https:\/\/radatilly.gob.ar\/anp-punta-marques\/wp-json\/wp\/v2\/pages\/119","targetHints":{"allow":["GET"]}}],"collection":[{"href":"https:\/\/radatilly.gob.ar\/anp-punta-marques\/wp-json\/wp\/v2\/pages"}],"about":[{"href":"https:\/\/radatilly.gob.ar\/anp-punta-marques\/wp-json\/wp\/v2\/types\/page"}],"author":[{"embeddable":true,"href":"https:\/\/radatilly.gob.ar\/anp-punta-marques\/wp-json\/wp\/v2\/users\/1"}],"replies":[{"embeddable":true,"href":"https:\/\/radatilly.gob.ar\/anp-punta-marques\/wp-json\/wp\/v2\/comments?post=119"}],"version-history":[{"count":5,"href":"https:\/\/radatilly.gob.ar\/anp-punta-marques\/wp-json\/wp\/v2\/pages\/119\/revisions"}],"predecessor-version":[{"id":1256,"href":"https:\/\/radatilly.gob.ar\/anp-punta-marques\/wp-json\/wp\/v2\/pages\/119\/revisions\/1256"}],"wp:attachment":[{"href":"https:\/\/radatilly.gob.ar\/anp-punta-marques\/wp-json\/wp\/v2\/media?parent=119"}],"curies":[{"name":"wp","href":"https:\/\/api.w.org\/{rel}","templated":true}]}}